{"id":7,"date":"2015-07-03T21:53:57","date_gmt":"2015-07-03T21:53:57","guid":{"rendered":"http:\/\/blocs.xarxanet.org\/titellada\/?page_id=7"},"modified":"2021-05-09T20:54:31","modified_gmt":"2021-05-09T20:54:31","slug":"qui-som","status":"publish","type":"page","link":"https:\/\/blocs.xarxanet.org\/titellada\/qui-som\/","title":{"rendered":"Qui som?"},"content":{"rendered":"<h3 style=\"text-align: justify\">&#8220;El titella com a eina de transformaci\u00f3 social&#8221;.<\/h3>\n<p><strong><span style=\"text-decoration: underline\"><span style=\"color: #0000ff\"><a href=\"http:\/\/www.titellada.cat\/Projecte-Titelles-2020-2025.pdf\" target=\"_blank\" rel=\"noopener\"><span style=\"color: #0000ff;text-decoration: underline\">Clica aqu\u00ed per descarregar el projecte de l&#8217;entitat<\/span><\/a><\/span><\/span><\/strong><\/p>\n<p style=\"text-align: justify\">Som una associaci\u00f3 que neix l\u2019any 2006 amb la intenci\u00f3 de fomentar la conviv\u00e8ncia i el civisme al barri de Roquetes de Barcelona a partir de la promoci\u00f3 de la cultura popular i tradicional i fent del titella un veritable eix per a la cohesi\u00f3 social.<\/p>\n<p style=\"text-align: justify\">La nostra associaci\u00f3 est\u00e0 formada per 76 socis. Som gent diversa que creu possible un projecte cultural i popular al barri que engresqui el ve\u00efnat. \u00c9s per aix\u00f2 que elaborem un projecte anual anomenat \u201cUn titella per a Roquetes\u201d i que utilitza els titelles com a motor de transmissi\u00f3 cultural i com a vincle entre les diferents cultures i minories que conviuen a Roquetes per tal d&#8217;afavorir la participaci\u00f3 en la construcci\u00f3 social i cultural del barri, incloent valors c\u00edvics i comunitaris.<\/p>\n<p style=\"text-align: justify\">Des del novembre de 2011 formem part de la Plataforma d&#8217;Entitats de Roquetes i el mateix desembre, la Xarxa 9 Barris Acull, en el 2n Certamen per la Conviv\u00e8ncia, ens va recon\u00e8ixer la tasca desenvolupada pel nostre projecte en l&#8217;\u00e0mbit de la promoci\u00f3 de la conviv\u00e8ncia i la cohesi\u00f3 social. El 2012 vam fer un pas m\u00e9s i \u00a0vam signar un conveni amb la \u00a0Fundaci\u00f3 La Roda per participar al programa La Roda als Barris i, a\u00a0m\u00e9s, ens vam associar a UNIMA Catalunya, la federaci\u00f3 catalana de la Uni\u00f3 Internacional de la Marioneta.<\/p>\n<h6 style=\"text-align: justify\"><strong>OBJECTIUS ESPEC\u00cdFICS<\/strong><\/h6>\n<ul>\n<li>\n<div style=\"text-align: justify\">Generar un projecte que permeti ampliar els espais d\u2019educaci\u00f3 i d\u2019intervenci\u00f3 social afavorint la creaci\u00f3 d\u2019una xarxa de persones que enforteixin el seu temps lliure actiu fent cultura amb els titelles.<\/div>\n<\/li>\n<li>\n<div style=\"text-align: justify\">Fomentar l\u2019\u00fas dels espais urbans del barri (places i carrers de Roquetes) per tal de treballar la cohesi\u00f3 social, posant en un mateix escenari realitats socials i culturals representatives de la poblaci\u00f3 de Roquetes.<\/div>\n<\/li>\n<li>\n<div style=\"text-align: justify\">Promoure diferents activitats (tallers, espectacles, xerrades, exposicions&#8230;) amb finalitats educatives per donar a con\u00e8ixer les possibilitats del teatre de titelles.<\/div>\n<\/li>\n<li>\n<div style=\"text-align: justify\">Fomentar un calendari com\u00fa entre els equipaments del barri per promocionar aquest art.<\/div>\n<\/li>\n<li>\n<div style=\"text-align: justify\">Oferir un punt de trobada -el Centre Ton i Guida- per tota persona que vulgui formar-se, produir o generar activitat entorn el m\u00f3n dels titelles.<\/div>\n<\/li>\n<li>\n<div style=\"text-align: justify\">Visitar els festivals d\u2019arreu de Catalunya per tal de formar persones que estiguin al capdavant del projecte.<\/div>\n<\/li>\n<li>\n<div style=\"text-align: justify\">Incidir en la remodelaci\u00f3 art\u00edstica de la Pla\u00e7a dels Titellaires per tal de que es converteixi en un espai dinamitzador del nostre projecte.<\/div>\n<\/li>\n<li>\n<div style=\"text-align: justify\">Fer passes per aconseguir una seu estable de la nostra Associaci\u00f3 que permeti oferir serveis relacionats amb els titelles al ve\u00efnat de Roquetes.<\/div>\n<\/li>\n<li>\n<div style=\"text-align: justify\">Fer que el barri de Roquetes sigui un referent ciutad\u00e0 en l\u2019art dels titelles.<\/div>\n<\/li>\n<\/ul>\n<p style=\"text-align: justify\"><a href=\"http:\/\/blocs.xarxanet.org\/titellada\/files\/2015\/07\/LOGO-Horitzontal-COLOR.jpg\"><img loading=\"lazy\" decoding=\"async\" class=\"alignnone size-medium wp-image-8\" src=\"http:\/\/blocs.xarxanet.org\/titellada\/files\/2015\/07\/LOGO-Horitzontal-COLOR-300x181.jpg\" alt=\"LOGO-Horitzontal COLOR\" width=\"300\" height=\"181\" srcset=\"https:\/\/blocs.xarxanet.org\/titellada\/files\/2015\/07\/LOGO-Horitzontal-COLOR-300x181.jpg 300w, https:\/\/blocs.xarxanet.org\/titellada\/files\/2015\/07\/LOGO-Horitzontal-COLOR-1024x620.jpg 1024w, https:\/\/blocs.xarxanet.org\/titellada\/files\/2015\/07\/LOGO-Horitzontal-COLOR.jpg 1516w\" sizes=\"auto, (max-width: 300px) 100vw, 300px\" \/><\/a><\/p>\n","protected":false},"excerpt":{"rendered":"<p>&#8220;El titella com a eina de transformaci\u00f3 social&#8221;. Clica aqu\u00ed per descarregar el projecte de l&#8217;entitat Som una associaci\u00f3 que neix l\u2019any 2006 amb la intenci\u00f3 de fomentar la conviv\u00e8ncia i el civisme al barri de Roquetes de Barcelona a partir de la promoci\u00f3 de la cultura popular i tradicional i fent del titella un&#8230; <a class=\"read-article\" href=\"https:\/\/blocs.xarxanet.org\/titellada\/qui-som\/\">Read Article &#8594;<\/a><\/p>\n","protected":false},"author":410,"featured_media":0,"parent":0,"menu_order":1,"comment_status":"closed","ping_status":"closed","template":"","meta":{"footnotes":""},"class_list":["post-7","page","type-page","status-publish","hentry"],"_links":{"self":[{"href":"https:\/\/blocs.xarxanet.org\/titellada\/wp-json\/wp\/v2\/pages\/7","targetHints":{"allow":["GET"]}}],"collection":[{"href":"https:\/\/blocs.xarxanet.org\/titellada\/wp-json\/wp\/v2\/pages"}],"about":[{"href":"https:\/\/blocs.xarxanet.org\/titellada\/wp-json\/wp\/v2\/types\/page"}],"author":[{"embeddable":true,"href":"https:\/\/blocs.xarxanet.org\/titellada\/wp-json\/wp\/v2\/users\/410"}],"replies":[{"embeddable":true,"href":"https:\/\/blocs.xarxanet.org\/titellada\/wp-json\/wp\/v2\/comments?post=7"}],"version-history":[{"count":8,"href":"https:\/\/blocs.xarxanet.org\/titellada\/wp-json\/wp\/v2\/pages\/7\/revisions"}],"predecessor-version":[{"id":336,"href":"https:\/\/blocs.xarxanet.org\/titellada\/wp-json\/wp\/v2\/pages\/7\/revisions\/336"}],"wp:attachment":[{"href":"https:\/\/blocs.xarxanet.org\/titellada\/wp-json\/wp\/v2\/media?parent=7"}],"curies":[{"name":"wp","href":"https:\/\/api.w.org\/{rel}","templated":true}]}}