{"id":66,"date":"2015-07-14T15:18:22","date_gmt":"2015-07-14T15:18:22","guid":{"rendered":"http:\/\/blocs.xarxanet.org\/titellada\/?page_id=66"},"modified":"2022-09-27T12:36:54","modified_gmt":"2022-09-27T12:36:54","slug":"benvinguda","status":"publish","type":"page","link":"https:\/\/blocs.xarxanet.org\/titellada\/","title":{"rendered":"Benvinguda"},"content":{"rendered":"<p>Benvinguts a la p\u00e0gina web de l&#8217;Associaci\u00f3 Titellaire de Roquetes!<\/p>\n<p>Trobareu que encara hi ha apartats en construcci\u00f3, estaran disponibles properament. Mentrestant, podreu consultar-ne alguns i descarregar-vos el projecte de l&#8217;entitat.<\/p>\n<p><strong> DESCARREGA EL PROJECTE \u2013&gt;\u00a0<a href=\"http:\/\/www.titellada.cat\/Projecte-Titelles-2020-2025.pdf\" target=\"_blank\" rel=\"noopener\"><span style=\"color: #0000ff\">AQU\u00cd<\/span><\/a><\/strong><\/p>\n<p><a href=\"https:\/\/blocs.xarxanet.org\/titellada\/la-titellada\/\"><img loading=\"lazy\" decoding=\"async\" class=\"alignleft wp-image-345 size-full\" src=\"http:\/\/blocs.xarxanet.org\/titellada\/files\/2022\/09\/Cartell-La-Titellada-2022.jpg\" alt=\"\" width=\"2480\" height=\"3508\" srcset=\"https:\/\/blocs.xarxanet.org\/titellada\/files\/2022\/09\/Cartell-La-Titellada-2022.jpg 2480w, https:\/\/blocs.xarxanet.org\/titellada\/files\/2022\/09\/Cartell-La-Titellada-2022-212x300.jpg 212w, https:\/\/blocs.xarxanet.org\/titellada\/files\/2022\/09\/Cartell-La-Titellada-2022-768x1086.jpg 768w, https:\/\/blocs.xarxanet.org\/titellada\/files\/2022\/09\/Cartell-La-Titellada-2022-724x1024.jpg 724w\" sizes=\"auto, (max-width: 2480px) 100vw, 2480px\" \/><\/a><\/p>\n<p>&nbsp;<\/p>\n<p>&nbsp;<\/p>\n","protected":false},"excerpt":{"rendered":"<p>Benvinguts a la p\u00e0gina web de l&#8217;Associaci\u00f3 Titellaire de Roquetes! Trobareu que encara hi ha apartats en construcci\u00f3, estaran disponibles properament. Mentrestant, podreu consultar-ne alguns i descarregar-vos el projecte de l&#8217;entitat. DESCARREGA EL PROJECTE \u2013&gt;\u00a0AQU\u00cd &nbsp; &nbsp;<\/p>\n","protected":false},"author":410,"featured_media":0,"parent":0,"menu_order":0,"comment_status":"closed","ping_status":"closed","template":"","meta":{"footnotes":""},"class_list":["post-66","page","type-page","status-publish","hentry"],"_links":{"self":[{"href":"https:\/\/blocs.xarxanet.org\/titellada\/wp-json\/wp\/v2\/pages\/66","targetHints":{"allow":["GET"]}}],"collection":[{"href":"https:\/\/blocs.xarxanet.org\/titellada\/wp-json\/wp\/v2\/pages"}],"about":[{"href":"https:\/\/blocs.xarxanet.org\/titellada\/wp-json\/wp\/v2\/types\/page"}],"author":[{"embeddable":true,"href":"https:\/\/blocs.xarxanet.org\/titellada\/wp-json\/wp\/v2\/users\/410"}],"replies":[{"embeddable":true,"href":"https:\/\/blocs.xarxanet.org\/titellada\/wp-json\/wp\/v2\/comments?post=66"}],"version-history":[{"count":49,"href":"https:\/\/blocs.xarxanet.org\/titellada\/wp-json\/wp\/v2\/pages\/66\/revisions"}],"predecessor-version":[{"id":346,"href":"https:\/\/blocs.xarxanet.org\/titellada\/wp-json\/wp\/v2\/pages\/66\/revisions\/346"}],"wp:attachment":[{"href":"https:\/\/blocs.xarxanet.org\/titellada\/wp-json\/wp\/v2\/media?parent=66"}],"curies":[{"name":"wp","href":"https:\/\/api.w.org\/{rel}","templated":true}]}}