{"id":28,"date":"2015-07-07T15:48:58","date_gmt":"2015-07-07T15:48:58","guid":{"rendered":"http:\/\/blocs.xarxanet.org\/titellada\/?page_id=28"},"modified":"2015-09-20T20:48:21","modified_gmt":"2015-09-20T20:48:21","slug":"el-titellaire-butlleti","status":"publish","type":"page","link":"https:\/\/blocs.xarxanet.org\/titellada\/el-titellaire-butlleti\/","title":{"rendered":"El Titellaire &#8211; Butllet\u00ed"},"content":{"rendered":"<p style=\"text-align: justify\">&#8220;El Titellaire&#8221; \u00e9s el nostre <em>newsletter<\/em>, el nostre medi de comunicaci\u00f3 i, a la vegada, un servei que oferim als nostres socis i amics. Mensualment editem, en format digital, aquest butllet\u00ed que actua alhora d&#8217;agenda que\u00a0pret\u00e9n recopilar els espectacles de titelles que es fan a la ciutat de Barcelona i fer d\u2019altaveu dels festivals de titelles m\u00e9s importants de la pen\u00ednsula.<\/p>\n<p style=\"text-align: justify\">A continuaci\u00f3 podeu descarregar-vos l&#8217;\u00faltim exemplar d'&#8221;El Titellaire&#8221;!<\/p>\n<h6 style=\"text-align: justify\"><span style=\"color: #0000ff;text-decoration: underline\"><a href=\"http:\/\/blocs.xarxanet.org\/titellada\/files\/2015\/07\/73-Setembre-2015.pdf\" target=\"_blank\"><span style=\"color: #0000ff\">El Titellaire 73 &#8211; Setembre 2015<\/span><\/a><\/span><\/h6>\n<h6 style=\"text-align: justify\"><a href=\"http:\/\/blocs.xarxanet.org\/titellada\/files\/2015\/07\/Captura.jpg\"><img loading=\"lazy\" decoding=\"async\" class=\"aligncenter size-medium wp-image-130\" alt=\"Captura\" src=\"http:\/\/blocs.xarxanet.org\/titellada\/files\/2015\/07\/Captura-300x58.jpg\" width=\"300\" height=\"58\" srcset=\"https:\/\/blocs.xarxanet.org\/titellada\/files\/2015\/07\/Captura-300x58.jpg 300w, https:\/\/blocs.xarxanet.org\/titellada\/files\/2015\/07\/Captura-1024x198.jpg 1024w, https:\/\/blocs.xarxanet.org\/titellada\/files\/2015\/07\/Captura.jpg 1246w\" sizes=\"auto, (max-width: 300px) 100vw, 300px\" \/><\/a><\/h6>\n","protected":false},"excerpt":{"rendered":"<p>&#8220;El Titellaire&#8221; \u00e9s el nostre newsletter, el nostre medi de comunicaci\u00f3 i, a la vegada, un servei que oferim als nostres socis i amics. Mensualment editem, en format digital, aquest butllet\u00ed que actua alhora d&#8217;agenda que\u00a0pret\u00e9n recopilar els espectacles de titelles que es fan a la ciutat de Barcelona i fer d\u2019altaveu dels festivals de&#8230; <a class=\"read-article\" href=\"https:\/\/blocs.xarxanet.org\/titellada\/el-titellaire-butlleti\/\">Read Article &#8594;<\/a><\/p>\n","protected":false},"author":410,"featured_media":0,"parent":0,"menu_order":7,"comment_status":"closed","ping_status":"closed","template":"","meta":{"footnotes":""},"class_list":["post-28","page","type-page","status-publish","hentry"],"_links":{"self":[{"href":"https:\/\/blocs.xarxanet.org\/titellada\/wp-json\/wp\/v2\/pages\/28","targetHints":{"allow":["GET"]}}],"collection":[{"href":"https:\/\/blocs.xarxanet.org\/titellada\/wp-json\/wp\/v2\/pages"}],"about":[{"href":"https:\/\/blocs.xarxanet.org\/titellada\/wp-json\/wp\/v2\/types\/page"}],"author":[{"embeddable":true,"href":"https:\/\/blocs.xarxanet.org\/titellada\/wp-json\/wp\/v2\/users\/410"}],"replies":[{"embeddable":true,"href":"https:\/\/blocs.xarxanet.org\/titellada\/wp-json\/wp\/v2\/comments?post=28"}],"version-history":[{"count":4,"href":"https:\/\/blocs.xarxanet.org\/titellada\/wp-json\/wp\/v2\/pages\/28\/revisions"}],"predecessor-version":[{"id":128,"href":"https:\/\/blocs.xarxanet.org\/titellada\/wp-json\/wp\/v2\/pages\/28\/revisions\/128"}],"wp:attachment":[{"href":"https:\/\/blocs.xarxanet.org\/titellada\/wp-json\/wp\/v2\/media?parent=28"}],"curies":[{"name":"wp","href":"https:\/\/api.w.org\/{rel}","templated":true}]}}