{"id":26,"date":"2015-07-07T15:48:28","date_gmt":"2015-07-07T15:48:28","guid":{"rendered":"http:\/\/blocs.xarxanet.org\/titellada\/?page_id=26"},"modified":"2015-09-20T20:27:15","modified_gmt":"2015-09-20T20:27:15","slug":"tallers","status":"publish","type":"page","link":"https:\/\/blocs.xarxanet.org\/titellada\/tallers\/","title":{"rendered":"Tallers"},"content":{"rendered":"<p style=\"text-align: justify\">La nostra associaci\u00f3 organitza tallers de construcci\u00f3 de titelles a diferents espais.<\/p>\n<p style=\"text-align: justify\">Uns tallers serveixen de pretext per fer difusi\u00f3 de l\u2019entitat a fires i festes. S\u00f3n el reclam\u00a0 per a que la gent s\u2019acosti i ens conegui. Aquests tallers es fan a la Tamborinada, a les Festes de la Merc\u00e8, al Dia de la Pinya de Roquetes, a la Festa de la Primavera i a la Festa Major de Roquetes, a La Cultura va de Festa&#8230; i consisteixen en la construcci\u00f3 d&#8217;un titella amb un temps que no supera l&#8217;hora.<\/p>\n<p style=\"text-align: justify\">Altres tallers tenen un caliu m\u00e9s formatiu i volen encetar un treball de difusi\u00f3 de la tradici\u00f3 titellaire. Aquests es fan a les escoles bressol i de prim\u00e0ria de Roquetes, a l\u2019Institut Guineueta, a la Ludoteca Roquetes i al Centre Ton i Guida. Darrere d\u2019aquests tallers hi ha un projecte l\u00fadic i cultural que ens fa avan\u00e7ar en les nostres propostes.<\/p>\n<p style=\"text-align: justify\"><a href=\"http:\/\/blocs.xarxanet.org\/titellada\/files\/2015\/07\/IMG-20140601-WA0028.jpg\"><img loading=\"lazy\" decoding=\"async\" class=\"aligncenter size-medium wp-image-118\" alt=\"IMG-20140601-WA0028\" src=\"http:\/\/blocs.xarxanet.org\/titellada\/files\/2015\/07\/IMG-20140601-WA0028-300x225.jpg\" width=\"300\" height=\"225\" srcset=\"https:\/\/blocs.xarxanet.org\/titellada\/files\/2015\/07\/IMG-20140601-WA0028-300x225.jpg 300w, https:\/\/blocs.xarxanet.org\/titellada\/files\/2015\/07\/IMG-20140601-WA0028.jpg 799w\" sizes=\"auto, (max-width: 300px) 100vw, 300px\" \/><\/a><\/p>\n<p style=\"text-align: justify\">\n","protected":false},"excerpt":{"rendered":"<p>La nostra associaci\u00f3 organitza tallers de construcci\u00f3 de titelles a diferents espais. Uns tallers serveixen de pretext per fer difusi\u00f3 de l\u2019entitat a fires i festes. S\u00f3n el reclam\u00a0 per a que la gent s\u2019acosti i ens conegui. Aquests tallers es fan a la Tamborinada, a les Festes de la Merc\u00e8, al Dia de la&#8230; <a class=\"read-article\" href=\"https:\/\/blocs.xarxanet.org\/titellada\/tallers\/\">Read Article &#8594;<\/a><\/p>\n","protected":false},"author":410,"featured_media":0,"parent":0,"menu_order":5,"comment_status":"closed","ping_status":"closed","template":"","meta":{"footnotes":""},"class_list":["post-26","page","type-page","status-publish","hentry"],"_links":{"self":[{"href":"https:\/\/blocs.xarxanet.org\/titellada\/wp-json\/wp\/v2\/pages\/26","targetHints":{"allow":["GET"]}}],"collection":[{"href":"https:\/\/blocs.xarxanet.org\/titellada\/wp-json\/wp\/v2\/pages"}],"about":[{"href":"https:\/\/blocs.xarxanet.org\/titellada\/wp-json\/wp\/v2\/types\/page"}],"author":[{"embeddable":true,"href":"https:\/\/blocs.xarxanet.org\/titellada\/wp-json\/wp\/v2\/users\/410"}],"replies":[{"embeddable":true,"href":"https:\/\/blocs.xarxanet.org\/titellada\/wp-json\/wp\/v2\/comments?post=26"}],"version-history":[{"count":5,"href":"https:\/\/blocs.xarxanet.org\/titellada\/wp-json\/wp\/v2\/pages\/26\/revisions"}],"predecessor-version":[{"id":120,"href":"https:\/\/blocs.xarxanet.org\/titellada\/wp-json\/wp\/v2\/pages\/26\/revisions\/120"}],"wp:attachment":[{"href":"https:\/\/blocs.xarxanet.org\/titellada\/wp-json\/wp\/v2\/media?parent=26"}],"curies":[{"name":"wp","href":"https:\/\/api.w.org\/{rel}","templated":true}]}}