{"id":21,"date":"2015-07-07T15:41:57","date_gmt":"2015-07-07T15:41:57","guid":{"rendered":"http:\/\/blocs.xarxanet.org\/titellada\/?page_id=21"},"modified":"2018-03-20T15:14:44","modified_gmt":"2018-03-20T15:14:44","slug":"rombic","status":"publish","type":"page","link":"https:\/\/blocs.xarxanet.org\/titellada\/rombic\/","title":{"rendered":"R\u00f2mbic"},"content":{"rendered":"<p align=\"center\"><a href=\"http:\/\/blocs.xarxanet.org\/titellada\/files\/2015\/07\/Logo-R\u00f2mbic.jpg\"><img loading=\"lazy\" decoding=\"async\" class=\"size-medium wp-image-224 aligncenter\" src=\"http:\/\/blocs.xarxanet.org\/titellada\/files\/2015\/07\/Logo-R\u00f2mbic-300x95.jpg\" alt=\"\" width=\"300\" height=\"95\" srcset=\"https:\/\/blocs.xarxanet.org\/titellada\/files\/2015\/07\/Logo-R\u00f2mbic-300x95.jpg 300w, https:\/\/blocs.xarxanet.org\/titellada\/files\/2015\/07\/Logo-R\u00f2mbic-768x244.jpg 768w, https:\/\/blocs.xarxanet.org\/titellada\/files\/2015\/07\/Logo-R\u00f2mbic-1024x326.jpg 1024w\" sizes=\"auto, (max-width: 300px) 100vw, 300px\" \/><\/a><span style=\"color: #222222\"><span style=\"font-family: Arial,serif\"><span style=\"font-size: large\"><i>4t Festival de Teatre de Titelles per a Adults de Barcelona<\/i><\/span><\/span><\/span><\/p>\n<p align=\"center\"><span style=\"color: #222222\"><span style=\"font-family: Arial,serif\">Org. Ateneu Popular 9 Barris i Associaci\u00f3 Titellaire de Roquetes<\/span><\/span><\/p>\n<p align=\"justify\"><span style=\"font-family: Times New Roman,serif\"><span style=\"font-size: medium\"><span style=\"color: #222222\"><span style=\"font-family: Arial,serif\">El <\/span><\/span><span style=\"color: #222222\"><span style=\"font-family: Arial,serif\"><b>R\u00f2mbic <\/b><\/span><\/span><span style=\"color: #222222\"><span style=\"font-family: Arial,serif\">\u00e9s el <\/span><\/span><span style=\"color: #222222\"><span style=\"font-family: Arial,serif\"><i>Festival de Teatre de Titelles per a Adults de Barcelona<\/i><\/span><\/span><span style=\"color: #222222\"><span style=\"font-family: Arial,serif\">, una petita mostra d\u2019aquest g\u00e8nere tan poc conegut i que aspira a situar-se entre les millors propostes culturals del pa\u00eds en titelles per a adults. Una reivindicaci\u00f3 cultural pensada, creada i escenificada des del mateix centre de la perif\u00e8ria barcelonina. <\/span><\/span><\/span><\/span><\/p>\n<p align=\"justify\"><span style=\"font-family: Times New Roman,serif\"><span style=\"font-size: medium\"><span style=\"color: #222222\"><span style=\"font-family: Arial,serif\">El teatre de titelles \u00e9s un fet cultural, popular i tradicional que s&#8217;associa generalment a una activitat\u00a0familiar. Les companyies produeixen, normalment, espectacles infantils i deixen motes vegades els espectacles per a la poblaci\u00f3 adulta com una activitat secund\u00e0ria per manca de programacions que apostin pel g\u00e8nere. Des de l&#8217;Associaci\u00f3 Titellaire de Roquetes i l&#8217;Ateneu Popular 9 Barris volem aprofundir amb el R\u00f2mbic en aquest treball que fan les companyies i establir un pol d&#8217;atracci\u00f3 a la ciutat de Barcelona per fer del teatre de titelles per a adults un referent cultural a casa nostra<\/span><\/span><span style=\"color: #000000\"><span style=\"font-family: Arial,serif\">.<\/span><\/span><\/span><\/span><\/p>\n<p><strong>Compra <span style=\"text-decoration: underline;color: #000080\"><a style=\"color: #000080;text-decoration: underline\" href=\"https:\/\/tiquets.ateneu9b.net\/\" target=\"_blank\">aqu\u00ed <\/a><\/span>les teves entrades.<\/strong><\/p>\n<p><a href=\"http:\/\/blocs.xarxanet.org\/titellada\/files\/2018\/03\/Cartell-R\u00f2mbic-2018.jpg\"><img loading=\"lazy\" decoding=\"async\" class=\"alignleft size-medium wp-image-228\" src=\"http:\/\/blocs.xarxanet.org\/titellada\/files\/2018\/03\/Cartell-R\u00f2mbic-2018-212x300.jpg\" alt=\"\" width=\"212\" height=\"300\" srcset=\"https:\/\/blocs.xarxanet.org\/titellada\/files\/2018\/03\/Cartell-R\u00f2mbic-2018-212x300.jpg 212w, https:\/\/blocs.xarxanet.org\/titellada\/files\/2018\/03\/Cartell-R\u00f2mbic-2018-768x1086.jpg 768w, https:\/\/blocs.xarxanet.org\/titellada\/files\/2018\/03\/Cartell-R\u00f2mbic-2018-724x1024.jpg 724w\" sizes=\"auto, (max-width: 212px) 100vw, 212px\" \/><\/a><a href=\"http:\/\/blocs.xarxanet.org\/titellada\/files\/2018\/03\/Programaci\u00f3-R\u00f2mbic-2018.jpg\"><img loading=\"lazy\" decoding=\"async\" class=\"alignleft size-medium wp-image-229\" src=\"http:\/\/blocs.xarxanet.org\/titellada\/files\/2018\/03\/Programaci\u00f3-R\u00f2mbic-2018-213x300.jpg\" alt=\"\" width=\"213\" height=\"300\" srcset=\"https:\/\/blocs.xarxanet.org\/titellada\/files\/2018\/03\/Programaci\u00f3-R\u00f2mbic-2018-213x300.jpg 213w, https:\/\/blocs.xarxanet.org\/titellada\/files\/2018\/03\/Programaci\u00f3-R\u00f2mbic-2018-768x1083.jpg 768w, https:\/\/blocs.xarxanet.org\/titellada\/files\/2018\/03\/Programaci\u00f3-R\u00f2mbic-2018-726x1024.jpg 726w, https:\/\/blocs.xarxanet.org\/titellada\/files\/2018\/03\/Programaci\u00f3-R\u00f2mbic-2018.jpg 1240w\" sizes=\"auto, (max-width: 213px) 100vw, 213px\" \/><\/a><\/p>\n<h6 style=\"text-align: center\"><\/h6>\n<h6 style=\"text-align: center\"><span style=\"color: #0000ff;text-decoration: underline\"><a href=\"http:\/\/blocs.xarxanet.org\/titellada\/files\/2018\/03\/Cartell-R%C3%B2mbic-2018.jpg\" target=\"_blank\"><span style=\"color: #0000ff;text-decoration: underline\"><span style=\"text-decoration: underline\">Descarrega el<\/span> <em>CARTELL<\/em> del R\u00f2mbic 2018.<\/span><\/a><\/span><\/h6>\n<h6 style=\"text-align: center\"><span style=\"color: #0000ff;text-decoration: underline\"><a href=\"http:\/\/blocs.xarxanet.org\/titellada\/files\/2018\/03\/Programaci%C3%B3-R%C3%B2mbic-2018.jpg\" target=\"_blank\"><span style=\"color: #0000ff\"><span style=\"text-decoration: underline\">Descarrega la<\/span> <em>PROGRAMACI\u00d3<\/em> del R\u00f2mbic 2018.<\/span><\/a><\/span><\/h6>\n<h6><\/h6>\n<h6><em>Gri-Gri<\/em>, Cia. Marionetes N\u00f2mades \u00a0 \u00a0\u00a0 ***ESTRENA***\u00a0\u00a0 \u00a0\u00a0 <a href=\"https:\/\/tiquets.ateneu9b.net\/index.php?event_id=261\" target=\"_blank\"><strong>Venda d&#8217;entrades<\/strong><\/a><\/h6>\n<p><a href=\"http:\/\/blocs.xarxanet.org\/titellada\/files\/2015\/07\/Gri-Gri-Marionetes-N\u00f2mades.jpg\"><img loading=\"lazy\" decoding=\"async\" class=\"alignleft size-full wp-image-218\" src=\"http:\/\/blocs.xarxanet.org\/titellada\/files\/2015\/07\/Gri-Gri-Marionetes-N\u00f2mades.jpg\" alt=\"\" width=\"275\" height=\"183\" \/><\/a> Surt el Sol en un poble afric\u00e0, on una nena ja \u00e9s dona a ulls dels adults. A vegades, el pati de casa, \u201cla cour\u201d, no \u00e9s un refugi, ni la fam\u00edlia un suport. \u00c9s llavors quan la m\u00e0gia pot ser un amulet, un Gri-Gri o una maledicci\u00f3 esquitxada per la sang d\u2019un sacrifici. Un espectacle que neix de les experi\u00e8ncies de la companyia Marionetes N\u00f2mades durant el seu viatge per Burkina Faso.<\/p>\n<h6><\/h6>\n<h6><em>Vida<\/em>, Cia. Javier Aranda\u00a0 \u00a0 ***PREMI FETEN 2017***\u00a0\u00a0\u00a0\u00a0\u00a0 <a href=\"https:\/\/tiquets.ateneu9b.net\/index.php?event_id=262\" target=\"_blank\"><strong>Venda d&#8217;entrades<\/strong><\/a><\/h6>\n<p><a href=\"http:\/\/blocs.xarxanet.org\/titellada\/files\/2015\/07\/Vida-Javier-Aranda.jpg\"><img loading=\"lazy\" decoding=\"async\" class=\"alignleft size-medium wp-image-219\" src=\"http:\/\/blocs.xarxanet.org\/titellada\/files\/2015\/07\/Vida-Javier-Aranda-300x199.jpg\" alt=\"\" width=\"300\" height=\"199\" srcset=\"https:\/\/blocs.xarxanet.org\/titellada\/files\/2015\/07\/Vida-Javier-Aranda-300x199.jpg 300w, https:\/\/blocs.xarxanet.org\/titellada\/files\/2015\/07\/Vida-Javier-Aranda-768x510.jpg 768w, https:\/\/blocs.xarxanet.org\/titellada\/files\/2015\/07\/Vida-Javier-Aranda.jpg 1024w\" sizes=\"auto, (max-width: 300px) 100vw, 300px\" \/><\/a>Dues mans i l\u2019univers d\u2019una cistella de costura. Les coses fetes a m\u00e0 tenen el seu propi car\u00e0cter, les mans com a part d\u2019un tot, com a protagonistes, com a \u00e9ssers especials que creen moviment, emoci\u00f3 i vida. Una cistella a la deriva, un viatge&#8230; De qualsevol cistella emergeixen brots de vida; vides valuoses, particulars i \u00faniques.<\/p>\n<p>&nbsp;<\/p>\n<h6><em>Cabaret Otali\u00e0<\/em>, Casa-Taller de Marionetas de Pepe Otal<\/h6>\n<p><a href=\"http:\/\/blocs.xarxanet.org\/titellada\/files\/2015\/07\/Cabaer-Otali\u00e0-1.jpg\"><img loading=\"lazy\" decoding=\"async\" class=\"alignleft size-medium wp-image-220\" src=\"http:\/\/blocs.xarxanet.org\/titellada\/files\/2015\/07\/Cabaer-Otali\u00e0-1-300x175.jpg\" alt=\"\" width=\"300\" height=\"175\" srcset=\"https:\/\/blocs.xarxanet.org\/titellada\/files\/2015\/07\/Cabaer-Otali\u00e0-1-300x175.jpg 300w, https:\/\/blocs.xarxanet.org\/titellada\/files\/2015\/07\/Cabaer-Otali\u00e0-1.jpg 550w\" sizes=\"auto, (max-width: 300px) 100vw, 300px\" \/><\/a>En forma de cabaret embarca la pintoresca tripulaci\u00f3 d&#8217;Ot\u00e0lia amb el seu gabinet de criatures animades. La nau far\u00e0 parada en illes remotes guiada per una br\u00faixola que apunta a la llegenda, m\u00e9s enll\u00e0 del nord veritable. Els vents de la fantasia marcaran el rumb de la singladura. Benvinguts a bord!<\/p>\n<h6><\/h6>\n<h6><em>Exposici\u00f3 &#8220;Calendario Er\u00f3tico de Titiriteros&#8221;<\/em>,<br \/>\nJes\u00fas Atienza i Casa-Taller de Marionetas de Pepe Otal<\/h6>\n<p><a href=\"http:\/\/blocs.xarxanet.org\/titellada\/files\/2015\/07\/Exposici\u00f3.jpg\"><img loading=\"lazy\" decoding=\"async\" class=\"alignleft size-medium wp-image-221\" src=\"http:\/\/blocs.xarxanet.org\/titellada\/files\/2015\/07\/Exposici\u00f3-300x212.jpg\" alt=\"\" width=\"300\" height=\"212\" srcset=\"https:\/\/blocs.xarxanet.org\/titellada\/files\/2015\/07\/Exposici\u00f3-300x212.jpg 300w, https:\/\/blocs.xarxanet.org\/titellada\/files\/2015\/07\/Exposici\u00f3-768x543.jpg 768w, https:\/\/blocs.xarxanet.org\/titellada\/files\/2015\/07\/Exposici\u00f3-1024x724.jpg 1024w\" sizes=\"auto, (max-width: 300px) 100vw, 300px\" \/><\/a>Exposici\u00f3 fotogr\u00e0fica del Jes\u00fas Atienza que plasma, en 12 mesos, les imatges m\u00e9s rec\u00f2ndites de la Casa-Taller de Marionetas de Pepe Otal, on veurem ben d\u2019aprop els secrets m\u00e9s obscurs dels seus titellaires.<\/p>\n","protected":false},"excerpt":{"rendered":"<p>4t Festival de Teatre de Titelles per a Adults de Barcelona Org. Ateneu Popular 9 Barris i Associaci\u00f3 Titellaire de Roquetes El R\u00f2mbic \u00e9s el Festival de Teatre de Titelles per a Adults de Barcelona, una petita mostra d\u2019aquest g\u00e8nere tan poc conegut i que aspira a situar-se entre les millors propostes culturals del pa\u00eds&#8230; <a class=\"read-article\" href=\"https:\/\/blocs.xarxanet.org\/titellada\/rombic\/\">Read Article &#8594;<\/a><\/p>\n","protected":false},"author":410,"featured_media":0,"parent":0,"menu_order":4,"comment_status":"closed","ping_status":"closed","template":"","meta":{"footnotes":""},"class_list":["post-21","page","type-page","status-publish","hentry"],"_links":{"self":[{"href":"https:\/\/blocs.xarxanet.org\/titellada\/wp-json\/wp\/v2\/pages\/21","targetHints":{"allow":["GET"]}}],"collection":[{"href":"https:\/\/blocs.xarxanet.org\/titellada\/wp-json\/wp\/v2\/pages"}],"about":[{"href":"https:\/\/blocs.xarxanet.org\/titellada\/wp-json\/wp\/v2\/types\/page"}],"author":[{"embeddable":true,"href":"https:\/\/blocs.xarxanet.org\/titellada\/wp-json\/wp\/v2\/users\/410"}],"replies":[{"embeddable":true,"href":"https:\/\/blocs.xarxanet.org\/titellada\/wp-json\/wp\/v2\/comments?post=21"}],"version-history":[{"count":12,"href":"https:\/\/blocs.xarxanet.org\/titellada\/wp-json\/wp\/v2\/pages\/21\/revisions"}],"predecessor-version":[{"id":231,"href":"https:\/\/blocs.xarxanet.org\/titellada\/wp-json\/wp\/v2\/pages\/21\/revisions\/231"}],"wp:attachment":[{"href":"https:\/\/blocs.xarxanet.org\/titellada\/wp-json\/wp\/v2\/media?parent=21"}],"curies":[{"name":"wp","href":"https:\/\/api.w.org\/{rel}","templated":true}]}}