{"id":15,"date":"2015-07-07T15:40:52","date_gmt":"2015-07-07T15:40:52","guid":{"rendered":"http:\/\/blocs.xarxanet.org\/titellada\/?page_id=15"},"modified":"2015-09-20T20:44:05","modified_gmt":"2015-09-20T20:44:05","slug":"projectes","status":"publish","type":"page","link":"https:\/\/blocs.xarxanet.org\/titellada\/projectes\/","title":{"rendered":"Projectes"},"content":{"rendered":"<h6>Durant el mes de setembre pots visitar al <a href=\"http:\/\/www.toniguida.org\" target=\"_blank\"><span style=\"text-decoration: underline\">Centre Ton i Guida<\/span> <\/a>(c\/Roman\u00ed\u00a06)\u00a0l&#8217;exposici\u00f3 del 10\u00e8 aniversari, on trobar\u00e0s informaci\u00f3 de tots els nostres projectes.<\/h6>\n<h6><a href=\"http:\/\/blocs.xarxanet.org\/titellada\/files\/2015\/07\/IMG-20150920-WA0026.jpg\"><img loading=\"lazy\" decoding=\"async\" class=\"aligncenter size-medium wp-image-122\" alt=\"IMG-20150920-WA0026\" src=\"http:\/\/blocs.xarxanet.org\/titellada\/files\/2015\/07\/IMG-20150920-WA0026-300x225.jpg\" width=\"300\" height=\"225\" srcset=\"https:\/\/blocs.xarxanet.org\/titellada\/files\/2015\/07\/IMG-20150920-WA0026-300x225.jpg 300w, https:\/\/blocs.xarxanet.org\/titellada\/files\/2015\/07\/IMG-20150920-WA0026-1024x768.jpg 1024w, https:\/\/blocs.xarxanet.org\/titellada\/files\/2015\/07\/IMG-20150920-WA0026.jpg 1599w\" sizes=\"auto, (max-width: 300px) 100vw, 300px\" \/><\/a><a href=\"http:\/\/blocs.xarxanet.org\/titellada\/files\/2015\/07\/IMG_20150914_214824.jpg\"><img loading=\"lazy\" decoding=\"async\" class=\"aligncenter size-medium wp-image-123\" alt=\"IMG_20150914_214824\" src=\"http:\/\/blocs.xarxanet.org\/titellada\/files\/2015\/07\/IMG_20150914_214824-300x222.jpg\" width=\"300\" height=\"222\" srcset=\"https:\/\/blocs.xarxanet.org\/titellada\/files\/2015\/07\/IMG_20150914_214824-300x222.jpg 300w, https:\/\/blocs.xarxanet.org\/titellada\/files\/2015\/07\/IMG_20150914_214824-1024x759.jpg 1024w\" sizes=\"auto, (max-width: 300px) 100vw, 300px\" \/><\/a><\/h6>\n<h6>P\u00e0gina en construcci\u00f3.<\/h6>\n<h6><strong>Disponible properament.<\/strong><\/h6>\n<h6><strong>Disculpeu les mol\u00e8sties.<\/strong><\/h6>\n","protected":false},"excerpt":{"rendered":"<p>Durant el mes de setembre pots visitar al Centre Ton i Guida (c\/Roman\u00ed\u00a06)\u00a0l&#8217;exposici\u00f3 del 10\u00e8 aniversari, on trobar\u00e0s informaci\u00f3 de tots els nostres projectes. P\u00e0gina en construcci\u00f3. Disponible properament. Disculpeu les mol\u00e8sties.<\/p>\n","protected":false},"author":410,"featured_media":0,"parent":0,"menu_order":2,"comment_status":"closed","ping_status":"closed","template":"","meta":{"footnotes":""},"class_list":["post-15","page","type-page","status-publish","hentry"],"_links":{"self":[{"href":"https:\/\/blocs.xarxanet.org\/titellada\/wp-json\/wp\/v2\/pages\/15","targetHints":{"allow":["GET"]}}],"collection":[{"href":"https:\/\/blocs.xarxanet.org\/titellada\/wp-json\/wp\/v2\/pages"}],"about":[{"href":"https:\/\/blocs.xarxanet.org\/titellada\/wp-json\/wp\/v2\/types\/page"}],"author":[{"embeddable":true,"href":"https:\/\/blocs.xarxanet.org\/titellada\/wp-json\/wp\/v2\/users\/410"}],"replies":[{"embeddable":true,"href":"https:\/\/blocs.xarxanet.org\/titellada\/wp-json\/wp\/v2\/comments?post=15"}],"version-history":[{"count":8,"href":"https:\/\/blocs.xarxanet.org\/titellada\/wp-json\/wp\/v2\/pages\/15\/revisions"}],"predecessor-version":[{"id":127,"href":"https:\/\/blocs.xarxanet.org\/titellada\/wp-json\/wp\/v2\/pages\/15\/revisions\/127"}],"wp:attachment":[{"href":"https:\/\/blocs.xarxanet.org\/titellada\/wp-json\/wp\/v2\/media?parent=15"}],"curies":[{"name":"wp","href":"https:\/\/api.w.org\/{rel}","templated":true}]}}