{"id":50,"date":"2014-05-16T15:30:22","date_gmt":"2014-05-16T13:30:22","guid":{"rendered":"http:\/\/blocs.xarxanet.org\/teatrecorpus\/?page_id=50"},"modified":"2022-09-25T18:07:54","modified_gmt":"2022-09-25T16:07:54","slug":"el-grup","status":"publish","type":"page","link":"https:\/\/blocs.xarxanet.org\/teatrecorpus\/el-grup\/","title":{"rendered":"El Grup"},"content":{"rendered":"<p>El\u00a0<strong>CASAL CORPUS GRUP DE TEATRE\u00a0<\/strong>\u00e9s una entitat cultural sense \u00e0nim de lucre. Integrada per infants, joves i grans, duu a terme, principalment, representacions, escola i tallers de teatre amateur. Des de la seva fundaci\u00f3, el 1987, \u00e9s una eina al servei dels ciutadans de l&#8217;antiga Vila de Gr\u00e0cia i de la ciutat de Barcelona.<\/p>\n<p>Unint cultura i lleure, oferim les nostres activitats com una opci\u00f3 per enriquir la personalitat i formar part d&#8217;un col\u00b7lectiu que promou els valors humans. Per aix\u00f2, donem relleu a la conviv\u00e8ncia i l&#8217;amistat i fomentem la participaci\u00f3 ciutadana, activa i responsable, en iniciatives d&#8217;inter\u00e8s com\u00fa. A m\u00e9s, ens sentim hereus i continuadors del patrimoni hist\u00f2ric, cultural, c\u00edvic i associatiu de Catalunya amb voluntat d&#8217;acollir totes les persones i les idees respectuoses amb els altres.<\/p>\n<p><strong>BREU HIST\u00d2RIA DEL GRUP<\/strong><\/p>\n<p>L&#8217;any 1987 comen\u00e7\u00e0vem les activitats amb 14 nois i noies, la majoria d&#8217;entre 6 i 10 anys, i amb un grup de pares i mares.<\/p>\n<p>S&#8217;acostava Nadal i la millor manera de comen\u00e7ar era amb els <em>Pastorets<\/em>. Com que els nostres &#8220;dimonis&#8221; i &#8220;pastors&#8221; eren molt petits, v\u00e0rem escollir una versi\u00f3 a la seva mida: <em>Els pastorets del Ferrer Mag\u00ed<\/em>, d&#8217;Enriqueta Capellades. Han passat els anys i alguns d&#8217;aquells infants del principi s\u00f3n avui pares i mares i senten el goig que els seus fills &#8220;debutin&#8221; en el m\u00f3n teatral fent de Nen Jes\u00fas en els tradicionals <em>Pastorets<\/em>, de Josep Maria Folch i Torres.<\/p>\n<p>Ara, som m\u00e9s d&#8217;un centenar, entre actors, actrius, directors, t\u00e8cnics, muntadors i responsables de perruqueria, maquillatge, vestuari, etc. Al principi, represent\u00e0vem un parell d&#8217;obres a l&#8217;any mentre que, en l&#8217;actualitat, pr\u00e0cticament en fem una al mes, durant la temporada.<\/p>\n<p>Al llarg d&#8217;aquests anys, el nivell art\u00edstic assolit ens ha perm\u00e8s representar obres de molt diversos g\u00e8neres. Nom\u00e9s a t\u00edtol orientatiu, aqu\u00ed en teniu alguns exemples: teatre catal\u00e0 actual (<em>Antaviana<\/em>, <em>Una vella, coneguda, olor<\/em>), g\u00e8nere polic\u00edac (<em>Crimen perfecto<\/em>, <em>Testimoni de c\u00e0rrec<\/em>), d&#8217;autors contemporanis (<em>Un dels \u00faltims vespres de Carnaval<\/em>, <em>El bon doctor<\/em>), cl\u00e0ssics catalans (<em>Maria Rosa<\/em>, <em>Terra Baixa<\/em>, <em>La Rambla de les Floristes<\/em>), c\u00f2miques (<em>No et vesteixis per sopar<\/em>) en llengua castellana (<em>La dama del alba<\/em>, <em>Melocot\u00f3n en alm\u00edbar<\/em>), etc.<\/p>\n<p>Entre les obres a destacar per la seva complexitat, requeriments del muntatge i de l&#8217;espai esc\u00e8nic, cal esmentar el conegut musical: <em>Jesucristo Superstar<\/em>, amb una cinquantena d&#8217;actors i actrius a l&#8217;escenari, i amb actuacions arreu de Catalunya. Tamb\u00e9 hem recuperat el teatre-f\u00f2rum a Gr\u00e0cia amb <em>El visitant<\/em>, una experi\u00e8ncia ben reeixida.<\/p>\n<p><strong>OBJECTIUS<\/strong><\/p>\n<ul>\n<li>Difondre el teatre amateur<\/li>\n<li>Formar actors, directors i t\u00e8cnics de teatre amateur<\/li>\n<li>Donar suport a la cultura popular i tradicional<\/li>\n<li>Impulsar les activitats de lleure<\/li>\n<li>Fomentar l\u2019associacionisme i dinamitzar el teixit associatiu<\/li>\n<li>Divulgar el patrimoni hist\u00f2ric i cultural de Catalunya<\/li>\n<li>Facilitar la participaci\u00f3 ciutadana<\/li>\n<li>Afermar l\u2019arrelament al pa\u00eds<\/li>\n<li>Fomentar el voluntariat<\/li>\n<li>Promoure els valors \u00e8tics i democr\u00e0tic<\/li>\n<\/ul>\n<p><strong>SEU SOCIAL<\/strong><\/p>\n<p>La nostra seu social i lloc on assagem les representacions que preparem durant la temporada es troba als locals de la Parr\u00f2quia de Corpus Christi, al <strong>carrer de Bail\u00e8n, 175<\/strong>, xamfr\u00e0 amb C\u00f2rsega, al barri de Gr\u00e0cia de Barcelona.<\/p>\n","protected":false},"excerpt":{"rendered":"<p>El\u00a0CASAL CORPUS GRUP DE TEATRE\u00a0\u00e9s una entitat cultural sense \u00e0nim de lucre. Integrada per infants, joves i grans, duu a terme, principalment, representacions, escola i tallers de teatre amateur. Des de la seva fundaci\u00f3, el 1987, \u00e9s una eina al servei dels ciutadans de l&#8217;antiga Vila de Gr\u00e0cia i de la ciutat de Barcelona. Unint <a class=\"read-more\" href=\"https:\/\/blocs.xarxanet.org\/teatrecorpus\/el-grup\/\">[&hellip;]<\/a><\/p>\n","protected":false},"author":382,"featured_media":0,"parent":0,"menu_order":1,"comment_status":"closed","ping_status":"closed","template":"","meta":{"footnotes":""},"class_list":["post-50","page","type-page","status-publish","hentry"],"_links":{"self":[{"href":"https:\/\/blocs.xarxanet.org\/teatrecorpus\/wp-json\/wp\/v2\/pages\/50","targetHints":{"allow":["GET"]}}],"collection":[{"href":"https:\/\/blocs.xarxanet.org\/teatrecorpus\/wp-json\/wp\/v2\/pages"}],"about":[{"href":"https:\/\/blocs.xarxanet.org\/teatrecorpus\/wp-json\/wp\/v2\/types\/page"}],"author":[{"embeddable":true,"href":"https:\/\/blocs.xarxanet.org\/teatrecorpus\/wp-json\/wp\/v2\/users\/382"}],"replies":[{"embeddable":true,"href":"https:\/\/blocs.xarxanet.org\/teatrecorpus\/wp-json\/wp\/v2\/comments?post=50"}],"version-history":[{"count":13,"href":"https:\/\/blocs.xarxanet.org\/teatrecorpus\/wp-json\/wp\/v2\/pages\/50\/revisions"}],"predecessor-version":[{"id":1930,"href":"https:\/\/blocs.xarxanet.org\/teatrecorpus\/wp-json\/wp\/v2\/pages\/50\/revisions\/1930"}],"wp:attachment":[{"href":"https:\/\/blocs.xarxanet.org\/teatrecorpus\/wp-json\/wp\/v2\/media?parent=50"}],"curies":[{"name":"wp","href":"https:\/\/api.w.org\/{rel}","templated":true}]}}