{"id":197,"date":"2015-01-03T15:47:24","date_gmt":"2015-01-03T13:47:24","guid":{"rendered":"http:\/\/blocs.xarxanet.org\/teatrecorpus\/?page_id=197"},"modified":"2025-10-23T18:14:41","modified_gmt":"2025-10-23T16:14:41","slug":"la-junta-directiva","status":"publish","type":"page","link":"https:\/\/blocs.xarxanet.org\/teatrecorpus\/la-junta-directiva\/","title":{"rendered":"La Junta Directiva"},"content":{"rendered":"<p style=\"text-align: center\">La Junta Directiva est\u00e0 formada per:<\/p>\n<p><strong>President: <\/strong>Marc Pineda<\/p>\n<p><strong>Vicepresident i Vocal de Comunicaci\u00f3: <\/strong>Marc Bosch<\/p>\n<p><strong>Secretari:<\/strong> Jordi Bold\u00fa<\/p>\n<p><strong>Tresorera:<\/strong> Maria D. Vallverd\u00fa<\/p>\n<p><strong>Comptadora:<\/strong> Bet Prades<\/p>\n<p><strong>Vocal de l&#8217;\u00c0rea Art\u00edstica:<\/strong> Marc Ortiz<\/p>\n<p><strong>Vocal de Relacions Externes i Propaganda:<\/strong> Elena Ca\u00f1ada<\/p>\n<p>&nbsp;<\/p>\n","protected":false},"excerpt":{"rendered":"<p>La Junta Directiva est\u00e0 formada per: President: Marc Pineda Vicepresident i Vocal de Comunicaci\u00f3: Marc Bosch Secretari: Jordi Bold\u00fa Tresorera: Maria D. Vallverd\u00fa Comptadora: Bet Prades Vocal de l&#8217;\u00c0rea Art\u00edstica: Marc Ortiz Vocal de Relacions Externes i Propaganda: Elena Ca\u00f1ada &nbsp;<\/p>\n","protected":false},"author":382,"featured_media":0,"parent":0,"menu_order":2,"comment_status":"closed","ping_status":"closed","template":"","meta":{"footnotes":""},"class_list":["post-197","page","type-page","status-publish","hentry"],"_links":{"self":[{"href":"https:\/\/blocs.xarxanet.org\/teatrecorpus\/wp-json\/wp\/v2\/pages\/197","targetHints":{"allow":["GET"]}}],"collection":[{"href":"https:\/\/blocs.xarxanet.org\/teatrecorpus\/wp-json\/wp\/v2\/pages"}],"about":[{"href":"https:\/\/blocs.xarxanet.org\/teatrecorpus\/wp-json\/wp\/v2\/types\/page"}],"author":[{"embeddable":true,"href":"https:\/\/blocs.xarxanet.org\/teatrecorpus\/wp-json\/wp\/v2\/users\/382"}],"replies":[{"embeddable":true,"href":"https:\/\/blocs.xarxanet.org\/teatrecorpus\/wp-json\/wp\/v2\/comments?post=197"}],"version-history":[{"count":12,"href":"https:\/\/blocs.xarxanet.org\/teatrecorpus\/wp-json\/wp\/v2\/pages\/197\/revisions"}],"predecessor-version":[{"id":2409,"href":"https:\/\/blocs.xarxanet.org\/teatrecorpus\/wp-json\/wp\/v2\/pages\/197\/revisions\/2409"}],"wp:attachment":[{"href":"https:\/\/blocs.xarxanet.org\/teatrecorpus\/wp-json\/wp\/v2\/media?parent=197"}],"curies":[{"name":"wp","href":"https:\/\/api.w.org\/{rel}","templated":true}]}}