{"id":109,"date":"2014-11-20T18:33:27","date_gmt":"2014-11-20T16:33:27","guid":{"rendered":"http:\/\/blocs.xarxanet.org\/teatrecorpus\/?page_id=109"},"modified":"2022-07-18T19:05:20","modified_gmt":"2022-07-18T17:05:20","slug":"multimedia","status":"publish","type":"page","link":"https:\/\/blocs.xarxanet.org\/teatrecorpus\/multimedia\/","title":{"rendered":"Multim\u00e8dia"},"content":{"rendered":"<p><iframe loading=\"lazy\"  id=\"_ytid_91407\"  width=\"792\" height=\"446\"  data-origwidth=\"792\" data-origheight=\"446\" src=\"https:\/\/www.youtube.com\/embed\/ZhnQdQseB-s?enablejsapi=1&#038;autoplay=0&#038;cc_load_policy=0&#038;cc_lang_pref=&#038;iv_load_policy=1&#038;loop=0&#038;rel=1&#038;fs=1&#038;playsinline=0&#038;autohide=2&#038;theme=dark&#038;color=red&#038;controls=1&#038;disablekb=0&#038;\" class=\"__youtube_prefs__  epyt-is-override  no-lazyload\" title=\"YouTube player\"  allow=\"fullscreen; accelerometer; autoplay; clipboard-write; encrypted-media; gyroscope; picture-in-picture; web-share\" referrerpolicy=\"strict-origin-when-cross-origin\" allowfullscreen data-no-lazy=\"1\" data-skipgform_ajax_framebjll=\"\"><\/iframe><\/p>\n<p><em>Dissabte, diumenge i dilluns<\/em>, d&#8217;Eduardo de Filippo (30 i 31 de mar\u00e7 del 2019)<\/p>\n<p><iframe loading=\"lazy\"  id=\"_ytid_90529\"  width=\"792\" height=\"446\"  data-origwidth=\"792\" data-origheight=\"446\" src=\"https:\/\/www.youtube.com\/embed\/f8paoSYDAuQ?enablejsapi=1&#038;autoplay=0&#038;cc_load_policy=0&#038;cc_lang_pref=&#038;iv_load_policy=1&#038;loop=0&#038;rel=1&#038;fs=1&#038;playsinline=0&#038;autohide=2&#038;theme=dark&#038;color=red&#038;controls=1&#038;disablekb=0&#038;\" class=\"__youtube_prefs__  epyt-is-override  no-lazyload\" title=\"YouTube player\"  allow=\"fullscreen; accelerometer; autoplay; clipboard-write; encrypted-media; gyroscope; picture-in-picture; web-share\" referrerpolicy=\"strict-origin-when-cross-origin\" allowfullscreen data-no-lazy=\"1\" data-skipgform_ajax_framebjll=\"\"><\/iframe><\/p>\n<p><em>Et vols casar amb mi?<\/em>, d&#8217;Adri\u00e0 V. Terr\u00e9s (10 i 11 de novembre del 2018)<\/p>\n<p><iframe loading=\"lazy\"  id=\"_ytid_89867\"  width=\"792\" height=\"446\"  data-origwidth=\"792\" data-origheight=\"446\" src=\"https:\/\/www.youtube.com\/embed\/nMEqn-lCOoU?enablejsapi=1&#038;autoplay=0&#038;cc_load_policy=0&#038;cc_lang_pref=&#038;iv_load_policy=1&#038;loop=0&#038;rel=1&#038;fs=1&#038;playsinline=0&#038;autohide=2&#038;theme=dark&#038;color=red&#038;controls=1&#038;disablekb=0&#038;\" class=\"__youtube_prefs__  epyt-is-override  no-lazyload\" title=\"YouTube player\"  allow=\"fullscreen; accelerometer; autoplay; clipboard-write; encrypted-media; gyroscope; picture-in-picture; web-share\" referrerpolicy=\"strict-origin-when-cross-origin\" allowfullscreen data-no-lazy=\"1\" data-skipgform_ajax_framebjll=\"\"><\/iframe><\/p>\n<p><em>Shrek<\/em> (5 i 6 de maig del 2018)<\/p>\n<p><iframe loading=\"lazy\"  id=\"_ytid_46634\"  width=\"792\" height=\"446\"  data-origwidth=\"792\" data-origheight=\"446\" src=\"https:\/\/www.youtube.com\/embed\/d4hFGGxf7xA?enablejsapi=1&#038;autoplay=0&#038;cc_load_policy=0&#038;cc_lang_pref=&#038;iv_load_policy=1&#038;loop=0&#038;rel=1&#038;fs=1&#038;playsinline=0&#038;autohide=2&#038;theme=dark&#038;color=red&#038;controls=1&#038;disablekb=0&#038;\" class=\"__youtube_prefs__  epyt-is-override  no-lazyload\" title=\"YouTube player\"  allow=\"fullscreen; accelerometer; autoplay; clipboard-write; encrypted-media; gyroscope; picture-in-picture; web-share\" referrerpolicy=\"strict-origin-when-cross-origin\" allowfullscreen data-no-lazy=\"1\" data-skipgform_ajax_framebjll=\"\"><\/iframe><\/p>\n<p><em>Cinc noies i un s\u00ed<\/em> (14 i 15 d&#8217;abril del 2018)<\/p>\n<p><iframe loading=\"lazy\"  id=\"_ytid_21144\"  width=\"792\" height=\"446\"  data-origwidth=\"792\" data-origheight=\"446\" src=\"https:\/\/www.youtube.com\/embed\/lQ9lTvTdb8Q?enablejsapi=1&#038;autoplay=0&#038;cc_load_policy=0&#038;cc_lang_pref=&#038;iv_load_policy=1&#038;loop=0&#038;rel=1&#038;fs=1&#038;playsinline=0&#038;autohide=2&#038;theme=dark&#038;color=red&#038;controls=1&#038;disablekb=0&#038;\" class=\"__youtube_prefs__  epyt-is-override  no-lazyload\" title=\"YouTube player\"  allow=\"fullscreen; accelerometer; autoplay; clipboard-write; encrypted-media; gyroscope; picture-in-picture; web-share\" referrerpolicy=\"strict-origin-when-cross-origin\" allowfullscreen data-no-lazy=\"1\" data-skipgform_ajax_framebjll=\"\"><\/iframe><\/p>\n<p><em>Carnaval<\/em>, de Jordi Galceran (17 i 18 de febrer del 2018)<\/p>\n<p><iframe loading=\"lazy\"  id=\"_ytid_95923\"  width=\"792\" height=\"446\"  data-origwidth=\"792\" data-origheight=\"446\" src=\"https:\/\/www.youtube.com\/embed\/Zrh2AygnN-U?enablejsapi=1&#038;autoplay=0&#038;cc_load_policy=0&#038;cc_lang_pref=&#038;iv_load_policy=1&#038;loop=0&#038;rel=1&#038;fs=1&#038;playsinline=0&#038;autohide=2&#038;theme=dark&#038;color=red&#038;controls=1&#038;disablekb=0&#038;\" class=\"__youtube_prefs__  epyt-is-override  no-lazyload\" title=\"YouTube player\"  allow=\"fullscreen; accelerometer; autoplay; clipboard-write; encrypted-media; gyroscope; picture-in-picture; web-share\" referrerpolicy=\"strict-origin-when-cross-origin\" allowfullscreen data-no-lazy=\"1\" data-skipgform_ajax_framebjll=\"\"><\/iframe><\/p>\n<p><em>La invitaci\u00f3<\/em>, de Llu\u00eds Cuixart (13 i 14 de gner del 2018).<\/p>\n<p><iframe loading=\"lazy\"  id=\"_ytid_94213\"  width=\"792\" height=\"446\"  data-origwidth=\"792\" data-origheight=\"446\" src=\"https:\/\/www.youtube.com\/embed\/I5rrPAxVFjk?enablejsapi=1&#038;autoplay=0&#038;cc_load_policy=0&#038;cc_lang_pref=&#038;iv_load_policy=1&#038;loop=0&#038;rel=1&#038;fs=1&#038;playsinline=0&#038;autohide=2&#038;theme=dark&#038;color=red&#038;controls=1&#038;disablekb=0&#038;\" class=\"__youtube_prefs__  epyt-is-override  no-lazyload\" title=\"YouTube player\"  allow=\"fullscreen; accelerometer; autoplay; clipboard-write; encrypted-media; gyroscope; picture-in-picture; web-share\" referrerpolicy=\"strict-origin-when-cross-origin\" allowfullscreen data-no-lazy=\"1\" data-skipgform_ajax_framebjll=\"\"><\/iframe><\/p>\n<p><em>Animals de companyia<\/em>, d&#8217;Estel Sol\u00e9 (11 i 12 de novembre del 2017).<\/p>\n<p><iframe loading=\"lazy\"  id=\"_ytid_51047\"  width=\"792\" height=\"446\"  data-origwidth=\"792\" data-origheight=\"446\" src=\"https:\/\/www.youtube.com\/embed\/_2omu0T1yxo?enablejsapi=1&#038;autoplay=0&#038;cc_load_policy=0&#038;cc_lang_pref=&#038;iv_load_policy=1&#038;loop=0&#038;rel=1&#038;fs=1&#038;playsinline=0&#038;autohide=2&#038;theme=dark&#038;color=red&#038;controls=1&#038;disablekb=0&#038;\" class=\"__youtube_prefs__  epyt-is-override  no-lazyload\" title=\"YouTube player\"  allow=\"fullscreen; accelerometer; autoplay; clipboard-write; encrypted-media; gyroscope; picture-in-picture; web-share\" referrerpolicy=\"strict-origin-when-cross-origin\" allowfullscreen data-no-lazy=\"1\" data-skipgform_ajax_framebjll=\"\"><\/iframe><\/p>\n<p><em>Ocells i llops<\/em>, de Josep M. de Sagarra (17 i 18 de juny del 2017).<\/p>\n<p><iframe loading=\"lazy\"  id=\"_ytid_68132\"  width=\"792\" height=\"446\"  data-origwidth=\"792\" data-origheight=\"446\" src=\"https:\/\/www.youtube.com\/embed\/53ZAAT4nuA4?enablejsapi=1&#038;autoplay=0&#038;cc_load_policy=0&#038;cc_lang_pref=&#038;iv_load_policy=1&#038;loop=0&#038;rel=1&#038;fs=1&#038;playsinline=0&#038;autohide=2&#038;theme=dark&#038;color=red&#038;controls=1&#038;disablekb=0&#038;\" class=\"__youtube_prefs__  epyt-is-override  no-lazyload\" title=\"YouTube player\"  allow=\"fullscreen; accelerometer; autoplay; clipboard-write; encrypted-media; gyroscope; picture-in-picture; web-share\" referrerpolicy=\"strict-origin-when-cross-origin\" allowfullscreen data-no-lazy=\"1\" data-skipgform_ajax_framebjll=\"\"><\/iframe><\/p>\n<p>Making off d&#8217;<em>Aladd\u00ed<\/em>. assajos i preparaci\u00f3 de decorats (13 i 14 de maig del 2017).<\/p>\n<p><iframe loading=\"lazy\"  id=\"_ytid_73252\"  width=\"792\" height=\"446\"  data-origwidth=\"792\" data-origheight=\"446\" src=\"https:\/\/www.youtube.com\/embed\/Y_OI6ATKzo0?enablejsapi=1&#038;autoplay=0&#038;cc_load_policy=0&#038;cc_lang_pref=&#038;iv_load_policy=1&#038;loop=0&#038;rel=1&#038;fs=1&#038;playsinline=0&#038;autohide=2&#038;theme=dark&#038;color=red&#038;controls=1&#038;disablekb=0&#038;\" class=\"__youtube_prefs__  epyt-is-override  no-lazyload\" title=\"YouTube player\"  allow=\"fullscreen; accelerometer; autoplay; clipboard-write; encrypted-media; gyroscope; picture-in-picture; web-share\" referrerpolicy=\"strict-origin-when-cross-origin\" allowfullscreen data-no-lazy=\"1\" data-skipgform_ajax_framebjll=\"\"><\/iframe><\/p>\n<p>Tr\u00e0iler d&#8217;<em>Aladd\u00ed<\/em> (13 i 14 de maig del 2017)<\/p>\n<p><iframe loading=\"lazy\"  id=\"_ytid_53156\"  width=\"792\" height=\"446\"  data-origwidth=\"792\" data-origheight=\"446\" src=\"https:\/\/www.youtube.com\/embed\/C8aJpIcZDbU?enablejsapi=1&#038;autoplay=0&#038;cc_load_policy=0&#038;cc_lang_pref=&#038;iv_load_policy=1&#038;loop=0&#038;rel=1&#038;fs=1&#038;playsinline=0&#038;autohide=2&#038;theme=dark&#038;color=red&#038;controls=1&#038;disablekb=0&#038;\" class=\"__youtube_prefs__  epyt-is-override  no-lazyload\" title=\"YouTube player\"  allow=\"fullscreen; accelerometer; autoplay; clipboard-write; encrypted-media; gyroscope; picture-in-picture; web-share\" referrerpolicy=\"strict-origin-when-cross-origin\" allowfullscreen data-no-lazy=\"1\" data-skipgform_ajax_framebjll=\"\"><\/iframe><\/p>\n<p>Tr\u00e0iler de <em>Zona Franca<\/em>, de David Desola<\/p>\n<p><iframe loading=\"lazy\"  id=\"_ytid_21882\"  width=\"792\" height=\"446\"  data-origwidth=\"792\" data-origheight=\"446\" src=\"https:\/\/www.youtube.com\/embed\/2ZkBF5YKJGk?enablejsapi=1&#038;autoplay=0&#038;cc_load_policy=0&#038;cc_lang_pref=&#038;iv_load_policy=1&#038;loop=0&#038;rel=1&#038;fs=1&#038;playsinline=0&#038;autohide=2&#038;theme=dark&#038;color=red&#038;controls=1&#038;disablekb=0&#038;\" class=\"__youtube_prefs__  epyt-is-override  no-lazyload\" title=\"YouTube player\"  allow=\"fullscreen; accelerometer; autoplay; clipboard-write; encrypted-media; gyroscope; picture-in-picture; web-share\" referrerpolicy=\"strict-origin-when-cross-origin\" allowfullscreen data-no-lazy=\"1\" data-skipgform_ajax_framebjll=\"\"><\/iframe><\/p>\n<p>Recull d&#8217;imatges dels assajos d&#8217;<em>Orgull i prejudici<\/em> (18 i 19 de mar\u00e7 del 2017)<\/p>\n<p><iframe loading=\"lazy\"  id=\"_ytid_83458\"  width=\"792\" height=\"594\"  data-origwidth=\"792\" data-origheight=\"594\" src=\"https:\/\/www.youtube.com\/embed\/W3DPBaFX1OA?enablejsapi=1&#038;autoplay=0&#038;cc_load_policy=0&#038;cc_lang_pref=&#038;iv_load_policy=1&#038;loop=0&#038;rel=1&#038;fs=1&#038;playsinline=0&#038;autohide=2&#038;theme=dark&#038;color=red&#038;controls=1&#038;disablekb=0&#038;\" class=\"__youtube_prefs__  epyt-is-override  no-lazyload\" title=\"YouTube player\"  allow=\"fullscreen; accelerometer; autoplay; clipboard-write; encrypted-media; gyroscope; picture-in-picture; web-share\" referrerpolicy=\"strict-origin-when-cross-origin\" allowfullscreen data-no-lazy=\"1\" data-skipgform_ajax_framebjll=\"\"><\/iframe><\/p>\n<p><em>Making Poff!<\/em>, les p\u00edfies d&#8217;<em>Els Pastorets<\/em> 2016 (17 i 18 de desembre del 2016)<\/p>\n<p><iframe loading=\"lazy\"  id=\"_ytid_45176\"  width=\"792\" height=\"594\"  data-origwidth=\"792\" data-origheight=\"594\" src=\"https:\/\/www.youtube.com\/embed\/yKA_lJLYPzY?enablejsapi=1&#038;autoplay=0&#038;cc_load_policy=0&#038;cc_lang_pref=&#038;iv_load_policy=1&#038;loop=0&#038;rel=1&#038;fs=1&#038;playsinline=0&#038;autohide=2&#038;theme=dark&#038;color=red&#038;controls=1&#038;disablekb=0&#038;\" class=\"__youtube_prefs__  epyt-is-override  no-lazyload\" title=\"YouTube player\"  allow=\"fullscreen; accelerometer; autoplay; clipboard-write; encrypted-media; gyroscope; picture-in-picture; web-share\" referrerpolicy=\"strict-origin-when-cross-origin\" allowfullscreen data-no-lazy=\"1\" data-skipgform_ajax_framebjll=\"\"><\/iframe><\/p>\n<p>Promo <em>Els Pastorets<\/em>, de Josep Maria Folch i Torres (17 i 18 de desembre del 2016)<\/p>\n<p><iframe loading=\"lazy\"  id=\"_ytid_94859\"  width=\"792\" height=\"446\"  data-origwidth=\"792\" data-origheight=\"446\" src=\"https:\/\/www.youtube.com\/embed\/IvylJCOAdF4?enablejsapi=1&#038;autoplay=0&#038;cc_load_policy=0&#038;cc_lang_pref=&#038;iv_load_policy=1&#038;loop=0&#038;rel=1&#038;fs=1&#038;playsinline=0&#038;autohide=2&#038;theme=dark&#038;color=red&#038;controls=1&#038;disablekb=0&#038;\" class=\"__youtube_prefs__  epyt-is-override  no-lazyload\" title=\"YouTube player\"  allow=\"fullscreen; accelerometer; autoplay; clipboard-write; encrypted-media; gyroscope; picture-in-picture; web-share\" referrerpolicy=\"strict-origin-when-cross-origin\" allowfullscreen data-no-lazy=\"1\" data-skipgform_ajax_framebjll=\"\"><\/iframe><\/p>\n<p>Tr\u00e0iler d&#8217;<em>Un aire de fam\u00edlia<\/em>, d\u2019Agn\u00e8s Jaoui i Jean-Pierre Bacri (5 i 6 de novembre del 2016)<\/p>\n<p><iframe loading=\"lazy\"  id=\"_ytid_75792\"  width=\"792\" height=\"594\"  data-origwidth=\"792\" data-origheight=\"594\" src=\"https:\/\/www.youtube.com\/embed\/zdDzQt6dnU8?enablejsapi=1&#038;autoplay=0&#038;cc_load_policy=0&#038;cc_lang_pref=&#038;iv_load_policy=1&#038;loop=0&#038;rel=1&#038;fs=1&#038;playsinline=0&#038;autohide=2&#038;theme=dark&#038;color=red&#038;controls=1&#038;disablekb=0&#038;\" class=\"__youtube_prefs__  epyt-is-override  no-lazyload\" title=\"YouTube player\"  allow=\"fullscreen; accelerometer; autoplay; clipboard-write; encrypted-media; gyroscope; picture-in-picture; web-share\" referrerpolicy=\"strict-origin-when-cross-origin\" allowfullscreen data-no-lazy=\"1\" data-skipgform_ajax_framebjll=\"\"><\/iframe><\/p>\n<p>Participaci\u00f3 a l&#8217;acte de celebraci\u00f3 de la Diada Nacional de Catalunya a Gr\u00e0cia (Auditori de la Biblioteca Jaume Fuster, 10 de setembre del 2016). V\u00eddeo de\u00a0<a href=\"http:\/\/www.graciamon.cat\/\" target=\"_blank\" rel=\"noopener\">Graciamon<\/a>.<\/p>\n<p><iframe loading=\"lazy\"  id=\"_ytid_58215\"  width=\"792\" height=\"446\"  data-origwidth=\"792\" data-origheight=\"446\" src=\"https:\/\/www.youtube.com\/embed\/TSHR5-Ctu8c?enablejsapi=1&#038;autoplay=0&#038;cc_load_policy=0&#038;cc_lang_pref=&#038;iv_load_policy=1&#038;loop=0&#038;rel=1&#038;fs=1&#038;playsinline=0&#038;autohide=2&#038;theme=dark&#038;color=red&#038;controls=1&#038;disablekb=0&#038;\" class=\"__youtube_prefs__  epyt-is-override  no-lazyload\" title=\"YouTube player\"  allow=\"fullscreen; accelerometer; autoplay; clipboard-write; encrypted-media; gyroscope; picture-in-picture; web-share\" referrerpolicy=\"strict-origin-when-cross-origin\" allowfullscreen data-no-lazy=\"1\" data-skipgform_ajax_framebjll=\"\"><\/iframe><\/p>\n<p>Tr\u00e0iler d&#8217;<em>Una vella, coneguda olor<\/em>, de Josep Maria Benet i Jornet (18 i 19 de juny del 2016)<\/p>\n<p><iframe loading=\"lazy\"  id=\"_ytid_94395\"  width=\"792\" height=\"446\"  data-origwidth=\"792\" data-origheight=\"446\" src=\"https:\/\/www.youtube.com\/embed\/HInHspqysyQ?enablejsapi=1&#038;autoplay=0&#038;cc_load_policy=0&#038;cc_lang_pref=&#038;iv_load_policy=1&#038;loop=0&#038;rel=1&#038;fs=1&#038;playsinline=0&#038;autohide=2&#038;theme=dark&#038;color=red&#038;controls=1&#038;disablekb=0&#038;\" class=\"__youtube_prefs__  epyt-is-override  no-lazyload\" title=\"YouTube player\"  allow=\"fullscreen; accelerometer; autoplay; clipboard-write; encrypted-media; gyroscope; picture-in-picture; web-share\" referrerpolicy=\"strict-origin-when-cross-origin\" allowfullscreen data-no-lazy=\"1\" data-skipgform_ajax_framebjll=\"\"><\/iframe><\/p>\n<p>Com s&#8217;ha preparat <em>La Bella i la B\u00e8stia<\/em>? (7 i 8 de maig del 2016)<\/p>\n<p><iframe loading=\"lazy\"  id=\"_ytid_76676\"  width=\"792\" height=\"446\"  data-origwidth=\"792\" data-origheight=\"446\" src=\"https:\/\/www.youtube.com\/embed\/iDj3hcwwq0A?enablejsapi=1&#038;autoplay=0&#038;cc_load_policy=0&#038;cc_lang_pref=&#038;iv_load_policy=1&#038;loop=0&#038;rel=1&#038;fs=1&#038;playsinline=0&#038;autohide=2&#038;theme=dark&#038;color=red&#038;controls=1&#038;disablekb=0&#038;\" class=\"__youtube_prefs__  epyt-is-override  no-lazyload\" title=\"YouTube player\"  allow=\"fullscreen; accelerometer; autoplay; clipboard-write; encrypted-media; gyroscope; picture-in-picture; web-share\" referrerpolicy=\"strict-origin-when-cross-origin\" allowfullscreen data-no-lazy=\"1\" data-skipgform_ajax_framebjll=\"\"><\/iframe><\/p>\n<p><em>Diuen, diuen, diuen<\/em> (23 i 24 d&#8217;abril del 2016)<\/p>\n<p><iframe loading=\"lazy\"  id=\"_ytid_18000\"  width=\"792\" height=\"446\"  data-origwidth=\"792\" data-origheight=\"446\" src=\"https:\/\/www.youtube.com\/embed\/8kQIWges-mk?enablejsapi=1&#038;autoplay=0&#038;cc_load_policy=0&#038;cc_lang_pref=&#038;iv_load_policy=1&#038;loop=0&#038;rel=1&#038;fs=1&#038;playsinline=0&#038;autohide=2&#038;theme=dark&#038;color=red&#038;controls=1&#038;disablekb=0&#038;\" class=\"__youtube_prefs__  epyt-is-override  no-lazyload\" title=\"YouTube player\"  allow=\"fullscreen; accelerometer; autoplay; clipboard-write; encrypted-media; gyroscope; picture-in-picture; web-share\" referrerpolicy=\"strict-origin-when-cross-origin\" allowfullscreen data-no-lazy=\"1\" data-skipgform_ajax_framebjll=\"\"><\/iframe><\/p>\n<p><em>Els Pastorets Confidencial (part 2)<\/em>. Esperant abans de comen\u00e7ar l&#8217;assaig, buscant la concentraci\u00f3, pastors que no arriben, un dimoni que no fa por i un pastor endimoniat, pedres que no s&#8217;aguanten&#8230;<\/p>\n<p><iframe loading=\"lazy\"  id=\"_ytid_93941\"  width=\"792\" height=\"446\"  data-origwidth=\"792\" data-origheight=\"446\" src=\"https:\/\/www.youtube.com\/embed\/RT8OYFD346A?enablejsapi=1&#038;autoplay=0&#038;cc_load_policy=0&#038;cc_lang_pref=&#038;iv_load_policy=1&#038;loop=0&#038;rel=1&#038;fs=1&#038;playsinline=0&#038;autohide=2&#038;theme=dark&#038;color=red&#038;controls=1&#038;disablekb=0&#038;\" class=\"__youtube_prefs__  epyt-is-override  no-lazyload\" title=\"YouTube player\"  allow=\"fullscreen; accelerometer; autoplay; clipboard-write; encrypted-media; gyroscope; picture-in-picture; web-share\" referrerpolicy=\"strict-origin-when-cross-origin\" allowfullscreen data-no-lazy=\"1\" data-skipgform_ajax_framebjll=\"\"><\/iframe><\/p>\n<p><em>Els Pastorets Confidencial<\/em>.\u00a0L&#8217;altra cara dels assajos. Els pastors es diverteixen a l&#8217;infern, caigudes que fan riure, Sant Josep canta, els dimonis demanen perd\u00f3 i pastors que no saben on van&#8230;<\/p>\n<p><iframe loading=\"lazy\"  id=\"_ytid_21343\"  width=\"792\" height=\"446\"  data-origwidth=\"792\" data-origheight=\"446\" src=\"https:\/\/www.youtube.com\/embed\/OE1MgZe42tU?enablejsapi=1&#038;autoplay=0&#038;cc_load_policy=0&#038;cc_lang_pref=&#038;iv_load_policy=1&#038;loop=0&#038;rel=1&#038;fs=1&#038;playsinline=0&#038;autohide=2&#038;theme=dark&#038;color=red&#038;controls=1&#038;disablekb=0&#038;\" class=\"__youtube_prefs__  epyt-is-override  no-lazyload\" title=\"YouTube player\"  allow=\"fullscreen; accelerometer; autoplay; clipboard-write; encrypted-media; gyroscope; picture-in-picture; web-share\" referrerpolicy=\"strict-origin-when-cross-origin\" allowfullscreen data-no-lazy=\"1\" data-skipgform_ajax_framebjll=\"\"><\/iframe><\/p>\n<p>Tr\u00e0iler d&#8217;<em>Els Pastorets<\/em> 2015.<\/p>\n<p><iframe loading=\"lazy\"  id=\"_ytid_14564\"  width=\"792\" height=\"446\"  data-origwidth=\"792\" data-origheight=\"446\" src=\"https:\/\/www.youtube.com\/embed\/7cqjMt9lM-Q?enablejsapi=1&#038;autoplay=0&#038;cc_load_policy=0&#038;cc_lang_pref=&#038;iv_load_policy=1&#038;loop=0&#038;rel=1&#038;fs=1&#038;playsinline=0&#038;autohide=2&#038;theme=dark&#038;color=red&#038;controls=1&#038;disablekb=0&#038;\" class=\"__youtube_prefs__  epyt-is-override  no-lazyload\" title=\"YouTube player\"  allow=\"fullscreen; accelerometer; autoplay; clipboard-write; encrypted-media; gyroscope; picture-in-picture; web-share\" referrerpolicy=\"strict-origin-when-cross-origin\" allowfullscreen data-no-lazy=\"1\" data-skipgform_ajax_framebjll=\"\"><\/iframe><\/p>\n<p>V\u00eddeo resum de\u00a0<a href=\"http:\/\/www.graciamon.cat\/\" target=\"_blank\" rel=\"noopener\">Graciamon<\/a>\u00a0de la lectura dramatitzada de l\u2019obra\u00a0<em>Assaig General<\/em>, de Josep Escobar (10 de novembre del 2015,\u00a0<a href=\"http:\/\/www.lavioleta.cat\/\" target=\"_blank\" rel=\"noopener\">Centre Cultural La Violeta<\/a>).\u00a0El Grup de Teatre hi va participar junt a altres grups de la Coordinadora del Barcelon\u00e8s de la\u00a0<a href=\"http:\/\/www.teatreamateur.cat\/\" target=\"_blank\" rel=\"noopener\">Federaci\u00f3 de Grups Amateurs de Teatre de Catalunya<\/a>.<\/p>\n<p><iframe loading=\"lazy\"  id=\"_ytid_92389\"  width=\"792\" height=\"594\"  data-origwidth=\"792\" data-origheight=\"594\" src=\"https:\/\/www.youtube.com\/embed\/yXZqFE2xB1Q?enablejsapi=1&#038;autoplay=0&#038;cc_load_policy=0&#038;cc_lang_pref=&#038;iv_load_policy=1&#038;loop=0&#038;rel=1&#038;fs=1&#038;playsinline=0&#038;autohide=2&#038;theme=dark&#038;color=red&#038;controls=1&#038;disablekb=0&#038;\" class=\"__youtube_prefs__  epyt-is-override  no-lazyload\" title=\"YouTube player\"  allow=\"fullscreen; accelerometer; autoplay; clipboard-write; encrypted-media; gyroscope; picture-in-picture; web-share\" referrerpolicy=\"strict-origin-when-cross-origin\" allowfullscreen data-no-lazy=\"1\" data-skipgform_ajax_framebjll=\"\"><\/iframe><\/p>\n<p>Participaci\u00f3 a l&#8217;acte de celebraci\u00f3 de la Diada Nacional de Catalunya a Gr\u00e0cia (Auditori de la Biblioteca Jaume Fuster, 10 de setembre del 2015). V\u00eddeo de\u00a0<a href=\"http:\/\/www.graciamon.cat\/\" target=\"_blank\" rel=\"noopener\">Graciamon<\/a>.<\/p>\n<p><iframe loading=\"lazy\"  id=\"_ytid_93145\"  width=\"792\" height=\"594\"  data-origwidth=\"792\" data-origheight=\"594\" src=\"https:\/\/www.youtube.com\/embed\/H3aG7GZhpNI?enablejsapi=1&#038;autoplay=0&#038;cc_load_policy=0&#038;cc_lang_pref=&#038;iv_load_policy=1&#038;loop=0&#038;rel=1&#038;fs=1&#038;playsinline=0&#038;autohide=2&#038;theme=dark&#038;color=red&#038;controls=1&#038;disablekb=0&#038;\" class=\"__youtube_prefs__  epyt-is-override  no-lazyload\" title=\"YouTube player\"  allow=\"fullscreen; accelerometer; autoplay; clipboard-write; encrypted-media; gyroscope; picture-in-picture; web-share\" referrerpolicy=\"strict-origin-when-cross-origin\" allowfullscreen data-no-lazy=\"1\" data-skipgform_ajax_framebjll=\"\"><\/iframe><\/p>\n<p><em>L&#8217;hostalera<\/em>, de Carlo Goldoni (13 i 14 de juny del 2015). V\u00eddeo resum de\u00a0<a href=\"http:\/\/www.graciamon.cat\/\" target=\"_blank\" rel=\"noopener\">Graciamon<\/a>.<\/p>\n<p><iframe loading=\"lazy\"  id=\"_ytid_14366\"  width=\"792\" height=\"594\"  data-origwidth=\"792\" data-origheight=\"594\" src=\"https:\/\/www.youtube.com\/embed\/9qw0x-CdAHQ?enablejsapi=1&#038;autoplay=0&#038;cc_load_policy=0&#038;cc_lang_pref=&#038;iv_load_policy=1&#038;loop=0&#038;rel=1&#038;fs=1&#038;playsinline=0&#038;autohide=2&#038;theme=dark&#038;color=red&#038;controls=1&#038;disablekb=0&#038;\" class=\"__youtube_prefs__  epyt-is-override  no-lazyload\" title=\"YouTube player\"  allow=\"fullscreen; accelerometer; autoplay; clipboard-write; encrypted-media; gyroscope; picture-in-picture; web-share\" referrerpolicy=\"strict-origin-when-cross-origin\" allowfullscreen data-no-lazy=\"1\" data-skipgform_ajax_framebjll=\"\"><\/iframe><\/p>\n<p><em>El temps i els Conway<\/em>, de J.B. Priestley (9 i 10 de maig del 2015). V\u00eddeo resum de\u00a0<a href=\"http:\/\/www.graciamon.cat\/\" target=\"_blank\" rel=\"noopener\">Graciamon<\/a>.<\/p>\n<p><iframe loading=\"lazy\"  id=\"_ytid_85332\"  width=\"792\" height=\"594\"  data-origwidth=\"792\" data-origheight=\"594\" src=\"https:\/\/www.youtube.com\/embed\/fpKsyTsmD3o?enablejsapi=1&#038;autoplay=0&#038;cc_load_policy=0&#038;cc_lang_pref=&#038;iv_load_policy=1&#038;loop=0&#038;rel=1&#038;fs=1&#038;playsinline=0&#038;autohide=2&#038;theme=dark&#038;color=red&#038;controls=1&#038;disablekb=0&#038;\" class=\"__youtube_prefs__  epyt-is-override  no-lazyload\" title=\"YouTube player\"  allow=\"fullscreen; accelerometer; autoplay; clipboard-write; encrypted-media; gyroscope; picture-in-picture; web-share\" referrerpolicy=\"strict-origin-when-cross-origin\" allowfullscreen data-no-lazy=\"1\" data-skipgform_ajax_framebjll=\"\"><\/iframe><\/p>\n<p><em>Fuita<\/em>, de Jordi Galceran (7 i 8 de febrer del 2015). V\u00eddeo resum de <a href=\"http:\/\/www.graciamon.cat\">Graciamon<\/a>.<\/p>\n","protected":false},"excerpt":{"rendered":"<p>Dissabte, diumenge i dilluns, d&#8217;Eduardo de Filippo (30 i 31 de mar\u00e7 del 2019) Et vols casar amb mi?, d&#8217;Adri\u00e0 V. Terr\u00e9s (10 i 11 de novembre del 2018) Shrek (5 i 6 de maig del 2018) Cinc noies i un s\u00ed (14 i 15 d&#8217;abril del 2018) Carnaval, de Jordi Galceran (17 i 18 <a class=\"read-more\" href=\"https:\/\/blocs.xarxanet.org\/teatrecorpus\/multimedia\/\">[&hellip;]<\/a><\/p>\n","protected":false},"author":382,"featured_media":0,"parent":0,"menu_order":5,"comment_status":"closed","ping_status":"closed","template":"","meta":{"footnotes":""},"class_list":["post-109","page","type-page","status-publish","hentry"],"_links":{"self":[{"href":"https:\/\/blocs.xarxanet.org\/teatrecorpus\/wp-json\/wp\/v2\/pages\/109","targetHints":{"allow":["GET"]}}],"collection":[{"href":"https:\/\/blocs.xarxanet.org\/teatrecorpus\/wp-json\/wp\/v2\/pages"}],"about":[{"href":"https:\/\/blocs.xarxanet.org\/teatrecorpus\/wp-json\/wp\/v2\/types\/page"}],"author":[{"embeddable":true,"href":"https:\/\/blocs.xarxanet.org\/teatrecorpus\/wp-json\/wp\/v2\/users\/382"}],"replies":[{"embeddable":true,"href":"https:\/\/blocs.xarxanet.org\/teatrecorpus\/wp-json\/wp\/v2\/comments?post=109"}],"version-history":[{"count":33,"href":"https:\/\/blocs.xarxanet.org\/teatrecorpus\/wp-json\/wp\/v2\/pages\/109\/revisions"}],"predecessor-version":[{"id":1532,"href":"https:\/\/blocs.xarxanet.org\/teatrecorpus\/wp-json\/wp\/v2\/pages\/109\/revisions\/1532"}],"wp:attachment":[{"href":"https:\/\/blocs.xarxanet.org\/teatrecorpus\/wp-json\/wp\/v2\/media?parent=109"}],"curies":[{"name":"wp","href":"https:\/\/api.w.org\/{rel}","templated":true}]}}