{"id":76,"date":"2022-06-24T17:35:12","date_gmt":"2022-06-24T15:35:12","guid":{"rendered":"http:\/\/blocs.xarxanet.org\/segaribatre\/?page_id=76"},"modified":"2025-06-17T00:03:52","modified_gmt":"2025-06-16T22:03:52","slug":"programa-2024","status":"publish","type":"page","link":"https:\/\/blocs.xarxanet.org\/segaribatre\/programa-2024\/","title":{"rendered":"PROGRAMA 2025"},"content":{"rendered":"<p><b>DISSABTE\u00a0 5 DE JULIOL<\/b><\/p>\n<p><b>Durant tota la tarda:<\/b><\/p>\n<ul>\n<li style=\"font-weight: 400\"><span style=\"font-weight: 400\">Els nostres jocs infantils<\/span><\/li>\n<li style=\"font-weight: 400\"><span style=\"font-weight: 400\">Exposici\u00f3 a la cabana petita <\/span><span style=\"font-weight: 400\">de <strong>Anita Smile Art<\/strong><\/span><\/li>\n<li style=\"font-weight: 400\"><span style=\"font-weight: 400\">Tallers:<\/span>\n<ul>\n<li style=\"font-weight: 400\"><span style=\"font-weight: 400\">Farem un paller\u00a0\u00a0<\/span><\/li>\n<li style=\"font-weight: 400\"><span style=\"font-weight: 400\">Espigolarem\u00a0<\/span><\/li>\n<\/ul>\n<\/li>\n<li style=\"font-weight: 400\"><span style=\"font-weight: 400\">Demostraci\u00f3 de paret de t\u00e0pia a c\u00e0rrec dels <strong>Amics de l\u2019Arquitectura Popular<\/strong><\/span><\/li>\n<\/ul>\n<p>&nbsp;<\/p>\n<p><span style=\"font-weight: 400\">17:30: Ens trobem al tros!<\/span><\/p>\n<p><span style=\"font-weight: 400\">Demostraci\u00f3 de diverses tasques de la sega i la batuda durant tota la tarda<\/span><\/p>\n<p><span style=\"font-weight: 400\">20:00 Presentaci\u00f3 exposici\u00f3 <\/span><span style=\"font-weight: 400\">\u201cSegar i Batre. Festa de sol i de vida\u201d <\/span><span style=\"font-weight: 400\">a la cabana petita a c\u00e0rrec\u00a0 de <strong>Anita Smile <\/strong><\/span><strong>Art<\/strong><\/p>\n<p><span style=\"font-weight: 400\">20:30 <\/span><i><span style=\"font-weight: 400\">Garba Sunset<\/span><\/i><span style=\"font-weight: 400\"> amb m\u00fasica d&#8217;ambient<\/span><\/p>\n<p><span style=\"font-weight: 400\">21:30 Sopar a la fresca<\/span><\/p>\n<p><span style=\"font-weight: 400\">22:00 Concert amb <strong>Tal Kual Versions<\/strong><\/span><\/p>\n<p>&nbsp;<\/p>\n<p><b>DIUMENGE 6\u00a0 DE JULIOL<\/b><\/p>\n<p><b>Durant tot el mat\u00ed<\/b><\/p>\n<ul>\n<li style=\"font-weight: 400\"><span style=\"font-weight: 400\">Exposici\u00f3 a la cabana petita de <strong>Anita Smile <\/strong><\/span><strong>Art<\/strong><\/li>\n<li style=\"font-weight: 400\"><span style=\"font-weight: 400\">Tallers:<\/span>\n<ul>\n<li><span style=\"font-weight: 400\">Sabons enfeltrats a c\u00e0rrec de <strong>Fibrart<\/strong><\/span><\/li>\n<li><span style=\"font-weight: 400\">Cistelleria de v\u00edmet a c\u00e0rrec d\u2019<strong>Aleix Grifoll\u00a0<\/strong><\/span><\/li>\n<li><span style=\"font-weight: 400\">Taller de fang a c\u00e0rrec de <strong>Fanguer\u00a0<\/strong><\/span><\/li>\n<li><span style=\"font-weight: 400\">Espigolarem\u00a0<\/span><\/li>\n<li><span style=\"font-weight: 400\">Mural art\u00edstic a c\u00e0rrec del <strong>Museu Trepat\u00a0\u00a0<\/strong><\/span><\/li>\n<li><span style=\"font-weight: 400\">Passeigs amb ponis a c\u00e0rrec de <strong>Cavalls P\u00e0mpols Vila<\/strong><\/span><\/li>\n<\/ul>\n<\/li>\n<li style=\"font-weight: 400\"><span style=\"font-weight: 400\">Els nostres jocs infantils<\/span><\/li>\n<\/ul>\n<p>&nbsp;<\/p>\n<p><span style=\"font-weight: 400\">08:00 Obertura recinte de l\u2019era.<\/span><\/p>\n<p><span style=\"font-weight: 400\">\u00a0Es vendr\u00e0 \u201c<\/span><i><span style=\"font-weight: 400\">esmorzar de forca\u201d<\/span><\/i><span style=\"font-weight: 400\"> (esqueixada, tupina amb tomata i sopa de pa)<\/span><\/p>\n<p><span style=\"font-weight: 400\">08:30 Demostraci\u00f3 de sega amb dalla<\/span><\/p>\n<p><span style=\"font-weight: 400\">09:30 Esmorzar dels batedors<\/span><\/p>\n<p><span style=\"font-weight: 400\">09:45 Segarem amb lo tractor i la lligadora<\/span><\/p>\n<p><span style=\"font-weight: 400\">10:30 Tombarem la batuda<\/span><\/p>\n<p><span style=\"font-weight: 400\">11:00 Presentaci\u00f3 del llibre \u201cCugula\u201d a c\u00e0rrec de la seva autora, <strong>Ivet Eroles<\/strong><\/span><\/p>\n<p><span style=\"font-weight: 400\">11:30 Demostraci\u00f3 de una m\u00e0quina recol\u00b7lectora de 1945<\/span><\/p>\n<p>12:00 Acabarem les tasques de batre<\/p>\n<p><span style=\"font-weight: 400\">12:30 Concert vermut amb <\/span><i><span style=\"font-weight: 400\"><strong>Dejand Band<\/strong>.<\/span><\/i><span style=\"font-weight: 400\"> S\u2019entregaran els distintius de petits batedors\/es i es sortejaran les cistelles.<\/span><\/p>\n<p><span style=\"font-weight: 400\">14:00 Fi de festa i cadasc\u00fa a casa seva<\/span><\/p>\n<p><span style=\"font-weight: 400\">\u00a0\u00a0\u00a0\u00a0\u00a0\u00a0\u00a0\u00a0\u00a0\u00a0\u00a0\u00a0\u00a0\u00a0\u00a0\u00a0\u00a0\u00a0\u00a0\u00a0\u00a0\u00a0\u00a0\u00a0\u00a0\u00a0\u00a0\u00a0\u00a0\u00a0\u00a0\u00a0\u00a0\u00a0\u00a0\u00a0\u00a0\u00a0\u00a0\u00a0\u00a0\u00a0\u00a0\u00a0\u00a0\u00a0\u00a0\u00a0\u00a0\u00a0\u00a0\u00a0\u00a0\u00a0\u00a0***<\/span><\/p>\n<ul>\n<li style=\"font-weight: 400\"><span style=\"font-weight: 400\">Servei de barra i de menjar amb coca d\u2019escalivada i pa amb tomata i pernil durant tota la festa<\/span><\/li>\n<li style=\"font-weight: 400\"><span style=\"font-weight: 400\">Gaudeix de les begudes especials:\u00a0 cervesa de blat de <\/span><strong><i>La Vella Caravana<\/i><\/strong><span style=\"font-weight: 400\"> i les infusions de tim\u00f3 i\u00a0 menta <\/span><strong><i>MadeSant<\/i><\/strong><\/li>\n<li style=\"font-weight: 400\"><span style=\"font-weight: 400\">\u00a0Participa a les activitats\u00a0 amb el logotip de la festa i aconsegueix el distintiu de petit batedor\/a!. Informa\u2019t al taulell de la venda de tiquets.<\/span><\/li>\n<\/ul>\n<p><img loading=\"lazy\" decoding=\"async\" class=\"aligncenter wp-image-221\" src=\"http:\/\/blocs.xarxanet.org\/segaribatre\/files\/2025\/06\/imatge-capcalera-SIB-2025-300x114.png\" alt=\"\" width=\"325\" height=\"124\" srcset=\"https:\/\/blocs.xarxanet.org\/segaribatre\/files\/2025\/06\/imatge-capcalera-SIB-2025-300x114.png 300w, https:\/\/blocs.xarxanet.org\/segaribatre\/files\/2025\/06\/imatge-capcalera-SIB-2025-768x293.png 768w, https:\/\/blocs.xarxanet.org\/segaribatre\/files\/2025\/06\/imatge-capcalera-SIB-2025.png 960w\" sizes=\"auto, (max-width: 325px) 100vw, 325px\" \/><\/p>\n","protected":false},"excerpt":{"rendered":"<p>DISSABTE\u00a0 5 DE JULIOL Durant tota la tarda: Els nostres jocs infantils Exposici\u00f3 a la cabana petita de Anita Smile Art Tallers: Farem un paller\u00a0\u00a0 Espigolarem\u00a0 Demostraci\u00f3 de paret de t\u00e0pia a c\u00e0rrec dels Amics de l\u2019Arquitectura Popular &nbsp; 17:30: Ens trobem al tros! Demostraci\u00f3 de diverses tasques de la sega i la batuda durant &hellip; <\/p>\n<p class=\"link-more\"><a href=\"https:\/\/blocs.xarxanet.org\/segaribatre\/programa-2024\/\" class=\"more-link\">Continua llegint <span class=\"screen-reader-text\">\u00abPROGRAMA 2025\u00bb<\/span><\/a><\/p>\n","protected":false},"author":496,"featured_media":0,"parent":0,"menu_order":0,"comment_status":"closed","ping_status":"closed","template":"","meta":{"footnotes":""},"class_list":["post-76","page","type-page","status-publish","hentry"],"_links":{"self":[{"href":"https:\/\/blocs.xarxanet.org\/segaribatre\/wp-json\/wp\/v2\/pages\/76","targetHints":{"allow":["GET"]}}],"collection":[{"href":"https:\/\/blocs.xarxanet.org\/segaribatre\/wp-json\/wp\/v2\/pages"}],"about":[{"href":"https:\/\/blocs.xarxanet.org\/segaribatre\/wp-json\/wp\/v2\/types\/page"}],"author":[{"embeddable":true,"href":"https:\/\/blocs.xarxanet.org\/segaribatre\/wp-json\/wp\/v2\/users\/496"}],"replies":[{"embeddable":true,"href":"https:\/\/blocs.xarxanet.org\/segaribatre\/wp-json\/wp\/v2\/comments?post=76"}],"version-history":[{"count":19,"href":"https:\/\/blocs.xarxanet.org\/segaribatre\/wp-json\/wp\/v2\/pages\/76\/revisions"}],"predecessor-version":[{"id":223,"href":"https:\/\/blocs.xarxanet.org\/segaribatre\/wp-json\/wp\/v2\/pages\/76\/revisions\/223"}],"wp:attachment":[{"href":"https:\/\/blocs.xarxanet.org\/segaribatre\/wp-json\/wp\/v2\/media?parent=76"}],"curies":[{"name":"wp","href":"https:\/\/api.w.org\/{rel}","templated":true}]}}