{"id":29,"date":"2022-06-02T23:10:53","date_gmt":"2022-06-02T21:10:53","guid":{"rendered":"http:\/\/blocs.xarxanet.org\/segaribatre\/?page_id=29"},"modified":"2022-06-24T16:51:46","modified_gmt":"2022-06-24T14:51:46","slug":"info-legal","status":"publish","type":"page","link":"https:\/\/blocs.xarxanet.org\/segaribatre\/info-legal\/","title":{"rendered":"INFO LEGAL"},"content":{"rendered":"<ol>\n<li>IDENTIFICACI\u00d3 DEL TITULAR DEL DOMINI<\/li>\n<\/ol>\n<p>D\u2019acord amb el que disposa l\u2019article 10 de la Llei 34\/2002, de 11 de juliol, de Serveis de la Societat de la Informaci\u00f3 i del Comer\u00e7 Electr\u00f2nic, us informem:<\/p>\n<p>El titular de la web \u00e9s Associaci\u00f3 de les Festes del Segar i Batre, amb domicili a La Fuliola, C\/\u00c0ngel Guimer\u00e0, 54, CIF: G25052440 inscrita al Registre d\u2019Entitats Jur\u00eddiques num. 706<\/p>\n<p>Correu electr\u00f2nic de contacte:\u00a0segaribatrelafuliola@gmail.com<\/p>\n<p>2.- PRIVACITAT I TRACTAMENT DE LA INFORMACI\u00d3<\/p>\n<p>2.1.- DRET D\u2019INFORMACI\u00d3<\/p>\n<p>D\u2019acord amb el que disposa l\u2019article 11 de la Llei Org\u00e0nica 3\/2018, de 5 de desembre, de Protecci\u00f3 de Dades Personals i garantia dels drets digitals (en endavant LOPDGDD) i l\u2019article 13 del Reglament General de Protecci\u00f3 de Dades 2016\/679 us informem de:<\/p>\n<p><em>2.1.1.- Identificaci\u00f3 de responsables:<\/em><\/p>\n<p>El responsable del tractament \u00e9s L\u2019Associaci\u00f3 de les Festes del Segar i del Batre amb les dades de contacte que consten a l\u2019apart 1 d\u2019aquest av\u00eds.<\/p>\n<p><em>2.1.2.- Finalitats de tractament i base jur\u00eddica<\/em><\/p>\n<p><em>2.1.2.1.- Finalitat general<\/em><\/p>\n<p>Les dades que ens faciliteu als formularis que trobareu a la web, les que ens envieu a la nostra adre\u00e7a de correu electr\u00f2nic i les que es puguin generar mentre mantingueu relaci\u00f3 amb el responsable del tractament s\u2019incorporaran, tal com ens les cediu, a una base de dades titularitat del responsable del tractament.<\/p>\n<p>Farem servir les dades per prestar-vos els serveis que ens demaneu i per enviar informaci\u00f3 de les nostres activitats per correu electr\u00f2nic o adre\u00e7a postal.<\/p>\n<p>La base jur\u00eddica d\u2019aquest tractament ser\u00e0 la relaci\u00f3 contractual que mantingueu amb el responsable del tractament i el consentiment que atorgueu en acceptar aquest av\u00eds.<\/p>\n<p><em>2.1.2.2.- Tractament d\u2019imatges.<\/em><\/p>\n<p>El responsable del tractament documenta els esdeveniments de car\u00e0cter p\u00fablic que organitza amb fotografies i v\u00eddeos amb la finalitat de fer-ne difusi\u00f3 a la seva web o dem\u00e9s espais de difusi\u00f3 p\u00fablica d\u2019informaci\u00f3 com s\u00f3n: la pr\u00f2pia web, les xarxes socials on l\u2019Associaci\u00f3 de les Festes del Segar i del Batre disposi de perfil creat i publicacions a pr\u00f2pies o a premsa.<\/p>\n<p>El tractament d\u2019aquestes imatges est\u00e0 legitimat amb el consentiment dels afectats o en aplicaci\u00f3 de l\u2019article 8 de la LO 1\/1982 de protecci\u00f3 del dret a l\u2019honor, la intimitat i la pr\u00f2pia imatge:<\/p>\n<p><em>Article 8<\/em><\/p>\n<ol>\n<li><em> No es reputaran, amb car\u00e0cter general, intromissions il\u00b7leg\u00edtimes les actuacions autoritzades o acordades per l&#8217;Autoritat competent d&#8217;acord amb la llei, ni quan predomini un inter\u00e8s hist\u00f2ric, cient\u00edfic o cultural rellevant.<\/em><\/li>\n<li><em> En particular, el dret a la pr\u00f2pia imatge no impedir\u00e0:<br \/>\na) La seva captaci\u00f3, reproducci\u00f3 o publicaci\u00f3 per qualsevol mitj\u00e0, quan es tracti de persones que exerceixin un c\u00e0rrec p\u00fablic o una professi\u00f3 de notorietat o projecci\u00f3 p\u00fablica i la imatge es capti durant un acte p\u00fablic o en llocs oberts al p\u00fablic.<br \/>\nb) La utilitzaci\u00f3 de la caricatura d&#8217;aquestes persones, d&#8217;acord amb l&#8217;\u00fas social.<br \/>\nc) L&#8217;informaci\u00f3 gr\u00e0fica sobre un succ\u00e9s o\u00a0esdeveniment p\u00fablic quan la imatge d&#8217;una persona determinada aparegui com a merament access\u00f2ria.<\/em><\/li>\n<\/ol>\n<p>Les excepcions contemplades en les par\u00e0grafs a)\u00a0i b) no seran d&#8217;aplicaci\u00f3 respecte de les autoritats o persones que exerceixin funcions que per la seva naturalesa necessiten l&#8217;anonimat de la persona que les exerceixi.<\/p>\n<p><em>2.1.3.- Categories de destinataris.<\/em><\/p>\n<p>Per donar compliment a les anteriors finalitats tindran acc\u00e9s a les seves dades:<\/p>\n<ul>\n<li>El personal degudament autoritzats per la direcci\u00f3 del responsable del tractament.<\/li>\n<li>Els prove\u00efdors necessaris per donar compliment a la seva demanda.<\/li>\n<li>L\u2019administraci\u00f3 p\u00fablica en l\u2019\u00e0mbit de les seves compet\u00e8ncies.<\/li>\n<\/ul>\n<p><em>2.1.4.- Termini de conservaci\u00f3 de la informaci\u00f3.<\/em><\/p>\n<p>El responsable del tractament conservar\u00e0 la seva informaci\u00f3 mentre no revoqui el consentiment atorgat en acceptar aquesta cl\u00e0usula.<\/p>\n<p><em>2.1.5.- Drets com a afectat<\/em><\/p>\n<p>Teniu dret a accedir, rectificar, suprimir, oposar-vos a que les vostres dades es tractin, a limitar el tractament, a demanar la portabilitat de les dades, a no ser sotm\u00e8s a decisions individuals automatitzades i a revocar el consentiment que atorgueu. Per exercir aquests drets podeu dirigir-vos per escrit a 25332 La Fuliola, C\/\u00c0ngel Guimer\u00e0, 54, , enviar un correu electr\u00f2nic a l\u2019adre\u00e7a\u00a0<a href=\"mailto:segaribatrelafuliola@gmail.com\">segaribatrelafuliola@gmail.com<\/a>\u00a0amb el text \u201cPROTECCI\u00d3 DE DADES\u201d a l\u2019assumpte.<\/p>\n<p><em>2.1.6.- Dret de reclamaci\u00f3<\/em><\/p>\n<p>L\u2019organisme competent per con\u00e8ixer de la correcta aplicaci\u00f3 de les normes sobre tractament de la informaci\u00f3 \u00e9s l\u2019Autoritat Espanyola de Protecci\u00f3 de Dades, amb domicili al Carrer Jorge Juan n. 6 de Madrid.<\/p>\n<p><em>2.1.7.- Obligacions de l\u2019afectat<\/em><\/p>\n<p>L\u2019afectat ha d\u2019aportar informaci\u00f3 vera\u00e7 i actualitzada en tots els processos de recollida de dades, sent ell l\u2019\u00fanic responsable de la vulneraci\u00f3 d\u2019aquesta obligaci\u00f3.<\/p>\n<p>Als formularis de recollida de dades estan marcades les dades que s\u00f3n obligat\u00f2ries aportar, en funci\u00f3 de la demanda que faci l\u2019afectat. La manca de l\u2019aportaci\u00f3 d\u2019aquetes dades pot suposar la impossibilitat de participar de l\u2019activitat o proporcionar el servei que es demana.<\/p>\n<p><em>2.1.8.- Elaboraci\u00f3 de perfils<\/em><\/p>\n<p>Per a l\u2019acompliment dels objectius del responsable del tractament i, sobretot, per fer una atenci\u00f3 m\u00e9s personalitzada, acurada i efica\u00e7 de l\u2019usuari, de vegades, \u00e9s necessari elaborar perfils dels destinataris dels serveis. En cap cas, l\u2019elaboraci\u00f3 del perfil es fa de manera exclusivament automatitzada.<\/p>\n<p>2.2. CONSENTIMENT DE L\u2019USUARI<\/p>\n<p>S\u2019ent\u00e9n que l\u2019usuari accepta les condicions establertes si prem el bot\u00f3 \u2018ENVIAR\u2019 que es troba en tots els formularis de recollida de dades, o si envia un missatge per correu electr\u00f2nic.<\/p>\n<p>Les dades personals es desen a la base de dades general d\u2019administraci\u00f3 de L\u2019Associaci\u00f3 de les Festes del Segar i del Batre que, en tot cas, garanteix les mesures t\u00e8cniques i organitzatives per a preservar la integritat i la seguretat de la informaci\u00f3 que tracta.<\/p>\n<p>2.3. SEGURETAT<\/p>\n<p>El responsable de tractamenti ha establert tots els mitjans t\u00e8cnics al seu abast per evitar la p\u00e8rdua, mal \u00fas, alteraci\u00f3, acc\u00e9s no autoritzat i robatori de les dades que ens faciliteu. El tractament de les dades personals est\u00e0 ajustat a la normativa establerta en la Llei Org\u00e0nica 3\/2018 de protecci\u00f3 de dades i garantia dels drets digitals i el Reglament (UE) 2016\/679 del Parlament Europeu i del Consell, de 27 de abril de 2016.<\/p>\n<p>2.4.- COOKIES I RECOLLIDA DE DADES ESTAD\u00cdSTIQUES<\/p>\n<p>La navegaci\u00f3 d&#8217;un usuari per aquesta web deixa com a rastre l&#8217;adre\u00e7a IP que li ha estat assignada pel seu prove\u00efdor d&#8217;acc\u00e9s a Internet. Nom\u00e9s es fa servir aquesta adre\u00e7a per a fins exclusivament interns, com s\u00f3n les estad\u00edstiques d&#8217;acc\u00e9s al Portal.<\/p>\n<p>Per a la utilitzaci\u00f3 d&#8217;aquesta web, \u00e9s possible que s&#8217;utilitzin cookies. Les cookies que es puguin utilitzar s&#8217;associen \u00fanicament amb el navegador d&#8217;un ordinador determinat (un usuari an\u00f2nim), i no proporcionen per si mateixes cap dada personal de l&#8217;usuari.<\/p>\n<p>L&#8217;usuari t\u00e9 la possibilitat de configurar el seu navegador per ser avisat en pantalla de la recepci\u00f3 de cookies i per evitar la seva instal\u00b7laci\u00f3 en el seu disc dur. Tots els navegadors permeten fer canvis amb la finalitat de desactivar la configuraci\u00f3 de les galetes. Aquests ajustaments es troben ubicats en les &#8220;opcions&#8221; o &#8220;prefer\u00e8ncies&#8221; del men\u00fa del seu navegador. A continuaci\u00f3 podr\u00e0 trobar els links de cada navegador per desactivar les cookies seguint les instruccions:<\/p>\n<ul>\n<li>Explorer: https:\/\/support.microsoft.com\/es-es\/help\/17442\/windows-internet-explorer-delete-manage-cookies<\/li>\n<li>Firefox: http:\/\/goo.gl\/F5pHX<\/li>\n<li>Chrome: http:\/\/support.google.com\/chrome\/bin\/answer.py?hl=es&amp;answer=95647<\/li>\n<li>Safari: http:\/\/support.apple.com\/kb\/ph5042<\/li>\n<li>Opera: http:\/\/www.opera.com\/help\/tutorials\/security\/privacy\/<\/li>\n<\/ul>\n<p>L&#8217;informem, per\u00f2, que hi ha la possibilitat de que la desactivaci\u00f3 d&#8217;alguna galeta impedeixi o dificulti la navegaci\u00f3 o la prestaci\u00f3 dels serveis oferts en aquesta web.<\/p>\n<p>2.5. \u2013 US D\u2019ADRECES IP<\/p>\n<p>Per facilitar la recerca de recursos que creiem que s\u00f3n del seu inter\u00e8s, pot trobar en aquesta web enlla\u00e7os a altres p\u00e0gines.<\/p>\n<p>Aquesta pol\u00edtica de privacitat nom\u00e9s \u00e9s d&#8217;aplicaci\u00f3 a aquest web. El responsable del tractament no garanteix el compliment d&#8217;aquesta pol\u00edtica en altres webs, ni es fa responsable dels accessos mitjan\u00e7ant enlla\u00e7os des d\u2019aquest lloc.<\/p>\n<ol start=\"3\">\n<li>NORMES D\u2019\u00daS DEL PORTAL<\/li>\n<\/ol>\n<p>Qui accedeixi i faci servir aquest lloc web, tindr\u00e0 la consideraci\u00f3 d\u2019usuari. L\u2019usuari pel sol fet de ser-ho, accepta totes les condicions d\u2019\u00fas.<\/p>\n<p>3.1. GEN\u00c8RIQUES<\/p>\n<p>Est\u00e0 prohibit publicar en aquesta web, als nostres blogs, i dem\u00e9s eines de participaci\u00f3 de continguts que atemptin contra els seg\u00fcents principis:<\/p>\n<ol>\n<li>a) La salvaguarda de l\u2019ordre p\u00fablic, la investigaci\u00f3 penal, seguretat p\u00fablica i defensa nacional.<\/li>\n<li>b) La protecci\u00f3 de la salut p\u00fablica o de les persones f\u00edsiques que tinguin la condici\u00f3 de consumidors o usuaris.<\/li>\n<li>c) El respecte a la dignitat de la persona i al principi de no discriminaci\u00f3 per motius de ra\u00e7a, sexe, opini\u00f3, nacionalitat, discapacitat o qualsevol altra circumst\u00e0ncia personal o social.<\/li>\n<li>d) La protecci\u00f3 de la joventut i de la inf\u00e0ncia.<\/li>\n<li>e) El respecte a l\u2019autonomia de la voluntat de l\u2019afectat.<\/li>\n<li>f) El respecte a la propietat intel\u00b7lectual d\u2019all\u00f2 publicat.<\/li>\n<li>g) En general, el respecte a la legalitat vigent.<\/li>\n<\/ol>\n<p>3.2. PARTICULARS<\/p>\n<p>L\u2019usuari assumeix la responsabilitat de l\u2019\u00fas del portal. Aquesta responsabilitat s\u2019est\u00e9n al registre que fos necessari per accedir a determinats serveis o continguts.<\/p>\n<p>L\u2019usuari ser\u00e0 responsable d\u2019aportar informaci\u00f3 vera\u00e7 i l\u00edcita en el proc\u00e9s de registre. L\u2019usuari es compromet a fer un \u00fas adequat dels continguts i serveis que el titular del domini ofereix a trav\u00e9s dels seus websites i eines de participaci\u00f3; amb car\u00e0cter enunciatiu per\u00f2 no limitador, tamb\u00e9 es compromet a no fer-les servir per a:<\/p>\n<ul>\n<li>Provocar danys als sistemes f\u00edsics i l\u00f2gics del responsable del tractament, dels seus prove\u00efdors o de terceres persones, introduir o difondre a la xarxa virus inform\u00e0tics o qualsevol altre sistema f\u00edsic o l\u00f2gic que sigui susceptible de provocar danys.<\/li>\n<li>Intentar accedir i, si s\u2019escau, utilitzar els comptes de correu electr\u00f2nic d\u2019altres usuaris i modificar o manipular els seus missatges.<\/li>\n<\/ul>\n<p>El titular del domini es reserva el dret de retirar tots els comentaris i aportacions que vulnerin el respecte a la dignitat de la persona, que siguin discriminatoris, xen\u00f2fobs, racistes, pornogr\u00e0fics, que atemptin contra les persones, especialment, contra els interessos de la joventut o de la inf\u00e0ncia, l\u2019ordre o la seguretat p\u00fablica o que, no resultessin adequats per a la seva publicaci\u00f3 a criteri de la direcci\u00f3 del centre.<\/p>\n<p>En qualsevol cas, el titular del domini no \u00e9s responsable de les opinions manifestades pels usuaris a trav\u00e9s dels f\u00f2rums, xats, o altres eines de participaci\u00f3.<\/p>\n<ol start=\"4\">\n<li>PROPIETAT INTEL\u00b7LECTUAL I INDUSTRIAL<\/li>\n<\/ol>\n<p>El titular del domini \u00e9s titular de tots els drets de propietat intel\u00b7lectual i industrial de les seves p\u00e0gines web, com tamb\u00e9 ho \u00e9s de tot el seu contingut, de manera que tota reproducci\u00f3, distribuci\u00f3 i comunicaci\u00f3 p\u00fablica total o parcial del seu contingut queda expressament prohibida sense l\u2019autoritzaci\u00f3 expressa de la direcci\u00f3 del centre.<\/p>\n<ol start=\"5\">\n<li>RESPONSABILITAT<\/li>\n<\/ol>\n<p>El titular del domini no es fa responsable dels danys i perjudicis que es puguin derivar d\u2019interfer\u00e8ncies o avaries telef\u00f2niques, desconnexions en el sistema electr\u00f2nic, pres\u00e8ncia de virus inform\u00e0tics, programes maliciosos o qualsevol altre factor ali\u00e8 al seu control.<\/p>\n<p>El titular del domini es reserva l\u2019exercici de les accions legals que corresponguin contra els que vulnerin aquestes condicions.<\/p>\n<ol start=\"6\">\n<li>MODIFICACIONS DE LES PRESENTS CONDICIONS I VIG\u00c8NCIA<\/li>\n<\/ol>\n<p>L\u2019Associaci\u00f3 de les Festes del Segar i del Batre pot modificar aquestes condicions en qualsevol moment, sense av\u00eds previ, publicant les seves modificacions tal com apareixen.<\/p>\n<ol start=\"7\">\n<li>LEGISLACI\u00d3 APLICABLE I JURISDICCI\u00d3<\/li>\n<\/ol>\n<p>La relaci\u00f3 entre el titular del domini i l\u2019usuari es regir\u00e0 per la normativa espanyola vigent i qualsevol controv\u00e8rsia se sotmetr\u00e0 als Jutjats i tribunals que correspongui a La Fuliola.<\/p>\n<p>&nbsp;<\/p>\n","protected":false},"excerpt":{"rendered":"<p>IDENTIFICACI\u00d3 DEL TITULAR DEL DOMINI D\u2019acord amb el que disposa l\u2019article 10 de la Llei 34\/2002, de 11 de juliol, de Serveis de la Societat de la Informaci\u00f3 i del Comer\u00e7 Electr\u00f2nic, us informem: El titular de la web \u00e9s Associaci\u00f3 de les Festes del Segar i Batre, amb domicili a La Fuliola, C\/\u00c0ngel Guimer\u00e0, &hellip; <\/p>\n<p class=\"link-more\"><a href=\"https:\/\/blocs.xarxanet.org\/segaribatre\/info-legal\/\" class=\"more-link\">Continua llegint <span class=\"screen-reader-text\">\u00abINFO LEGAL\u00bb<\/span><\/a><\/p>\n","protected":false},"author":496,"featured_media":0,"parent":0,"menu_order":0,"comment_status":"closed","ping_status":"closed","template":"","meta":{"footnotes":""},"class_list":["post-29","page","type-page","status-publish","hentry"],"_links":{"self":[{"href":"https:\/\/blocs.xarxanet.org\/segaribatre\/wp-json\/wp\/v2\/pages\/29","targetHints":{"allow":["GET"]}}],"collection":[{"href":"https:\/\/blocs.xarxanet.org\/segaribatre\/wp-json\/wp\/v2\/pages"}],"about":[{"href":"https:\/\/blocs.xarxanet.org\/segaribatre\/wp-json\/wp\/v2\/types\/page"}],"author":[{"embeddable":true,"href":"https:\/\/blocs.xarxanet.org\/segaribatre\/wp-json\/wp\/v2\/users\/496"}],"replies":[{"embeddable":true,"href":"https:\/\/blocs.xarxanet.org\/segaribatre\/wp-json\/wp\/v2\/comments?post=29"}],"version-history":[{"count":2,"href":"https:\/\/blocs.xarxanet.org\/segaribatre\/wp-json\/wp\/v2\/pages\/29\/revisions"}],"predecessor-version":[{"id":75,"href":"https:\/\/blocs.xarxanet.org\/segaribatre\/wp-json\/wp\/v2\/pages\/29\/revisions\/75"}],"wp:attachment":[{"href":"https:\/\/blocs.xarxanet.org\/segaribatre\/wp-json\/wp\/v2\/media?parent=29"}],"curies":[{"name":"wp","href":"https:\/\/api.w.org\/{rel}","templated":true}]}}