{"id":20,"date":"2022-06-02T22:48:48","date_gmt":"2022-06-02T20:48:48","guid":{"rendered":"http:\/\/blocs.xarxanet.org\/segaribatre\/?page_id=20"},"modified":"2022-06-25T12:28:45","modified_gmt":"2022-06-25T10:28:45","slug":"historia","status":"publish","type":"page","link":"https:\/\/blocs.xarxanet.org\/segaribatre\/historia\/","title":{"rendered":"HIST\u00d2RIA"},"content":{"rendered":"<p>Les Festes del Segar i del Batre es celebren des del 1980, essent un dels actes que van formar part del la celebraci\u00f3 del IX\u00e8 Centenari de la fundaci\u00f3 de la Fuliola.<\/p>\n<p>L\u2019objectiu de la festa ha estat la rememoraci\u00f3 de les feines i tasques agr\u00edcoles fins l\u2019arribada de la mecanitzaci\u00f3, durant el segle XX. El protagonista sempre ha estat el blat i les dues grans activitats que han girat al seu voltant:\u00a0 el segar i el batre.<\/p>\n<p>&nbsp;<\/p>\n<p>EL SEGAR<\/p>\n<p>Tradicionalment s\u2019ha realitzat l\u2019\u00faltim diumenge de juny i\u00a0 l\u2019objectiu \u00e9s procedir a la sega de les espigues que m\u00e9s endavant seran batudes a l\u2019era. Les eines que s\u2019usen son les fal\u00e7 i les dalles i les espigues queden agrupades en garbes.<\/p>\n<p>&nbsp;<\/p>\n<p>EL BATRE<\/p>\n<p>Al blat que s\u2019ha segat 15 dies abans es procedeix a aplicar-li tot el proc\u00e9s de la batuda, \u00e9s a dir, separar el gra de la palla. S\u2019inicia amb l\u2019estesa de les garbes a l\u2019era, que seguidament s\u2019esparpillen i s\u2019hi passa el trill i el corr\u00f3 per a que es comenci a despendre el gra de les espigues. Ja per la tarda, amb les forques de dues pues i les triances es comen\u00e7a a separar el gra de la palla tot fent colls.<\/p>\n<p>Eines\u00a0 com la ventadora i una m\u00e0quina de batre de 1925 se solen utilitzar com a demostraci\u00f3 de com era la incipient mecanitzaci\u00f3 del camp.<\/p>\n<p>Per a celebrar que la collita es acabada, es celebra amb\u00a0 un concert\u00a0 i un bon sopar de pag\u00e8s.<\/p>\n<p>&nbsp;<\/p>\n<p>L\u2019ERA<\/p>\n<p>La festa ha tingut diverses ubicacions i des de l\u2019any 1995 fins a l\u2019actualitat t\u00e9 lloc en una finca amb xops plantats que donen una sensaci\u00f3 agradable de frescor per suportar els rigors de la calor de l\u2019\u00e8poca. L\u2019 Era compta amb serveis i instal\u00b7lacions per gaudir de la jornada i l&#8217;espai amb comoditat.<\/p>\n","protected":false},"excerpt":{"rendered":"<p>Les Festes del Segar i del Batre es celebren des del 1980, essent un dels actes que van formar part del la celebraci\u00f3 del IX\u00e8 Centenari de la fundaci\u00f3 de la Fuliola. L\u2019objectiu de la festa ha estat la rememoraci\u00f3 de les feines i tasques agr\u00edcoles fins l\u2019arribada de la mecanitzaci\u00f3, durant el segle XX. &hellip; <\/p>\n<p class=\"link-more\"><a href=\"https:\/\/blocs.xarxanet.org\/segaribatre\/historia\/\" class=\"more-link\">Continua llegint <span class=\"screen-reader-text\">\u00abHIST\u00d2RIA\u00bb<\/span><\/a><\/p>\n","protected":false},"author":496,"featured_media":0,"parent":0,"menu_order":0,"comment_status":"closed","ping_status":"closed","template":"","meta":{"footnotes":""},"class_list":["post-20","page","type-page","status-publish","hentry"],"_links":{"self":[{"href":"https:\/\/blocs.xarxanet.org\/segaribatre\/wp-json\/wp\/v2\/pages\/20","targetHints":{"allow":["GET"]}}],"collection":[{"href":"https:\/\/blocs.xarxanet.org\/segaribatre\/wp-json\/wp\/v2\/pages"}],"about":[{"href":"https:\/\/blocs.xarxanet.org\/segaribatre\/wp-json\/wp\/v2\/types\/page"}],"author":[{"embeddable":true,"href":"https:\/\/blocs.xarxanet.org\/segaribatre\/wp-json\/wp\/v2\/users\/496"}],"replies":[{"embeddable":true,"href":"https:\/\/blocs.xarxanet.org\/segaribatre\/wp-json\/wp\/v2\/comments?post=20"}],"version-history":[{"count":4,"href":"https:\/\/blocs.xarxanet.org\/segaribatre\/wp-json\/wp\/v2\/pages\/20\/revisions"}],"predecessor-version":[{"id":92,"href":"https:\/\/blocs.xarxanet.org\/segaribatre\/wp-json\/wp\/v2\/pages\/20\/revisions\/92"}],"wp:attachment":[{"href":"https:\/\/blocs.xarxanet.org\/segaribatre\/wp-json\/wp\/v2\/media?parent=20"}],"curies":[{"name":"wp","href":"https:\/\/api.w.org\/{rel}","templated":true}]}}