{"id":33,"date":"2010-10-27T08:55:45","date_gmt":"2010-10-27T07:55:45","guid":{"rendered":"http:\/\/blocs.xarxanet.org\/prevencioncolligagirona\/?page_id=33"},"modified":"2018-09-12T16:30:17","modified_gmt":"2018-09-12T15:30:17","slug":"on-som","status":"publish","type":"page","link":"https:\/\/blocs.xarxanet.org\/prevencioncolligagirona\/on-som\/","title":{"rendered":"Contacte"},"content":{"rendered":"<p><a href=\"http:\/\/www.oncolligagirona.cat\"><img loading=\"lazy\" decoding=\"async\" class=\"size-medium wp-image-34 alignleft\" src=\"http:\/\/blocs.xarxanet.org\/prevencioncolligagirona\/files\/2010\/10\/01-fundacio-300x125.jpg\" alt=\"01 fundacio\" width=\"300\" height=\"125\" srcset=\"https:\/\/blocs.xarxanet.org\/prevencioncolligagirona\/files\/2010\/10\/01-fundacio-300x125.jpg 300w, https:\/\/blocs.xarxanet.org\/prevencioncolligagirona\/files\/2010\/10\/01-fundacio-1024x427.jpg 1024w, https:\/\/blocs.xarxanet.org\/prevencioncolligagirona\/files\/2010\/10\/01-fundacio.jpg 1417w\" sizes=\"auto, (max-width: 300px) 100vw, 300px\" \/><\/a><\/p>\n<p>Carrer Illa Fuerteventura, 10<br \/>\n17007\u00a0 Girona<br \/>\nTelf. 972 224 963<img loading=\"lazy\" decoding=\"async\" class=\"alignright size-medium wp-image-28\" src=\"http:\/\/blocs.xarxanet.org\/prevencioncolligagirona\/files\/2010\/10\/menjador-250px-300x200.jpg\" alt=\"menjador 250px\" width=\"300\" height=\"200\" srcset=\"https:\/\/blocs.xarxanet.org\/prevencioncolligagirona\/files\/2010\/10\/menjador-250px-300x200.jpg 300w, https:\/\/blocs.xarxanet.org\/prevencioncolligagirona\/files\/2010\/10\/menjador-250px.jpg 375w\" sizes=\"auto, (max-width: 300px) 100vw, 300px\" \/><br \/>\n<a href=\"http:\/\/www.oncolligagirona.cat\">www.oncolligagirona.cat<\/a><br \/>\n<a href=\"mailto:fundacio@oncolligagirona.cat\">fundacio@oncolligagirona.cat<\/a><\/p>\n<p>La <a href=\"http:\/\/www.oncolligagirona.cat\" target=\"_blank\">Fundaci\u00f3 Oncolliga &#8211; Lliga Catalana d&#8217;ajuda al malalt de c\u00e0ncer <\/a>\u00e9s una entitat sense \u00e0nim de lucre que treballa a\u00a0les comarques gironines per a millorar la vida de les persones malaltes de c\u00e0ncer aix\u00ed com a les seves fam\u00edlies.<\/p>\n<p><strong>Consulteu la web <a href=\"http:\/\/www.oncolligagirona.cat\">Oncolligagirona.cat <\/a> per veure els programes i els serveis que oferim.<\/strong><\/p>\n\n<div class=\"wpcf7 no-js\" id=\"wpcf7-f766-o1\" lang=\"\" dir=\"ltr\" data-wpcf7-id=\"766\">\n<div class=\"screen-reader-response\"><p role=\"status\" aria-live=\"polite\" aria-atomic=\"true\"><\/p> <ul><\/ul><\/div>\n<form action=\"\/prevencioncolligagirona\/wp-json\/wp\/v2\/pages\/33#wpcf7-f766-o1\" method=\"post\" class=\"wpcf7-form init\" aria-label=\"Formulari de contacte\" novalidate=\"novalidate\" data-status=\"init\">\n<fieldset class=\"hidden-fields-container\"><input type=\"hidden\" name=\"_wpcf7\" value=\"766\" \/><input type=\"hidden\" name=\"_wpcf7_version\" value=\"6.1.5\" \/><input type=\"hidden\" name=\"_wpcf7_locale\" value=\"\" \/><input type=\"hidden\" name=\"_wpcf7_unit_tag\" value=\"wpcf7-f766-o1\" \/><input type=\"hidden\" name=\"_wpcf7_container_post\" value=\"0\" \/><input type=\"hidden\" name=\"_wpcf7_posted_data_hash\" value=\"\" \/>\n<\/fieldset>\n<p>El vostre nom (obligatori)\n<\/p>\n<p><span class=\"wpcf7-form-control-wrap\" data-name=\"your-name\"><input size=\"40\" maxlength=\"400\" class=\"wpcf7-form-control wpcf7-text wpcf7-validates-as-required\" aria-required=\"true\" aria-invalid=\"false\" value=\"\" type=\"text\" name=\"your-name\" \/><\/span>\n<\/p>\n<p>El vostre email (obligatori)\n<\/p>\n<p><span class=\"wpcf7-form-control-wrap\" data-name=\"your-email\"><input size=\"40\" maxlength=\"400\" class=\"wpcf7-form-control wpcf7-email wpcf7-validates-as-required wpcf7-text wpcf7-validates-as-email\" aria-required=\"true\" aria-invalid=\"false\" value=\"\" type=\"email\" name=\"your-email\" \/><\/span>\n<\/p>\n<p>Assumpte\n<\/p>\n<p><span class=\"wpcf7-form-control-wrap\" data-name=\"your-subject\"><input size=\"40\" maxlength=\"400\" class=\"wpcf7-form-control wpcf7-text\" aria-invalid=\"false\" value=\"\" type=\"text\" name=\"your-subject\" \/><\/span>\n<\/p>\n<p>El vostre missatge\n<\/p>\n<p><span class=\"wpcf7-form-control-wrap\" data-name=\"your-message\"><textarea cols=\"40\" rows=\"10\" maxlength=\"2000\" class=\"wpcf7-form-control wpcf7-textarea\" aria-invalid=\"false\" name=\"your-message\"><\/textarea><\/span>\n<\/p>\n<p><input class=\"wpcf7-form-control wpcf7-submit has-spinner\" type=\"submit\" value=\"Enviar\" \/>\n<\/p><p style=\"display: none !important;\" class=\"akismet-fields-container\" data-prefix=\"_wpcf7_ak_\"><label>&#916;<textarea name=\"_wpcf7_ak_hp_textarea\" cols=\"45\" rows=\"8\" maxlength=\"100\"><\/textarea><\/label><input type=\"hidden\" id=\"ak_js_1\" name=\"_wpcf7_ak_js\" value=\"169\"\/><script>document.getElementById( \"ak_js_1\" ).setAttribute( \"value\", ( new Date() ).getTime() );<\/script><\/p><div class=\"wpcf7-response-output\" aria-hidden=\"true\"><\/div>\n<\/form>\n<\/div>\n\n","protected":false},"excerpt":{"rendered":"<p>Carrer Illa Fuerteventura, 10 17007\u00a0 Girona Telf. 972 224 963 www.oncolligagirona.cat fundacio@oncolligagirona.cat La Fundaci\u00f3 Oncolliga &#8211; Lliga Catalana d&#8217;ajuda al malalt de c\u00e0ncer \u00e9s una entitat sense \u00e0nim de lucre que treballa a\u00a0les comarques gironines per a millorar la vida de les persones malaltes de c\u00e0ncer aix\u00ed com a les seves fam\u00edlies. Consulteu la web [&hellip;]<\/p>\n","protected":false},"author":86,"featured_media":0,"parent":0,"menu_order":1,"comment_status":"closed","ping_status":"closed","template":"","meta":{"footnotes":""},"class_list":["post-33","page","type-page","status-publish","hentry"],"_links":{"self":[{"href":"https:\/\/blocs.xarxanet.org\/prevencioncolligagirona\/wp-json\/wp\/v2\/pages\/33","targetHints":{"allow":["GET"]}}],"collection":[{"href":"https:\/\/blocs.xarxanet.org\/prevencioncolligagirona\/wp-json\/wp\/v2\/pages"}],"about":[{"href":"https:\/\/blocs.xarxanet.org\/prevencioncolligagirona\/wp-json\/wp\/v2\/types\/page"}],"author":[{"embeddable":true,"href":"https:\/\/blocs.xarxanet.org\/prevencioncolligagirona\/wp-json\/wp\/v2\/users\/86"}],"replies":[{"embeddable":true,"href":"https:\/\/blocs.xarxanet.org\/prevencioncolligagirona\/wp-json\/wp\/v2\/comments?post=33"}],"version-history":[{"count":20,"href":"https:\/\/blocs.xarxanet.org\/prevencioncolligagirona\/wp-json\/wp\/v2\/pages\/33\/revisions"}],"predecessor-version":[{"id":1183,"href":"https:\/\/blocs.xarxanet.org\/prevencioncolligagirona\/wp-json\/wp\/v2\/pages\/33\/revisions\/1183"}],"wp:attachment":[{"href":"https:\/\/blocs.xarxanet.org\/prevencioncolligagirona\/wp-json\/wp\/v2\/media?parent=33"}],"curies":[{"name":"wp","href":"https:\/\/api.w.org\/{rel}","templated":true}]}}