{"id":289,"date":"2011-12-22T15:53:21","date_gmt":"2011-12-22T14:53:21","guid":{"rendered":"http:\/\/blocs.xarxanet.org\/prevencioncolligagirona\/?page_id=289"},"modified":"2018-09-12T16:25:54","modified_gmt":"2018-09-12T15:25:54","slug":"diposit-dinformacio","status":"publish","type":"page","link":"https:\/\/blocs.xarxanet.org\/prevencioncolligagirona\/diposit-dinformacio\/","title":{"rendered":"Enlla\u00e7os d&#8217;inter\u00e8s"},"content":{"rendered":"<p><span style=\"color: #000000\"><em><strong>DROGUES<\/strong><\/em><\/span><\/p>\n<p><a title=\"L\u00ednia verda\" href=\"http:\/\/www.liniaverda.org\/\">L\u00ednia verda<\/a><\/p>\n<p><a title=\"las drogas\" href=\"http:\/\/www.lasdrogas.info\/\" target=\"_blank\">Las drogas<\/a><\/p>\n<p><span style=\"color: #000000\"><em><strong>TABAC<\/strong><\/em><\/span><\/p>\n<p><a href=\"http:\/\/xtec.gencat.cat\/ca\/comunitat\/salutescola\/classe-sense-fum\/\">Classe sense fum<\/a><\/p>\n<p><a title=\"A no fumar me apunto\" href=\"http:\/\/www.anofumarmeapunto.es\/\" target=\"_blank\">A no fumar me apunto<\/a><\/p>\n<p><span style=\"color: #000000\"><em><strong>ALIMENTACI\u00d3<\/strong><\/em><\/span><\/p>\n<p><a title=\"Falsos mitos\" href=\"http:\/\/www.cecu.es\/publicaciones\/falsos_mitos.pdf\" target=\"_blank\">Falsos mitos<\/a><\/p>\n<p><span style=\"color: #000000\"><em><strong>EXERCICI F\u00cdSIC<\/strong><\/em><\/span><\/p>\n<p><a title=\"Avantatges de l'exercici\" href=\"http:\/\/www.gencat.cat\/salut\/depsalut\/pdf\/exerc.pdf\" target=\"_blank\">Avantatges de l&#8217;exercici f\u00edsic per la salut<\/a><\/p>\n","protected":false},"excerpt":{"rendered":"<p>DROGUES L\u00ednia verda Las drogas TABAC Classe sense fum A no fumar me apunto ALIMENTACI\u00d3 Falsos mitos EXERCICI F\u00cdSIC Avantatges de l&#8217;exercici f\u00edsic per la salut<\/p>\n","protected":false},"author":86,"featured_media":0,"parent":0,"menu_order":3,"comment_status":"closed","ping_status":"closed","template":"","meta":{"footnotes":""},"class_list":["post-289","page","type-page","status-publish","hentry"],"_links":{"self":[{"href":"https:\/\/blocs.xarxanet.org\/prevencioncolligagirona\/wp-json\/wp\/v2\/pages\/289","targetHints":{"allow":["GET"]}}],"collection":[{"href":"https:\/\/blocs.xarxanet.org\/prevencioncolligagirona\/wp-json\/wp\/v2\/pages"}],"about":[{"href":"https:\/\/blocs.xarxanet.org\/prevencioncolligagirona\/wp-json\/wp\/v2\/types\/page"}],"author":[{"embeddable":true,"href":"https:\/\/blocs.xarxanet.org\/prevencioncolligagirona\/wp-json\/wp\/v2\/users\/86"}],"replies":[{"embeddable":true,"href":"https:\/\/blocs.xarxanet.org\/prevencioncolligagirona\/wp-json\/wp\/v2\/comments?post=289"}],"version-history":[{"count":8,"href":"https:\/\/blocs.xarxanet.org\/prevencioncolligagirona\/wp-json\/wp\/v2\/pages\/289\/revisions"}],"predecessor-version":[{"id":1181,"href":"https:\/\/blocs.xarxanet.org\/prevencioncolligagirona\/wp-json\/wp\/v2\/pages\/289\/revisions\/1181"}],"wp:attachment":[{"href":"https:\/\/blocs.xarxanet.org\/prevencioncolligagirona\/wp-json\/wp\/v2\/media?parent=289"}],"curies":[{"name":"wp","href":"https:\/\/api.w.org\/{rel}","templated":true}]}}