{"id":2,"date":"2010-10-20T14:55:07","date_gmt":"2010-10-20T13:55:07","guid":{"rendered":""},"modified":"2016-03-18T12:03:51","modified_gmt":"2016-03-18T11:03:51","slug":"about","status":"publish","type":"page","link":"https:\/\/blocs.xarxanet.org\/prevencioncolligagirona\/about\/","title":{"rendered":"El bloc"},"content":{"rendered":"<p style=\"text-align: justify\"><a href=\"http:\/\/www.oncolligagirona.cat\"><img loading=\"lazy\" decoding=\"async\" class=\"alignleft size-medium wp-image-34\" title=\"01 fundacio\" src=\"http:\/\/blocs.xarxanet.org\/prevencioncolligagirona\/files\/2010\/10\/01-fundacio-300x125.jpg\" alt=\"01 fundacio\" width=\"300\" height=\"125\" srcset=\"https:\/\/blocs.xarxanet.org\/prevencioncolligagirona\/files\/2010\/10\/01-fundacio-300x125.jpg 300w, https:\/\/blocs.xarxanet.org\/prevencioncolligagirona\/files\/2010\/10\/01-fundacio-1024x427.jpg 1024w, https:\/\/blocs.xarxanet.org\/prevencioncolligagirona\/files\/2010\/10\/01-fundacio.jpg 1417w\" sizes=\"auto, (max-width: 300px) 100vw, 300px\" \/><\/a>El bloc \u00e9s un mitj\u00e0 per a\u00a0exposar\u00a0les not\u00edcies,\u00a0el resum dels diferents\u00a0estudis que es fan\u00a0a les universitats, els hospitals&#8230;, per expressar les opinions dels professionals pel que fa als diferents temes que tenen com a eix com\u00fa la prevenci\u00f3 del c\u00e0ncer: alimentaci\u00f3, exercici, tabac, alcohol, obesitat &#8230; Perqu\u00e8 l\u2019objectiu del bloc \u00e9s proporcionar informaci\u00f3 a la poblaci\u00f3 en general per prevenir la malaltia oncol\u00f2gica.<\/p>\n<p style=\"text-align: justify\">\u00a0En aquest bloc trobareu un recull del resum de\u00a0not\u00edcies i consells extrets d&#8217;articles\u00a0publicats en fonts cient\u00edfiques\u00a0o proporcionats per col\u00b7laboradors de l&#8217;Oncolliga, que desenvolupen els diferents conceptes i principis del Codi europeu del c\u00e0ncer. Tamb\u00e9 s&#8217;inclouen articles d&#8217;opini\u00f3 i not\u00edcies actuals que expliquen les activitats preventives que organitza l&#8217;Oncolliga.<\/p>\n","protected":false},"excerpt":{"rendered":"<p>El bloc \u00e9s un mitj\u00e0 per a\u00a0exposar\u00a0les not\u00edcies,\u00a0el resum dels diferents\u00a0estudis que es fan\u00a0a les universitats, els hospitals&#8230;, per expressar les opinions dels professionals pel que fa als diferents temes que tenen com a eix com\u00fa la prevenci\u00f3 del c\u00e0ncer: alimentaci\u00f3, exercici, tabac, alcohol, obesitat &#8230; Perqu\u00e8 l\u2019objectiu del bloc \u00e9s proporcionar informaci\u00f3 a la [&hellip;]<\/p>\n","protected":false},"author":86,"featured_media":0,"parent":0,"menu_order":2,"comment_status":"closed","ping_status":"closed","template":"","meta":{"footnotes":""},"class_list":["post-2","page","type-page","status-publish","hentry"],"_links":{"self":[{"href":"https:\/\/blocs.xarxanet.org\/prevencioncolligagirona\/wp-json\/wp\/v2\/pages\/2","targetHints":{"allow":["GET"]}}],"collection":[{"href":"https:\/\/blocs.xarxanet.org\/prevencioncolligagirona\/wp-json\/wp\/v2\/pages"}],"about":[{"href":"https:\/\/blocs.xarxanet.org\/prevencioncolligagirona\/wp-json\/wp\/v2\/types\/page"}],"author":[{"embeddable":true,"href":"https:\/\/blocs.xarxanet.org\/prevencioncolligagirona\/wp-json\/wp\/v2\/users\/86"}],"replies":[{"embeddable":true,"href":"https:\/\/blocs.xarxanet.org\/prevencioncolligagirona\/wp-json\/wp\/v2\/comments?post=2"}],"version-history":[{"count":11,"href":"https:\/\/blocs.xarxanet.org\/prevencioncolligagirona\/wp-json\/wp\/v2\/pages\/2\/revisions"}],"predecessor-version":[{"id":1072,"href":"https:\/\/blocs.xarxanet.org\/prevencioncolligagirona\/wp-json\/wp\/v2\/pages\/2\/revisions\/1072"}],"wp:attachment":[{"href":"https:\/\/blocs.xarxanet.org\/prevencioncolligagirona\/wp-json\/wp\/v2\/media?parent=2"}],"curies":[{"name":"wp","href":"https:\/\/api.w.org\/{rel}","templated":true}]}}