{"id":6155,"date":"2023-06-19T17:47:03","date_gmt":"2023-06-19T15:47:03","guid":{"rendered":"http:\/\/blocs.xarxanet.org\/fraternitatdebaix\/?page_id=6155"},"modified":"2023-06-19T17:47:03","modified_gmt":"2023-06-19T15:47:03","slug":"inscripcions-a-activitats","status":"publish","type":"page","link":"https:\/\/blocs.xarxanet.org\/fraternitatdebaix\/inscripcions-a-activitats\/","title":{"rendered":"Inscripcions a activitats"},"content":{"rendered":"<p>Els dimarts i divendres de 17 a 20 hores i els dijous de 10 a 13 hores al local de guarnit del carrer Mil\u00e0 i Fontanals 4-6; o contactant directament amb qualsevol membre de junta, o per mail a fraternitatdebaix@yahoo.com, deixant un nom i tel\u00e8fon i ens posarem en contacte amb vosaltres per dur a terme la inscripci\u00f3.<\/p>\n<p>Per a aquest requisit demanem que passeu pel nostre local de guarnits (Mil\u00e0 i Fontanals 4-6) trucant un sol timbre i la nostra porta \u00e9s entrant al vest\u00edbul a m\u00e0 dreta, per fer efectiva la pre-inscripci\u00f3 i recollir el corresponent tiquet.<\/p>\n","protected":false},"excerpt":{"rendered":"<p>Els dimarts i divendres de 17 a 20 hores i els dijous de 10 a 13 hores al local de guarnit del carrer Mil\u00e0 i Fontanals 4-6; o contactant directament amb qualsevol membre de junta, o per mail a fraternitatdebaix@yahoo.com, &hellip; <a href=\"https:\/\/blocs.xarxanet.org\/fraternitatdebaix\/inscripcions-a-activitats\/\">Continue reading <span class=\"meta-nav\">&rarr;<\/span><\/a><\/p>\n","protected":false},"author":477,"featured_media":0,"parent":0,"menu_order":0,"comment_status":"closed","ping_status":"closed","template":"","meta":{"footnotes":""},"class_list":["post-6155","page","type-page","status-publish","hentry"],"_links":{"self":[{"href":"https:\/\/blocs.xarxanet.org\/fraternitatdebaix\/wp-json\/wp\/v2\/pages\/6155","targetHints":{"allow":["GET"]}}],"collection":[{"href":"https:\/\/blocs.xarxanet.org\/fraternitatdebaix\/wp-json\/wp\/v2\/pages"}],"about":[{"href":"https:\/\/blocs.xarxanet.org\/fraternitatdebaix\/wp-json\/wp\/v2\/types\/page"}],"author":[{"embeddable":true,"href":"https:\/\/blocs.xarxanet.org\/fraternitatdebaix\/wp-json\/wp\/v2\/users\/477"}],"replies":[{"embeddable":true,"href":"https:\/\/blocs.xarxanet.org\/fraternitatdebaix\/wp-json\/wp\/v2\/comments?post=6155"}],"version-history":[{"count":1,"href":"https:\/\/blocs.xarxanet.org\/fraternitatdebaix\/wp-json\/wp\/v2\/pages\/6155\/revisions"}],"predecessor-version":[{"id":6156,"href":"https:\/\/blocs.xarxanet.org\/fraternitatdebaix\/wp-json\/wp\/v2\/pages\/6155\/revisions\/6156"}],"wp:attachment":[{"href":"https:\/\/blocs.xarxanet.org\/fraternitatdebaix\/wp-json\/wp\/v2\/media?parent=6155"}],"curies":[{"name":"wp","href":"https:\/\/api.w.org\/{rel}","templated":true}]}}