{"id":296,"date":"2013-06-25T12:08:12","date_gmt":"2013-06-25T12:08:12","guid":{"rendered":"http:\/\/efit.barcelona.ppe.entitats.diba.cat\/documentacio\/"},"modified":"2013-06-25T12:08:12","modified_gmt":"2013-06-25T12:08:12","slug":"documentacio","status":"publish","type":"page","link":"https:\/\/blocs.xarxanet.org\/fraternitatdebaix\/documentacio\/","title":{"rendered":"Documentaci\u00f3"},"content":{"rendered":"<p>Aqu\u00ed trobar\u00e0 informaci\u00f3 d&#8217;inter\u00e8s per l&#8217;associat.<\/p>\n","protected":false},"excerpt":{"rendered":"<p>Aqu\u00ed trobar\u00e0 informaci\u00f3 d&#8217;inter\u00e8s per l&#8217;associat.<\/p>\n","protected":false},"author":477,"featured_media":0,"parent":0,"menu_order":19,"comment_status":"open","ping_status":"open","template":"documents1-page.php","meta":{"footnotes":""},"class_list":["post-296","page","type-page","status-publish","hentry"],"_links":{"self":[{"href":"https:\/\/blocs.xarxanet.org\/fraternitatdebaix\/wp-json\/wp\/v2\/pages\/296","targetHints":{"allow":["GET"]}}],"collection":[{"href":"https:\/\/blocs.xarxanet.org\/fraternitatdebaix\/wp-json\/wp\/v2\/pages"}],"about":[{"href":"https:\/\/blocs.xarxanet.org\/fraternitatdebaix\/wp-json\/wp\/v2\/types\/page"}],"author":[{"embeddable":true,"href":"https:\/\/blocs.xarxanet.org\/fraternitatdebaix\/wp-json\/wp\/v2\/users\/477"}],"replies":[{"embeddable":true,"href":"https:\/\/blocs.xarxanet.org\/fraternitatdebaix\/wp-json\/wp\/v2\/comments?post=296"}],"version-history":[{"count":0,"href":"https:\/\/blocs.xarxanet.org\/fraternitatdebaix\/wp-json\/wp\/v2\/pages\/296\/revisions"}],"wp:attachment":[{"href":"https:\/\/blocs.xarxanet.org\/fraternitatdebaix\/wp-json\/wp\/v2\/media?parent=296"}],"curies":[{"name":"wp","href":"https:\/\/api.w.org\/{rel}","templated":true}]}}