{"id":288,"date":"2013-06-25T12:08:11","date_gmt":"2013-06-25T12:08:11","guid":{"rendered":"http:\/\/efit.barcelona.ppe.entitats.diba.cat\/participacions\/concurs-de-guarniment-de-carrers-de-la-festa-major-de-gracia\/"},"modified":"2013-06-25T12:08:11","modified_gmt":"2013-06-25T12:08:11","slug":"concurs-de-guarniment-de-carrers-de-la-festa-major-de-gracia","status":"publish","type":"page","link":"https:\/\/blocs.xarxanet.org\/fraternitatdebaix\/participacions\/concurs-de-guarniment-de-carrers-de-la-festa-major-de-gracia\/","title":{"rendered":"Concurs de guarniment de carrers de la Festa Major de Gr\u00e0cia"},"content":{"rendered":"<p>La festa major de Gr\u00e0cia \u00e9s una festa popular que es celebra a partir del 15 d&#8217;agost a la vila de Gr\u00e0cia.<br \/>\n<br \/>\nEFiT participem en aquesta festa des de l&#8217;any 2006 i estem inscrits des de l&#8217;any 2005 a la Federaci\u00f3 de Carrers de la Festa Major de Gr\u00e0cia<\/p>\n","protected":false},"excerpt":{"rendered":"<p>La festa major de Gr\u00e0cia \u00e9s una festa popular que es celebra a partir del 15 d&#8217;agost a la vila de Gr\u00e0cia. EFiT participem en aquesta festa des de l&#8217;any 2006 i estem inscrits des de l&#8217;any 2005 a la &hellip; <a href=\"https:\/\/blocs.xarxanet.org\/fraternitatdebaix\/participacions\/concurs-de-guarniment-de-carrers-de-la-festa-major-de-gracia\/\">Continue reading <span class=\"meta-nav\">&rarr;<\/span><\/a><\/p>\n","protected":false},"author":477,"featured_media":289,"parent":283,"menu_order":16,"comment_status":"open","ping_status":"open","template":"serveis-page.php","meta":{"footnotes":""},"class_list":["post-288","page","type-page","status-publish","has-post-thumbnail","hentry"],"_links":{"self":[{"href":"https:\/\/blocs.xarxanet.org\/fraternitatdebaix\/wp-json\/wp\/v2\/pages\/288","targetHints":{"allow":["GET"]}}],"collection":[{"href":"https:\/\/blocs.xarxanet.org\/fraternitatdebaix\/wp-json\/wp\/v2\/pages"}],"about":[{"href":"https:\/\/blocs.xarxanet.org\/fraternitatdebaix\/wp-json\/wp\/v2\/types\/page"}],"author":[{"embeddable":true,"href":"https:\/\/blocs.xarxanet.org\/fraternitatdebaix\/wp-json\/wp\/v2\/users\/477"}],"replies":[{"embeddable":true,"href":"https:\/\/blocs.xarxanet.org\/fraternitatdebaix\/wp-json\/wp\/v2\/comments?post=288"}],"version-history":[{"count":0,"href":"https:\/\/blocs.xarxanet.org\/fraternitatdebaix\/wp-json\/wp\/v2\/pages\/288\/revisions"}],"up":[{"embeddable":true,"href":"https:\/\/blocs.xarxanet.org\/fraternitatdebaix\/wp-json\/wp\/v2\/pages\/283"}],"wp:featuredmedia":[{"embeddable":true,"href":"https:\/\/blocs.xarxanet.org\/fraternitatdebaix\/wp-json\/wp\/v2\/media\/289"}],"wp:attachment":[{"href":"https:\/\/blocs.xarxanet.org\/fraternitatdebaix\/wp-json\/wp\/v2\/media?parent=288"}],"curies":[{"name":"wp","href":"https:\/\/api.w.org\/{rel}","templated":true}]}}