{"id":279,"date":"2013-06-25T12:08:11","date_gmt":"2013-06-25T12:08:11","guid":{"rendered":"http:\/\/efit.barcelona.ppe.entitats.diba.cat\/projectes\/trobades\/"},"modified":"2020-12-26T12:25:31","modified_gmt":"2020-12-26T10:25:31","slug":"trobades","status":"publish","type":"page","link":"https:\/\/blocs.xarxanet.org\/fraternitatdebaix\/projectes\/trobades\/","title":{"rendered":"Trobades"},"content":{"rendered":"<div class=\"diba-thumbnail\"><a title=\"Enlla\u00e7 permanent a Participem de la Vila de Gr\u00e0cia\" href=\"http:\/\/efit.entitatsbcn.net\/diba_projecte\/participem-de-la-vila-de-gracia\/\" rel=\"bookmark\"><img decoding=\"async\" class=\"attachment-medium wp-post-image\" src=\"https:\/\/i2.wp.com\/efit.barcelona.ppe.entitats.diba.cat\/wp-content\/uploads\/sites\/28\/2007\/07\/foguerons8_r_67566.jpg?fit=170%2C112\" alt=\"Encendre la llum\" width=\"258\" height=\"170\" \/><\/a><\/div>\n<div class=\"noticia-text\">\n<header class=\"entry-header\">\n<h3><\/h3>\n<h3 class=\"entry-title\">Participem de la Vila de Gr\u00e0cia<\/h3>\n<\/header>\n<p>La comunitat mallorquina de Gr\u00e0cia crea la Festa de Sa Poble que es celebra a la Pla\u00e7a de la Virreina cada any, imitant la festa tradicional que es celebra a Mallorca a Sa Poble.<\/p>\n<p>Col\u00b7laborem amb aquest festa fent un foc a la pla\u00e7a Gato P\u00e9rez seguin la tradici\u00f3 de Sa Poble, i com fan diverses associacions i entitats del barri.<\/p>\n<header class=\"entry-header\">\n<h3 class=\"entry-title\">Activitats peri\u00f2diques<\/h3>\n<\/header>\n<p>A banda de la nostre participaci\u00f3 a la Festa Major de Gr\u00e0cia programem anualment una s\u00e8rie d\u2019activitats pels nostres associats.<\/p>\n<p>Les activitats s\u00f3n variades participant i col\u00b7laborant activament amb la Vila de Gr\u00e0cia.<\/p>\n<div class=\"diba-thumbnail\"><a title=\"Enlla\u00e7 permanent a Trobades per mejar\" href=\"http:\/\/efit.entitatsbcn.net\/diba_projecte\/trobades-per-mejar\/\" rel=\"bookmark\"><img fetchpriority=\"high\" decoding=\"async\" class=\"attachment-medium wp-post-image\" src=\"https:\/\/i2.wp.com\/efit.barcelona.ppe.entitats.diba.cat\/wp-content\/uploads\/sites\/28\/2007\/07\/P_67488.jpg?fit=170%2C127\" alt=\"Imatge de complement\" width=\"268\" height=\"200\" \/><\/a><\/div>\n<div><\/div>\n<div class=\"noticia-text\">\n<header class=\"entry-header\">\n<h3><\/h3>\n<h3 class=\"entry-title\">Trobades per menjar<\/h3>\n<\/header>\n<p>Han esdevingut en activitats cl\u00e0ssiques. La graellada, la cal\u00e7otada, la paellada, etc.<\/p>\n<p>Si tens ganes de gaudir de bona companyia i d\u2019un bon \u00e0pat aquesta ser\u00e0 la teva activitat preferida.<\/p>\n<div class=\"diba-thumbnail\"><a title=\"Enlla\u00e7 permanent a Carnestoltes\" href=\"http:\/\/efit.entitatsbcn.net\/diba_projecte\/carnestoltes\/\" rel=\"bookmark\"><img decoding=\"async\" class=\"attachment-medium wp-post-image\" src=\"https:\/\/i1.wp.com\/efit.barcelona.ppe.entitats.diba.cat\/wp-content\/uploads\/sites\/28\/2007\/07\/P7_67489.jpg?fit=112%2C150\" alt=\"Carnestoltes 2007\" width=\"151\" height=\"202\" \/><\/a><\/div>\n<div class=\"noticia-text\">\n<header class=\"entry-header\">\n<h3><\/h3>\n<h3 class=\"entry-title\">Carnestoltes<\/h3>\n<\/header>\n<p>Des de que es va fundar l\u2019Associaci\u00f3 que participem a la rua de Carnestoltes de la Vila de Gr\u00e0cia. El resultat ha estat molt bo, no ens podem queixar, hem guanyat el primer premi en varies ocasions i premis a la originalitat .<\/p>\n<div class=\"diba-thumbnail\"><a title=\"Enlla\u00e7 permanent a Col\u00b7laboracions\" href=\"http:\/\/efit.entitatsbcn.net\/diba_projecte\/col%c2%b7laboracions\/\" rel=\"bookmark\"><img loading=\"lazy\" decoding=\"async\" class=\"attachment-medium size-medium wp-post-image\" src=\"https:\/\/i2.wp.com\/efit.barcelona.ppe.entitats.diba.cat\/wp-content\/uploads\/sites\/28\/2007\/07\/IMG_0852_reduida_67490.jpg?fit=170%2C127\" alt=\"Imatge de complement\" width=\"170\" height=\"127\" \/><\/a><\/div>\n<div><\/div>\n<div class=\"noticia-text\">\n<header class=\"entry-header\">\n<h3 class=\"entry-title\">Col\u00b7laboracions<\/h3>\n<\/header>\n<p>Des de fa uns anys que participem a les activitats programades a la Marat\u00f3 de TV3 a Gracia<\/p>\n<p>No dubtis en contactar amb nosaltres si vols participar.<\/p>\n<\/div>\n<\/div>\n<\/div>\n<\/div>\n","protected":false},"excerpt":{"rendered":"<p>Participem de la Vila de Gr\u00e0cia La comunitat mallorquina de Gr\u00e0cia crea la Festa de Sa Poble que es celebra a la Pla\u00e7a de la Virreina cada any, imitant la festa tradicional que es celebra a Mallorca a Sa Poble. &hellip; <a href=\"https:\/\/blocs.xarxanet.org\/fraternitatdebaix\/projectes\/trobades\/\">Continue reading <span class=\"meta-nav\">&rarr;<\/span><\/a><\/p>\n","protected":false},"author":477,"featured_media":0,"parent":275,"menu_order":12,"comment_status":"open","ping_status":"open","template":"","meta":{"footnotes":""},"class_list":["post-279","page","type-page","status-publish","hentry"],"_links":{"self":[{"href":"https:\/\/blocs.xarxanet.org\/fraternitatdebaix\/wp-json\/wp\/v2\/pages\/279","targetHints":{"allow":["GET"]}}],"collection":[{"href":"https:\/\/blocs.xarxanet.org\/fraternitatdebaix\/wp-json\/wp\/v2\/pages"}],"about":[{"href":"https:\/\/blocs.xarxanet.org\/fraternitatdebaix\/wp-json\/wp\/v2\/types\/page"}],"author":[{"embeddable":true,"href":"https:\/\/blocs.xarxanet.org\/fraternitatdebaix\/wp-json\/wp\/v2\/users\/477"}],"replies":[{"embeddable":true,"href":"https:\/\/blocs.xarxanet.org\/fraternitatdebaix\/wp-json\/wp\/v2\/comments?post=279"}],"version-history":[{"count":4,"href":"https:\/\/blocs.xarxanet.org\/fraternitatdebaix\/wp-json\/wp\/v2\/pages\/279\/revisions"}],"predecessor-version":[{"id":4722,"href":"https:\/\/blocs.xarxanet.org\/fraternitatdebaix\/wp-json\/wp\/v2\/pages\/279\/revisions\/4722"}],"up":[{"embeddable":true,"href":"https:\/\/blocs.xarxanet.org\/fraternitatdebaix\/wp-json\/wp\/v2\/pages\/275"}],"wp:attachment":[{"href":"https:\/\/blocs.xarxanet.org\/fraternitatdebaix\/wp-json\/wp\/v2\/media?parent=279"}],"curies":[{"name":"wp","href":"https:\/\/api.w.org\/{rel}","templated":true}]}}