{"id":267,"date":"2013-06-25T12:08:11","date_gmt":"2013-06-25T12:08:11","guid":{"rendered":"http:\/\/efit.barcelona.ppe.entitats.diba.cat\/qui-som\/historia\/"},"modified":"2020-12-24T19:10:14","modified_gmt":"2020-12-24T17:10:14","slug":"historia","status":"publish","type":"page","link":"https:\/\/blocs.xarxanet.org\/fraternitatdebaix\/qui-som\/historia\/","title":{"rendered":"Hist\u00f2ria"},"content":{"rendered":"<h3 class=\"entry-title\">El naixement<\/h3>\n<p><img fetchpriority=\"high\" decoding=\"async\" class=\"alignnone size-medium wp-image-1399\" src=\"http:\/\/blocs.xarxanet.org\/fraternitatdebaix\/files\/2007\/07\/01_edited_58661-300x200.jpg\" alt=\"Primera assemblea general\" width=\"300\" height=\"200\" srcset=\"https:\/\/blocs.xarxanet.org\/fraternitatdebaix\/files\/2007\/07\/01_edited_58661-300x200.jpg 300w, https:\/\/blocs.xarxanet.org\/fraternitatdebaix\/files\/2007\/07\/01_edited_58661.jpg 448w\" sizes=\"(max-width: 300px) 100vw, 300px\" \/><\/p>\n<p>El setembre del 2001 es crea l\u2019associaci\u00f3 de ve\u00efns del Carrer Torres entre Fraternitat i Tagamanent coneguda popularment com a EFiT, amb la finalitat de promoure la conviv\u00e8ncia dintre del carrer Torres.<\/p>\n<p>Els seus membres es reuneixen al bar \u201cla Seu\u201d del carrer Balien, m\u00e9s tard es convocava la primera assemblea popular al p\u00e0rking del n\u00famero 4 del carrer Torres.<\/p>\n<h3 class=\"entry-title\">Primers anys<\/h3>\n<p>Durant el primer any es configuren els estatuts de l\u2019associaci\u00f3, es marcar\u00e0 el calendari temporal que es mant\u00e9 b\u00e0sicament fins l\u2019any 2005 i creix el nombre d\u2019associats majorit\u00e0riament de fora del carrer Torres, i incl\u00fas del barri de Gr\u00e0cia. Aquest fet far\u00e0 que per sol\u00b7licitud de l\u2019assemblea anual, es modifiqui la denominaci\u00f3 de l\u2019associaci\u00f3, de VE\u00cfNS a VE\u00cfNS i AMICS DEL CARRER TORRES.<\/p>\n<p>A partir del primer any tamb\u00e9 iniciem la nostre col\u00b7laboraci\u00f3 a la Festa Major de Gr\u00e0cia amb la participaci\u00f3 al concurs de Portalades i Balconades guanyant els primers premis.<\/p>\n<p>La nostre participaci\u00f3 en aquest concurs de la Festa Major es prolongar\u00e0 fins l\u2019any 2005, amb el mateix \u00e8xit.<\/p>\n<p><img decoding=\"async\" class=\"alignnone wp-image-1397\" src=\"http:\/\/blocs.xarxanet.org\/fraternitatdebaix\/files\/2007\/07\/vic2ie_58664-300x225.jpg\" alt=\"Segona participaci\u00f3 al concurs de balcos i portalades\" width=\"351\" height=\"263\" srcset=\"https:\/\/blocs.xarxanet.org\/fraternitatdebaix\/files\/2007\/07\/vic2ie_58664-300x225.jpg 300w, https:\/\/blocs.xarxanet.org\/fraternitatdebaix\/files\/2007\/07\/vic2ie_58664.jpg 600w\" sizes=\"(max-width: 351px) 100vw, 351px\" \/><\/p>\n<p>&nbsp;<\/p>\n<h3 class=\"entry-title\">Descoberta<\/h3>\n<p><img decoding=\"async\" class=\"alignnone size-full wp-image-1555\" src=\"http:\/\/blocs.xarxanet.org\/fraternitatdebaix\/files\/2009\/10\/totidescoberta_71286.jpg\" alt=\"Imatge de complement\" width=\"185\" height=\"185\" srcset=\"https:\/\/blocs.xarxanet.org\/fraternitatdebaix\/files\/2009\/10\/totidescoberta_71286.jpg 185w, https:\/\/blocs.xarxanet.org\/fraternitatdebaix\/files\/2009\/10\/totidescoberta_71286-150x150.jpg 150w, https:\/\/blocs.xarxanet.org\/fraternitatdebaix\/files\/2009\/10\/totidescoberta_71286-100x100.jpg 100w\" sizes=\"(max-width: 185px) 100vw, 185px\" \/><\/p>\n<p>L\u2019any 2003 es crea el comissi\u00f3 de Descoberta. Aquesta comissi\u00f3 tindr\u00e0 la finalitat d\u2019organitzar activitats al barri i a la ciutat en diumenge. Activitats culturals i l\u00fadiques que ens permetin gaudir tots junts dels diumenges al mat\u00ed.<\/p>\n<p>M\u00e9s tard per petici\u00f3 popular s\u2019ampliaran les sortides per anar fora de Barcelona, tot el dia, ja sigui en transport p\u00fablic com en autocar.<\/p>\n<h3 class=\"entry-title\">Carrer Fraternitat<\/h3>\n<p><a class=\"zoom cboxElement\" href=\"https:\/\/i0.wp.com\/efit.barcelona.ppe.entitats.diba.cat\/wp-content\/uploads\/sites\/28\/2007\/07\/FMG_1_58673.jpg?fit=600%2C450\"><img decoding=\"async\" src=\"https:\/\/i0.wp.com\/efit.barcelona.ppe.entitats.diba.cat\/wp-content\/uploads\/sites\/28\/2007\/07\/FMG_1_58673.jpg?fit=170%2C127\" \/><\/a><\/p>\n<p>L\u2019any 2005 es decideix col\u00b7laborar a la Festa Major de Gr\u00e0cia participant en el concurs de guarnit de carrers del seg\u00fcent any. Saltant-nos la tradici\u00f3 de guarnir el carrer Torres es decideix agafar el tram del carrer Fraternitat entre els carrers Tordera i Torres, iniciant aix\u00ed per una banda una nova tradici\u00f3 de guarnit, i per altre recuperant un espai del barri que tradicionalment participava en aquesta Festa. Es per aquest motiu que el nom de l\u2019associaci\u00f3 canvia i es passa a denominar Associaci\u00f3 de Ve\u00efns i Amics dels carrers Fraternitat i Torres EFiT.<\/p>\n<p>Estem adherits a la Federaci\u00f3 de Festa Major de Gr\u00e0cia des de l\u2019any 2005.<\/p>\n","protected":false},"excerpt":{"rendered":"<p>El naixement El setembre del 2001 es crea l\u2019associaci\u00f3 de ve\u00efns del Carrer Torres entre Fraternitat i Tagamanent coneguda popularment com a EFiT, amb la finalitat de promoure la conviv\u00e8ncia dintre del carrer Torres. Els seus membres es reuneixen al &hellip; <a href=\"https:\/\/blocs.xarxanet.org\/fraternitatdebaix\/qui-som\/historia\/\">Continue reading <span class=\"meta-nav\">&rarr;<\/span><\/a><\/p>\n","protected":false},"author":477,"featured_media":0,"parent":263,"menu_order":6,"comment_status":"open","ping_status":"open","template":"","meta":{"footnotes":""},"class_list":["post-267","page","type-page","status-publish","hentry"],"_links":{"self":[{"href":"https:\/\/blocs.xarxanet.org\/fraternitatdebaix\/wp-json\/wp\/v2\/pages\/267","targetHints":{"allow":["GET"]}}],"collection":[{"href":"https:\/\/blocs.xarxanet.org\/fraternitatdebaix\/wp-json\/wp\/v2\/pages"}],"about":[{"href":"https:\/\/blocs.xarxanet.org\/fraternitatdebaix\/wp-json\/wp\/v2\/types\/page"}],"author":[{"embeddable":true,"href":"https:\/\/blocs.xarxanet.org\/fraternitatdebaix\/wp-json\/wp\/v2\/users\/477"}],"replies":[{"embeddable":true,"href":"https:\/\/blocs.xarxanet.org\/fraternitatdebaix\/wp-json\/wp\/v2\/comments?post=267"}],"version-history":[{"count":9,"href":"https:\/\/blocs.xarxanet.org\/fraternitatdebaix\/wp-json\/wp\/v2\/pages\/267\/revisions"}],"predecessor-version":[{"id":4695,"href":"https:\/\/blocs.xarxanet.org\/fraternitatdebaix\/wp-json\/wp\/v2\/pages\/267\/revisions\/4695"}],"up":[{"embeddable":true,"href":"https:\/\/blocs.xarxanet.org\/fraternitatdebaix\/wp-json\/wp\/v2\/pages\/263"}],"wp:attachment":[{"href":"https:\/\/blocs.xarxanet.org\/fraternitatdebaix\/wp-json\/wp\/v2\/media?parent=267"}],"curies":[{"name":"wp","href":"https:\/\/api.w.org\/{rel}","templated":true}]}}