{"id":36,"date":"2011-05-15T20:06:55","date_gmt":"2011-05-15T18:06:55","guid":{"rendered":"http:\/\/blocs.xarxanet.org\/cjvandellos\/?page_id=36"},"modified":"2016-09-20T09:14:50","modified_gmt":"2016-09-20T07:14:50","slug":"contacte","status":"publish","type":"page","link":"https:\/\/blocs.xarxanet.org\/cjvandellos\/inscripcions\/contacte\/","title":{"rendered":"Contacte"},"content":{"rendered":"<p>Des d&#8217;aqu\u00ed podeu posar-vos en contacte amb els responsables del Departament de joventut del municipi per qualsevol de les q\u00fcestions que se us plantegin.<\/p>\n<p>Tamb\u00e9 teniu a la vostra disposici\u00f3 el tel\u00e8fon del Casal de Joves <strong>977 56 90 26<\/strong> i el correu electr\u00f2nic <a href=\"mailto:joventut@vandellos-hospitalet.cat\">joventut@vandellos-hospitalet.cat<\/a><\/p>\n<p class=\"wpcf7-contact-form-not-found\"><strong>Error:<\/strong> No s&#039;ha trobat el formulari de contacte.<\/p>\n","protected":false},"excerpt":{"rendered":"<p>Des d&#8217;aqu\u00ed podeu posar-vos en contacte amb els responsables del Departament de joventut del municipi per qualsevol de les q\u00fcestions que se us plantegin. Tamb\u00e9 teniu a la vostra disposici\u00f3 el tel\u00e8fon del Casal de Joves 977 56 90 26 i el correu electr\u00f2nic joventut@vandellos-hospitalet.cat<\/p>\n","protected":false},"author":140,"featured_media":0,"parent":1410,"menu_order":7,"comment_status":"closed","ping_status":"open","template":"","meta":{"footnotes":""},"class_list":["post-36","page","type-page","status-publish","hentry"],"_links":{"self":[{"href":"https:\/\/blocs.xarxanet.org\/cjvandellos\/wp-json\/wp\/v2\/pages\/36","targetHints":{"allow":["GET"]}}],"collection":[{"href":"https:\/\/blocs.xarxanet.org\/cjvandellos\/wp-json\/wp\/v2\/pages"}],"about":[{"href":"https:\/\/blocs.xarxanet.org\/cjvandellos\/wp-json\/wp\/v2\/types\/page"}],"author":[{"embeddable":true,"href":"https:\/\/blocs.xarxanet.org\/cjvandellos\/wp-json\/wp\/v2\/users\/140"}],"replies":[{"embeddable":true,"href":"https:\/\/blocs.xarxanet.org\/cjvandellos\/wp-json\/wp\/v2\/comments?post=36"}],"version-history":[{"count":15,"href":"https:\/\/blocs.xarxanet.org\/cjvandellos\/wp-json\/wp\/v2\/pages\/36\/revisions"}],"predecessor-version":[{"id":2579,"href":"https:\/\/blocs.xarxanet.org\/cjvandellos\/wp-json\/wp\/v2\/pages\/36\/revisions\/2579"}],"up":[{"embeddable":true,"href":"https:\/\/blocs.xarxanet.org\/cjvandellos\/wp-json\/wp\/v2\/pages\/1410"}],"wp:attachment":[{"href":"https:\/\/blocs.xarxanet.org\/cjvandellos\/wp-json\/wp\/v2\/media?parent=36"}],"curies":[{"name":"wp","href":"https:\/\/api.w.org\/{rel}","templated":true}]}}