{"id":2140,"date":"2015-09-16T19:52:05","date_gmt":"2015-09-16T17:52:05","guid":{"rendered":"http:\/\/blocs.xarxanet.org\/cjvandellos\/?page_id=2140"},"modified":"2015-09-16T19:52:05","modified_gmt":"2015-09-16T17:52:05","slug":"ajh","status":"publish","type":"page","link":"https:\/\/blocs.xarxanet.org\/cjvandellos\/entitats-juvenils\/ajh\/","title":{"rendered":"AJH"},"content":{"rendered":"<p><a href=\"https:\/\/www.facebook.com\/associaciojovesinfant?fref=ts\"><img loading=\"lazy\" decoding=\"async\" class=\"alignleft\" alt=\"11337007_982915718393854_5376553455640466831_o\" src=\"http:\/\/blocs.xarxanet.org\/cjvandellos\/files\/2013\/04\/11337007_982915718393854_5376553455640466831_o-300x239.png\" width=\"180\" height=\"143\" \/><\/a>L&#8217;<a href=\"https:\/\/www.facebook.com\/associaciojovesinfant\">Associaci\u00f3 de Joves de l&#8217;Hospitalet<\/a>, neix de la idea d&#8217;organitzar i dinamitzar activitats socioculturals, recreatives i esportives i t\u00e9 el prop\u00f2sit d&#8217;incloure a tota aquella gent que vulgui treballar amb una orientaci\u00f3 clara, cap a la promoci\u00f3 dels valors socials i la involucraci\u00f3 dels joves.<\/p>\n<p>El seu projecte m\u00e9s important fins a la data \u00e9s el<strong> WINDSOUND <\/strong>que s&#8217;ha celebrat al juny durant les festes de Sant Pere.<\/p>\n<p><em>Any de constituci\u00f3:<\/em> 2015<\/p>\n<p><em>Contacte<\/em>: associaciojovesinfant@gmail.com | <a href=\"https:\/\/www.facebook.com\/associaciojovesinfant\">Facebook<\/a><\/p>\n<p style=\"text-align: center\">[youtube xStSfBYAONY]<\/p>\n","protected":false},"excerpt":{"rendered":"<p>L&#8217;Associaci\u00f3 de Joves de l&#8217;Hospitalet, neix de la idea d&#8217;organitzar i dinamitzar activitats socioculturals, recreatives i esportives i t\u00e9 el prop\u00f2sit d&#8217;incloure a tota aquella gent que vulgui treballar amb una orientaci\u00f3 clara, cap a la promoci\u00f3 dels valors socials i la involucraci\u00f3 dels joves. El seu projecte m\u00e9s important fins a la data \u00e9s [&hellip;]<\/p>\n","protected":false},"author":140,"featured_media":0,"parent":1276,"menu_order":0,"comment_status":"open","ping_status":"closed","template":"","meta":{"footnotes":""},"class_list":["post-2140","page","type-page","status-publish","hentry"],"_links":{"self":[{"href":"https:\/\/blocs.xarxanet.org\/cjvandellos\/wp-json\/wp\/v2\/pages\/2140","targetHints":{"allow":["GET"]}}],"collection":[{"href":"https:\/\/blocs.xarxanet.org\/cjvandellos\/wp-json\/wp\/v2\/pages"}],"about":[{"href":"https:\/\/blocs.xarxanet.org\/cjvandellos\/wp-json\/wp\/v2\/types\/page"}],"author":[{"embeddable":true,"href":"https:\/\/blocs.xarxanet.org\/cjvandellos\/wp-json\/wp\/v2\/users\/140"}],"replies":[{"embeddable":true,"href":"https:\/\/blocs.xarxanet.org\/cjvandellos\/wp-json\/wp\/v2\/comments?post=2140"}],"version-history":[{"count":1,"href":"https:\/\/blocs.xarxanet.org\/cjvandellos\/wp-json\/wp\/v2\/pages\/2140\/revisions"}],"predecessor-version":[{"id":2141,"href":"https:\/\/blocs.xarxanet.org\/cjvandellos\/wp-json\/wp\/v2\/pages\/2140\/revisions\/2141"}],"up":[{"embeddable":true,"href":"https:\/\/blocs.xarxanet.org\/cjvandellos\/wp-json\/wp\/v2\/pages\/1276"}],"wp:attachment":[{"href":"https:\/\/blocs.xarxanet.org\/cjvandellos\/wp-json\/wp\/v2\/media?parent=2140"}],"curies":[{"name":"wp","href":"https:\/\/api.w.org\/{rel}","templated":true}]}}