{"id":1371,"date":"2013-05-02T19:56:22","date_gmt":"2013-05-02T17:56:22","guid":{"rendered":"http:\/\/blocs.xarxanet.org\/cjvandellos\/?page_id=1371"},"modified":"2019-01-07T15:00:49","modified_gmt":"2019-01-07T14:00:49","slug":"crear-entitat","status":"publish","type":"page","link":"https:\/\/blocs.xarxanet.org\/cjvandellos\/entitats-juvenils\/crear-entitat\/","title":{"rendered":"Com crear una entitat juvenil?"},"content":{"rendered":"<p>Les associacions s\u00f3n entitats sense \u00e0nim de lucre, constitu\u00efdes volunt\u00e0riament per tres o m\u00e9s persones per a complir una finalitat d&#8217;inter\u00e8s general o particular, per mitj\u00e0 de la posada en com\u00fa de recursos personals o patrimonials, i amb car\u00e0cter temporal o indefinit.\u00a0Les associacions s&#8217;han d&#8217;inscriure al Registre d&#8217;associacions nom\u00e9s a efectes de publicitat.<\/p>\n<p><a href=\"https:\/\/web.gencat.cat\/ca\/tramits\/tramits-temes\/Constitucio-duna-associacio?category=\">CONSTITUIR UNA ASSOCIACI\u00d3<\/a><\/p>\n","protected":false},"excerpt":{"rendered":"<p>Les associacions s\u00f3n entitats sense \u00e0nim de lucre, constitu\u00efdes volunt\u00e0riament per tres o m\u00e9s persones per a complir una finalitat d&#8217;inter\u00e8s general o particular, per mitj\u00e0 de la posada en com\u00fa de recursos personals o patrimonials, i amb car\u00e0cter temporal o indefinit.\u00a0Les associacions s&#8217;han d&#8217;inscriure al Registre d&#8217;associacions nom\u00e9s a efectes de publicitat. CONSTITUIR UNA [&hellip;]<\/p>\n","protected":false},"author":140,"featured_media":0,"parent":1276,"menu_order":0,"comment_status":"closed","ping_status":"closed","template":"","meta":{"footnotes":""},"class_list":["post-1371","page","type-page","status-publish","hentry"],"_links":{"self":[{"href":"https:\/\/blocs.xarxanet.org\/cjvandellos\/wp-json\/wp\/v2\/pages\/1371","targetHints":{"allow":["GET"]}}],"collection":[{"href":"https:\/\/blocs.xarxanet.org\/cjvandellos\/wp-json\/wp\/v2\/pages"}],"about":[{"href":"https:\/\/blocs.xarxanet.org\/cjvandellos\/wp-json\/wp\/v2\/types\/page"}],"author":[{"embeddable":true,"href":"https:\/\/blocs.xarxanet.org\/cjvandellos\/wp-json\/wp\/v2\/users\/140"}],"replies":[{"embeddable":true,"href":"https:\/\/blocs.xarxanet.org\/cjvandellos\/wp-json\/wp\/v2\/comments?post=1371"}],"version-history":[{"count":14,"href":"https:\/\/blocs.xarxanet.org\/cjvandellos\/wp-json\/wp\/v2\/pages\/1371\/revisions"}],"predecessor-version":[{"id":3517,"href":"https:\/\/blocs.xarxanet.org\/cjvandellos\/wp-json\/wp\/v2\/pages\/1371\/revisions\/3517"}],"up":[{"embeddable":true,"href":"https:\/\/blocs.xarxanet.org\/cjvandellos\/wp-json\/wp\/v2\/pages\/1276"}],"wp:attachment":[{"href":"https:\/\/blocs.xarxanet.org\/cjvandellos\/wp-json\/wp\/v2\/media?parent=1371"}],"curies":[{"name":"wp","href":"https:\/\/api.w.org\/{rel}","templated":true}]}}