{"id":1276,"date":"2013-04-12T19:32:00","date_gmt":"2013-04-12T17:32:00","guid":{"rendered":"http:\/\/blocs.xarxanet.org\/cjvandellos\/?page_id=1276"},"modified":"2019-01-07T14:56:49","modified_gmt":"2019-01-07T13:56:49","slug":"entitats-juvenils","status":"publish","type":"page","link":"https:\/\/blocs.xarxanet.org\/cjvandellos\/entitats-juvenils\/","title":{"rendered":"Entitats Juvenils"},"content":{"rendered":"<p>Al Municipi de Vandell\u00f2s i l&#8217;Hospitalet de l&#8217;Infant comptem amb 4 entitats juvenils: una a Vandell\u00f2s i tres a l&#8217;Hospitalet de l&#8217;Infant.<\/p>\n<p><a title=\"AJH\" href=\"http:\/\/blocs.xarxanet.org\/cjvandellos\/entitats-juvenils\/ajh\/\"><strong>ASSOCIACI\u00d3 DE JOVES DE L&#8217;HOSPITALET DE L&#8217;INFANT (AJH):<\/strong><\/a><\/p>\n<p style=\"text-align: justify\"><a title=\"AJV\" href=\"http:\/\/blocs.xarxanet.org\/cjvandellos\/entitats-juvenils\/ajv\/\"><strong><span style=\"font-size: 1em\">A<\/span><\/strong><strong><span style=\"font-size: 1em\">SSOCIACI\u00d3 DE JOVES DE VANDELL\u00d2S (AJV):<\/span><\/strong><\/a><\/p>\n<p style=\"text-align: justify\"><a title=\"AMA\" href=\"http:\/\/blocs.xarxanet.org\/cjvandellos\/entitats-juvenils\/ama\/\"><strong>ASSOCIACI\u00d3 MULTICULTURAL ALTERNATIVA (AMA):<\/strong><\/a><\/p>\n<p style=\"text-align: justify\"><a title=\"AMEH\" href=\"http:\/\/blocs.xarxanet.org\/cjvandellos\/entitats-juvenils\/ameh\/\"><strong>ASSOCIACI\u00d3 DE M\u00daSICA ELECTR\u00d2NICA DE L&#8217;HOSPITALET (AMEH):<\/strong><\/a><\/p>\n<p style=\"text-align: left\">\n<h4 style=\"text-align: justify\"><a href=\"http:\/\/blocs.xarxanet.org\/cjvandellos\/crear-entitat\">Com crear una entitat\/associaci\u00f3?<\/a><\/h4>\n","protected":false},"excerpt":{"rendered":"<p>Al Municipi de Vandell\u00f2s i l&#8217;Hospitalet de l&#8217;Infant comptem amb 4 entitats juvenils: una a Vandell\u00f2s i tres a l&#8217;Hospitalet de l&#8217;Infant. ASSOCIACI\u00d3 DE JOVES DE L&#8217;HOSPITALET DE L&#8217;INFANT (AJH): ASSOCIACI\u00d3 DE JOVES DE VANDELL\u00d2S (AJV): ASSOCIACI\u00d3 MULTICULTURAL ALTERNATIVA (AMA): ASSOCIACI\u00d3 DE M\u00daSICA ELECTR\u00d2NICA DE L&#8217;HOSPITALET (AMEH): Com crear una entitat\/associaci\u00f3?<\/p>\n","protected":false},"author":140,"featured_media":0,"parent":0,"menu_order":5,"comment_status":"closed","ping_status":"closed","template":"","meta":{"footnotes":""},"class_list":["post-1276","page","type-page","status-publish","hentry"],"_links":{"self":[{"href":"https:\/\/blocs.xarxanet.org\/cjvandellos\/wp-json\/wp\/v2\/pages\/1276","targetHints":{"allow":["GET"]}}],"collection":[{"href":"https:\/\/blocs.xarxanet.org\/cjvandellos\/wp-json\/wp\/v2\/pages"}],"about":[{"href":"https:\/\/blocs.xarxanet.org\/cjvandellos\/wp-json\/wp\/v2\/types\/page"}],"author":[{"embeddable":true,"href":"https:\/\/blocs.xarxanet.org\/cjvandellos\/wp-json\/wp\/v2\/users\/140"}],"replies":[{"embeddable":true,"href":"https:\/\/blocs.xarxanet.org\/cjvandellos\/wp-json\/wp\/v2\/comments?post=1276"}],"version-history":[{"count":23,"href":"https:\/\/blocs.xarxanet.org\/cjvandellos\/wp-json\/wp\/v2\/pages\/1276\/revisions"}],"predecessor-version":[{"id":2139,"href":"https:\/\/blocs.xarxanet.org\/cjvandellos\/wp-json\/wp\/v2\/pages\/1276\/revisions\/2139"}],"wp:attachment":[{"href":"https:\/\/blocs.xarxanet.org\/cjvandellos\/wp-json\/wp\/v2\/media?parent=1276"}],"curies":[{"name":"wp","href":"https:\/\/api.w.org\/{rel}","templated":true}]}}