{"id":35,"date":"2022-10-06T17:39:33","date_gmt":"2022-10-06T15:39:33","guid":{"rendered":"http:\/\/blocs.xarxanet.org\/ccgg-garrotxa\/?page_id=35"},"modified":"2022-10-06T17:39:33","modified_gmt":"2022-10-06T15:39:33","slug":"temes-dinteres","status":"publish","type":"page","link":"https:\/\/blocs.xarxanet.org\/ccgg-garrotxa\/temes-dinteres\/","title":{"rendered":"TEMES D\u2019INTER\u00c8S"},"content":{"rendered":"<p><a href=\"https:\/\/treballiaferssocials.gencat.cat\/ca\/ambits_tematics\/gent_gran\/congres_nacional_de_la_gent_gran\/8e_congres_nacional_gent_gran\/\">8\u00e8 CONGR\u00c9S NACIONAL DE LA GENT GRAN DE CATALUNYA<\/a><\/p>\n<p>El Congr\u00e9s Nacional de la Gent Gran que es convoca cada quatre anys des del Departament de Treball, Afers Socials i Fam\u00edlies i el\u00a0<a href=\"http:\/\/geco.gencat.intranet\/portal\/site\/bsf\/menuitem.7fca6ecb84d307b43f6c8910b0c0e1a0\/?vgnextoid=0e818f88661a4210VgnVCM1000008d0c1e0aRCRD&amp;vgnextchannel=0e818f88661a4210VgnVCM1000008d0c1e0aRCRD&amp;vgnextfmt=default&amp;contentid=9cf38626e4c26210VgnVCM1000008d0c1e0aRCRD\">Consell de la Gent Gran de Catalunya<\/a>\u00a0(CGGCat), aplega representants de les persones grans de Catalunya i d\u2019associacions, i persones expertes i professionals que durant diverses jornades de treball reflexionen sobre la realitat que viu la gent gran al nostre pa\u00eds i tracten els principals temes que els afecten.<\/p>\n<p>Durant l\u2019octubre de 2019 ha tingut lloc el 8\u00e8 Congr\u00e9s que ha treballat en dues <a href=\"https:\/\/treballiaferssocials.gencat.cat\/web\/.content\/03ambits_tematics\/04gentgran\/congres_nacional_gent_gran\/8e_congres\/PONENCIES_quESTIONARIS-AB.pdf\">pon\u00e8ncies<\/a>:<\/p>\n<ul>\n<li>Pon\u00e8ncia A: \u201cEl present de les persones grans: drets i deures\u201d<\/li>\n<li>Pon\u00e8ncia B: \u201cLes persones grans del futur: pol\u00edtiques d\u2019adaptaci\u00f3 de la societat a l\u2019envelliment\u201d<\/li>\n<\/ul>\n<p>Del Congr\u00e9s Nacional en va sortir un <a href=\"http:\/\/blocs.xarxanet.org\/ccgg-garrotxa\/files\/2019\/10\/manifest.pdf\">manifest<\/a>\u00a0que cont\u00e9 les conclusions recollides a l\u2019acte Congressual, i seran lliurades a les administracions, institucions i entitats competents, fent-ne un seguiment de l\u2019evoluci\u00f3 i del compliment i difusi\u00f3 al territori.<\/p>\n","protected":false},"excerpt":{"rendered":"<p>8\u00e8 CONGR\u00c9S NACIONAL DE LA GENT GRAN DE CATALUNYA El Congr\u00e9s Nacional de la Gent Gran que es convoca cada quatre anys des del Departament de Treball, Afers Socials i Fam\u00edlies i el\u00a0Consell de la Gent Gran de Catalunya\u00a0(CGGCat), aplega &hellip; <a href=\"https:\/\/blocs.xarxanet.org\/ccgg-garrotxa\/temes-dinteres\/\">Continua llegint <span class=\"meta-nav\">&rarr;<\/span><\/a><\/p>\n","protected":false},"author":1,"featured_media":0,"parent":0,"menu_order":0,"comment_status":"closed","ping_status":"closed","template":"","meta":{"footnotes":""},"class_list":["post-35","page","type-page","status-publish","hentry"],"_links":{"self":[{"href":"https:\/\/blocs.xarxanet.org\/ccgg-garrotxa\/wp-json\/wp\/v2\/pages\/35","targetHints":{"allow":["GET"]}}],"collection":[{"href":"https:\/\/blocs.xarxanet.org\/ccgg-garrotxa\/wp-json\/wp\/v2\/pages"}],"about":[{"href":"https:\/\/blocs.xarxanet.org\/ccgg-garrotxa\/wp-json\/wp\/v2\/types\/page"}],"author":[{"embeddable":true,"href":"https:\/\/blocs.xarxanet.org\/ccgg-garrotxa\/wp-json\/wp\/v2\/users\/1"}],"replies":[{"embeddable":true,"href":"https:\/\/blocs.xarxanet.org\/ccgg-garrotxa\/wp-json\/wp\/v2\/comments?post=35"}],"version-history":[{"count":1,"href":"https:\/\/blocs.xarxanet.org\/ccgg-garrotxa\/wp-json\/wp\/v2\/pages\/35\/revisions"}],"predecessor-version":[{"id":36,"href":"https:\/\/blocs.xarxanet.org\/ccgg-garrotxa\/wp-json\/wp\/v2\/pages\/35\/revisions\/36"}],"wp:attachment":[{"href":"https:\/\/blocs.xarxanet.org\/ccgg-garrotxa\/wp-json\/wp\/v2\/media?parent=35"}],"curies":[{"name":"wp","href":"https:\/\/api.w.org\/{rel}","templated":true}]}}