{"id":33,"date":"2022-10-06T17:37:23","date_gmt":"2022-10-06T15:37:23","guid":{"rendered":"http:\/\/blocs.xarxanet.org\/ccgg-garrotxa\/?page_id=33"},"modified":"2022-10-06T17:42:28","modified_gmt":"2022-10-06T15:42:28","slug":"qui-som","status":"publish","type":"page","link":"https:\/\/blocs.xarxanet.org\/ccgg-garrotxa\/qui-som\/","title":{"rendered":"QUI SOM"},"content":{"rendered":"<div class=\"entry-content\">\n<p>El Consell Consultiu el formem les seg\u00fcents entitats i casals de gent gran de la comarca:<\/p>\n<ul>\n<li><a href=\"https:\/\/acugablog.wordpress.com\/\">ACUGA. AULES DE DIFUSI\u00d3 CULTURAL GARROTXA<\/a><\/li>\n<li><a href=\"https:\/\/www.entitatsgarrotxa.cat\/associacio-jubilats-pensionistes-castellfollit-roca\/\">ASSOCIACI\u00d3 DE JUBILATS I PENSIONISTES DE CASTELLFOLLIT DE LA ROCA<\/a><\/li>\n<li><a href=\"https:\/\/www.entitatsgarrotxa.cat\/associacio-jubilats-pensionistes-preses\/\">ASSOCIACI\u00d3 DE JUBILATS I PENSIONISTES DE LES PRESES<\/a><\/li>\n<li><a href=\"http:\/\/www.esplaidolot.cat\/esplai-dolot-associacio-de-pensionistes-i-jubilats\">ASSOCIACI\u00d3 DE PENSIONISTES I JUBILATS ESPLAI D\u2019OLOT<\/a><\/li>\n<li><a href=\"https:\/\/www.aagentgranolot.com\/ca\/\">ASSOCIACI\u00d3 DE LA GENT GRAN D\u2019OLOT<\/a><\/li>\n<li><a href=\"https:\/\/www.entitatsgarrotxa.cat\/casal-gent-gran-sant-jaume-llierca\/\">CASAL DE GENT GRAN DE SANT JAUME DE LLIERCA<\/a><\/li>\n<li><a href=\"https:\/\/www.entitatsgarrotxa.cat\/associacio-casal-st-marc-st-feliu-pallerols\/\">CASAL DE GENT GRAN SANT MARC DE SANT FELIU DE PALLEROLS<\/a><\/li>\n<li>CASAL DE JUBILATS I PENSIONISTES DE BESAL\u00da<\/li>\n<li><a href=\"https:\/\/www.entitatsgarrotxa.cat\/associacio-gent-gran-dargelaguer-germandat-sant-narcis\/\">CASAL DE LA GENT GRAN D\u2019ARGELAGUER \u201cGERMANDAT DE SANT NARC\u00cdS\u201d<\/a><\/li>\n<li><a href=\"https:\/\/www.entitatsgarrotxa.cat\/associacio-casal-cultural-esportiu-montagut\/\">CASAL DE LA GENT GRAN DE MONTAGUT<\/a><\/li>\n<li><a href=\"https:\/\/www.entitatsgarrotxa.cat\/associacio-casal-gent-gran-sant-privat-den-bas\/\">CASAL DE LA GENT GRAN DE SANT PRIVAT<\/a><\/li>\n<li><a href=\"https:\/\/www.entitatsgarrotxa.cat\/associacio-casal-gent-gran-centre-santa-pau\/\">CASAL DE LA GENT GRAN DEL CENTRE DE SANTA PAU<\/a><\/li>\n<li><a href=\"https:\/\/www.entitatsgarrotxa.cat\/associacio-casal-gent-gran-vidua-francesc-vila\/\">CASAL DE LA GENT GRAN V\u00cdDUA DE FRANCESC VILA DE LA VALL D\u2019EN BAS<\/a><\/li>\n<li><a href=\"https:\/\/www.entitatsgarrotxa.cat\/casal-gent-gran-sant-joan-fonts\/\">CASAL DELS AVIS DE SANT JOAN LES FONTS<\/a><\/li>\n<li><a href=\"https:\/\/www.entitatsgarrotxa.cat\/casal-civic-canya\/\">CASAL MUNICIPAL DE LA GENT GRAN DE LA CANYA<\/a><\/li>\n<li><a href=\"https:\/\/www.entitatsgarrotxa.cat\/associacio-llar-gent-gran-tortella-pont-llierca\/\">LLAR DE GENT GRAN DE TORTELL\u00c0 PONT DEL LLIERCA<\/a><\/li>\n<li>LLAR DE JUBILATS DE LES PLANES D\u2019HOSTOLES<\/li>\n<\/ul>\n<\/div>\n","protected":false},"excerpt":{"rendered":"<p>El Consell Consultiu el formem les seg\u00fcents entitats i casals de gent gran de la comarca: ACUGA. AULES DE DIFUSI\u00d3 CULTURAL GARROTXA ASSOCIACI\u00d3 DE JUBILATS I PENSIONISTES DE CASTELLFOLLIT DE LA ROCA ASSOCIACI\u00d3 DE JUBILATS I PENSIONISTES DE LES PRESES &hellip; <a href=\"https:\/\/blocs.xarxanet.org\/ccgg-garrotxa\/qui-som\/\">Continua llegint <span class=\"meta-nav\">&rarr;<\/span><\/a><\/p>\n","protected":false},"author":1,"featured_media":0,"parent":0,"menu_order":0,"comment_status":"closed","ping_status":"closed","template":"","meta":{"footnotes":""},"class_list":["post-33","page","type-page","status-publish","hentry"],"_links":{"self":[{"href":"https:\/\/blocs.xarxanet.org\/ccgg-garrotxa\/wp-json\/wp\/v2\/pages\/33","targetHints":{"allow":["GET"]}}],"collection":[{"href":"https:\/\/blocs.xarxanet.org\/ccgg-garrotxa\/wp-json\/wp\/v2\/pages"}],"about":[{"href":"https:\/\/blocs.xarxanet.org\/ccgg-garrotxa\/wp-json\/wp\/v2\/types\/page"}],"author":[{"embeddable":true,"href":"https:\/\/blocs.xarxanet.org\/ccgg-garrotxa\/wp-json\/wp\/v2\/users\/1"}],"replies":[{"embeddable":true,"href":"https:\/\/blocs.xarxanet.org\/ccgg-garrotxa\/wp-json\/wp\/v2\/comments?post=33"}],"version-history":[{"count":3,"href":"https:\/\/blocs.xarxanet.org\/ccgg-garrotxa\/wp-json\/wp\/v2\/pages\/33\/revisions"}],"predecessor-version":[{"id":38,"href":"https:\/\/blocs.xarxanet.org\/ccgg-garrotxa\/wp-json\/wp\/v2\/pages\/33\/revisions\/38"}],"wp:attachment":[{"href":"https:\/\/blocs.xarxanet.org\/ccgg-garrotxa\/wp-json\/wp\/v2\/media?parent=33"}],"curies":[{"name":"wp","href":"https:\/\/api.w.org\/{rel}","templated":true}]}}