{"id":960,"date":"2020-01-08T10:31:04","date_gmt":"2020-01-08T09:31:04","guid":{"rendered":"http:\/\/www.cbverneda.entitatsbcn.net\/?page_id=960"},"modified":"2022-01-13T14:08:41","modified_gmt":"2022-01-13T12:08:41","slug":"activitats-gratuites","status":"publish","type":"page","link":"https:\/\/blocs.xarxanet.org\/cbverneda\/activitats-gratuites\/","title":{"rendered":"Activitats Comunit\u00e0ries"},"content":{"rendered":"<p>Moltes de les activitats que es fan al Casal de Barri s\u00f3n possibles gr\u00e0cies a l&#8217;organitzaci\u00f3 dels propis ve\u00efnes i ve\u00efnes i de la participaci\u00f3 de persones volunt\u00e0ries que s&#8217;ofereixen altruistament a dinamitzar alguna activitat.<\/p>\n<p>Totes aquestes activitats s\u00f3n gratu\u00eftes.<\/p>\n<p>Les que s&#8217;estan organitzant darrerament s\u00f3n:<\/p>\n<ul>\n<li><strong>FAFUTXES<\/strong>, els dimarts de 10.30 12.30 h<\/li>\n<li><img loading=\"lazy\" decoding=\"async\" class=\"size-medium wp-image-1332 alignleft\" src=\"http:\/\/blocs.xarxanet.org\/cbverneda\/files\/2022\/01\/IMG_20210706_120818-1-225x300.jpg\" alt=\"\" width=\"225\" height=\"300\" srcset=\"https:\/\/blocs.xarxanet.org\/cbverneda\/files\/2022\/01\/IMG_20210706_120818-1-225x300.jpg 225w, https:\/\/blocs.xarxanet.org\/cbverneda\/files\/2022\/01\/IMG_20210706_120818-1-768x1024.jpg 768w, https:\/\/blocs.xarxanet.org\/cbverneda\/files\/2022\/01\/IMG_20210706_120818-1-375x500.jpg 375w\" sizes=\"auto, (max-width: 225px) 85vw, 225px\" \/><\/li>\n<\/ul>\n<p>&nbsp;<\/p>\n<p>&nbsp;<\/p>\n<p>&nbsp;<\/p>\n<p>&nbsp;<\/p>\n<p>&nbsp;<\/p>\n<p>&nbsp;<\/p>\n<p>&nbsp;<\/p>\n<ul>\n<li><strong>BOIXETS,\u00a0<\/strong>els dimarts de 16.30 18.30 h<\/li>\n<li><strong>INICIACI\u00d3 AL PATRONATGE I ARRENJAMENTS<\/strong>, els dimecres de 16.15 a 17.45 h<\/li>\n<li><strong>ART TER\u00c0PIA<\/strong>, els dimarts de de 19 a 20.30 h o dijous de 10.30 a 12 h<\/li>\n<li><strong>PATCHWORK<\/strong>, els dijous de 16.30 a 18.30 h<\/li>\n<li><strong>GUITARRA<\/strong>, ELS DIJOUS DE 17.30 A 19.30 h<\/li>\n<\/ul>\n<p>&nbsp;<\/p>\n<ul>\n<li><strong>SEVILLANAS AVAN\u00c7ADES<\/strong>, els dimarts de 16,30 a 17.30 h<\/li>\n<li><strong>BALLS DE LA SAL\u00d3 EN L\u00cdNIA<\/strong>, dimarts o dijous de 10.15 a 11.15 h o de 11.30 a 12.30 h<\/li>\n<li><strong>BALLS EN L\u00cdNIA<\/strong>, els dimecres de 18 a 19 h o divendres de 17.30 a 18.30 h<\/li>\n<li><strong>COUNTRY<\/strong>, els dijous de 17 a 18 h<\/li>\n<\/ul>\n<p>&nbsp;<\/p>\n<ul>\n<li><strong>PINTURA A L&#8217;OLI, AQUAREL\u00b7LA, GUAIX<\/strong> &#8230;, els dimecres de 10.30 a 13 h<\/li>\n<\/ul>\n<p>&nbsp;<\/p>\n<ul>\n<li><strong>PASSEJADES DE DESCOBERTA<\/strong>, els dijous a les 17 h al Casal<\/li>\n<\/ul>\n<p>&nbsp;<\/p>\n<p>&nbsp;<\/p>\n<p>&nbsp;<\/p>\n","protected":false},"excerpt":{"rendered":"<p>Moltes de les activitats que es fan al Casal de Barri s\u00f3n possibles gr\u00e0cies a l&#8217;organitzaci\u00f3 dels propis ve\u00efnes i ve\u00efnes i de la participaci\u00f3 de persones volunt\u00e0ries que s&#8217;ofereixen altruistament a dinamitzar alguna activitat. Totes aquestes activitats s\u00f3n gratu\u00eftes. Les que s&#8217;estan organitzant darrerament s\u00f3n: FAFUTXES, els dimarts de 10.30 12.30 h &nbsp; &nbsp; &hellip; <a href=\"https:\/\/blocs.xarxanet.org\/cbverneda\/activitats-gratuites\/\" class=\"more-link\">Continua llegint <span class=\"screen-reader-text\">\u00abActivitats Comunit\u00e0ries\u00bb<\/span><\/a><\/p>\n","protected":false},"author":483,"featured_media":0,"parent":0,"menu_order":0,"comment_status":"closed","ping_status":"closed","template":"","meta":{"footnotes":""},"class_list":["post-960","page","type-page","status-publish","hentry"],"_links":{"self":[{"href":"https:\/\/blocs.xarxanet.org\/cbverneda\/wp-json\/wp\/v2\/pages\/960","targetHints":{"allow":["GET"]}}],"collection":[{"href":"https:\/\/blocs.xarxanet.org\/cbverneda\/wp-json\/wp\/v2\/pages"}],"about":[{"href":"https:\/\/blocs.xarxanet.org\/cbverneda\/wp-json\/wp\/v2\/types\/page"}],"author":[{"embeddable":true,"href":"https:\/\/blocs.xarxanet.org\/cbverneda\/wp-json\/wp\/v2\/users\/483"}],"replies":[{"embeddable":true,"href":"https:\/\/blocs.xarxanet.org\/cbverneda\/wp-json\/wp\/v2\/comments?post=960"}],"version-history":[{"count":3,"href":"https:\/\/blocs.xarxanet.org\/cbverneda\/wp-json\/wp\/v2\/pages\/960\/revisions"}],"predecessor-version":[{"id":1338,"href":"https:\/\/blocs.xarxanet.org\/cbverneda\/wp-json\/wp\/v2\/pages\/960\/revisions\/1338"}],"wp:attachment":[{"href":"https:\/\/blocs.xarxanet.org\/cbverneda\/wp-json\/wp\/v2\/media?parent=960"}],"curies":[{"name":"wp","href":"https:\/\/api.w.org\/{rel}","templated":true}]}}