{"id":627,"date":"2016-12-02T19:29:48","date_gmt":"2016-12-02T18:29:48","guid":{"rendered":"http:\/\/www.cbverneda.entitatsbcn.net\/?page_id=627"},"modified":"2021-01-21T15:50:04","modified_gmt":"2021-01-21T13:50:04","slug":"consell-participatiu","status":"publish","type":"page","link":"https:\/\/blocs.xarxanet.org\/cbverneda\/consell-participatiu\/","title":{"rendered":"Consell de Gesti\u00f3"},"content":{"rendered":"<h4>La GESTI\u00d3 C\u00cdVICA aporta com a valor afegit:<\/h4>\n<ul>\n<li>L&#8217;experi\u00e8ncia i el coneixement\u00a0de l&#8217;entitat gestora en processos de participaci\u00f3 ciutadana.<\/li>\n<li>Un millor coneixement i adequaci\u00f3 a la realitat en la qual es vol incidir.<\/li>\n<li>La implicaci\u00f3 volunt\u00e0ria de la ciutadania en la realitzaci\u00f3 i la presa de decisions.<\/li>\n<\/ul>\n<p>Ha de ser un element essencial l&#8217;exist\u00e8ncia de canals participaci\u00f3 transparents i oberts a la ciutadania i ales entitats locals.<\/p>\n<p>Per aquest motiu existeix el Consell de Gesti\u00f3 del Casal de Barri, on els diferents agents vinculats al Casal poden aportar les seves idees i propostes.<\/p>\n<p><strong>Qui constitueix el CONSELL DE PARTICIPACI\u00d3?<\/strong><\/p>\n<p><span style=\"text-decoration: underline\">Composici\u00f3<\/span>:<\/p>\n<ul>\n<li>Entitat Gestora<\/li>\n<li>Almenys 2 o 3 \u00a0entitats del barri<\/li>\n<li>Entre 2 i 3 persones del usu\u00e0ries<\/li>\n<li>2 menbres de l&#8217;Ajuntament<\/li>\n<li>Almenys 2 o 3 persones usu\u00e0ries del barri<\/li>\n<li>1 responsable de cada projecte vinculat al Casal de Barri<\/li>\n<\/ul>\n<p>&nbsp;<\/p>\n<p>&nbsp;<\/p>\n<p>&nbsp;<\/p>\n","protected":false},"excerpt":{"rendered":"<p>La GESTI\u00d3 C\u00cdVICA aporta com a valor afegit: L&#8217;experi\u00e8ncia i el coneixement\u00a0de l&#8217;entitat gestora en processos de participaci\u00f3 ciutadana. Un millor coneixement i adequaci\u00f3 a la realitat en la qual es vol incidir. La implicaci\u00f3 volunt\u00e0ria de la ciutadania en la realitzaci\u00f3 i la presa de decisions. Ha de ser un element essencial l&#8217;exist\u00e8ncia de &hellip; <a href=\"https:\/\/blocs.xarxanet.org\/cbverneda\/consell-participatiu\/\" class=\"more-link\">Continua llegint <span class=\"screen-reader-text\">\u00abConsell de Gesti\u00f3\u00bb<\/span><\/a><\/p>\n","protected":false},"author":483,"featured_media":0,"parent":0,"menu_order":0,"comment_status":"closed","ping_status":"closed","template":"","meta":{"footnotes":""},"class_list":["post-627","page","type-page","status-publish","hentry"],"_links":{"self":[{"href":"https:\/\/blocs.xarxanet.org\/cbverneda\/wp-json\/wp\/v2\/pages\/627","targetHints":{"allow":["GET"]}}],"collection":[{"href":"https:\/\/blocs.xarxanet.org\/cbverneda\/wp-json\/wp\/v2\/pages"}],"about":[{"href":"https:\/\/blocs.xarxanet.org\/cbverneda\/wp-json\/wp\/v2\/types\/page"}],"author":[{"embeddable":true,"href":"https:\/\/blocs.xarxanet.org\/cbverneda\/wp-json\/wp\/v2\/users\/483"}],"replies":[{"embeddable":true,"href":"https:\/\/blocs.xarxanet.org\/cbverneda\/wp-json\/wp\/v2\/comments?post=627"}],"version-history":[{"count":2,"href":"https:\/\/blocs.xarxanet.org\/cbverneda\/wp-json\/wp\/v2\/pages\/627\/revisions"}],"predecessor-version":[{"id":1211,"href":"https:\/\/blocs.xarxanet.org\/cbverneda\/wp-json\/wp\/v2\/pages\/627\/revisions\/1211"}],"wp:attachment":[{"href":"https:\/\/blocs.xarxanet.org\/cbverneda\/wp-json\/wp\/v2\/media?parent=627"}],"curies":[{"name":"wp","href":"https:\/\/api.w.org\/{rel}","templated":true}]}}