{"id":605,"date":"2016-03-02T20:23:40","date_gmt":"2016-03-02T19:23:40","guid":{"rendered":"http:\/\/www.cbverneda.entitatsbcn.net\/?page_id=605"},"modified":"2021-01-21T19:20:30","modified_gmt":"2021-01-21T17:20:30","slug":"benestar-emocional","status":"publish","type":"page","link":"https:\/\/blocs.xarxanet.org\/cbverneda\/benestar-emocional\/","title":{"rendered":"Al Barri ens Cuidem"},"content":{"rendered":"<p>El Projecte<strong> &#8220;Al Barri Ens Cuidem&#8221;<\/strong>\u00a0t\u00e9 com a objectiu oferir eines per millorar el benestar f\u00edsic i emocional dels ve\u00efns i ve\u00efnes de la Verneda i la Pau. Les &#8220;P\u00edndoles pel Benestar&#8221; s\u00f3n\u00a0activitats gratu\u00eftes\u00a0dirigides a persones adultes del barri. A canvi de participar-hi, nom\u00e9s es demana oferir un petit servei, dins les possibilitats i capacitats de cada persona, com per exemple apuntar-se al\u00a0Banc del Temps, impartir un taller o ajudar en alguna activitat puntual que s\u2019organitzi al barri.<\/p>\n<p>\u00c9s un projecte impulsat per l&#8217;Ag\u00e8ncia de Salut P\u00fablica i el Consorci de Sanitat de Barcelona i es desenvolupa amb la participaci\u00f3 de diversos serveis i equipaments del barri de la Verneda i la Pau, entre ells el Casal de Barri de la Verneda.<\/p>\n<p>Durant l&#8217;any 2020 es van desenvolupar un conjunt p\u00edndoles del benestar amb l&#8217;objectiu de promoure h\u00e0bits saludables entre la poblaci\u00f3. <a href=\"http:\/\/blocs.xarxanet.org\/cbverneda\/files\/2021\/01\/b_diptic_barri_oct_2020_01_cat_digital_0.pdf\">Podeu consultar aqu\u00ed la programaci\u00f3 realitzada durant l&#8217;any 2020<\/a><\/p>\n<p>&nbsp;<\/p>\n<p><img loading=\"lazy\" decoding=\"async\" class=\"size-medium wp-image-1260 aligncenter\" src=\"http:\/\/blocs.xarxanet.org\/cbverneda\/files\/2021\/01\/baixa-300x101.png\" alt=\"\" width=\"300\" height=\"101\" srcset=\"https:\/\/blocs.xarxanet.org\/cbverneda\/files\/2021\/01\/baixa-300x101.png 300w, https:\/\/blocs.xarxanet.org\/cbverneda\/files\/2021\/01\/baixa.png 387w\" sizes=\"auto, (max-width: 300px) 85vw, 300px\" \/><\/p>\n<p>Les dades de contacte del projecte s\u00f3n les seg\u00fcents:<\/p>\n<p><span style=\"color: #000000\"><strong>Telf:\u00a0<\/strong>691.438.611 \/\/\u00a0 652.893.380<\/span><\/p>\n<p><span style=\"color: #000000\"><strong>E.mail:\u00a0<\/strong>albarrienscuidem@fundacioires.org<\/span><\/p>\n","protected":false},"excerpt":{"rendered":"<p>El Projecte &#8220;Al Barri Ens Cuidem&#8221;\u00a0t\u00e9 com a objectiu oferir eines per millorar el benestar f\u00edsic i emocional dels ve\u00efns i ve\u00efnes de la Verneda i la Pau. Les &#8220;P\u00edndoles pel Benestar&#8221; s\u00f3n\u00a0activitats gratu\u00eftes\u00a0dirigides a persones adultes del barri. A canvi de participar-hi, nom\u00e9s es demana oferir un petit servei, dins les possibilitats i capacitats &hellip; <a href=\"https:\/\/blocs.xarxanet.org\/cbverneda\/benestar-emocional\/\" class=\"more-link\">Continua llegint <span class=\"screen-reader-text\">\u00abAl Barri ens Cuidem\u00bb<\/span><\/a><\/p>\n","protected":false},"author":483,"featured_media":0,"parent":0,"menu_order":0,"comment_status":"closed","ping_status":"closed","template":"","meta":{"footnotes":""},"class_list":["post-605","page","type-page","status-publish","hentry"],"_links":{"self":[{"href":"https:\/\/blocs.xarxanet.org\/cbverneda\/wp-json\/wp\/v2\/pages\/605","targetHints":{"allow":["GET"]}}],"collection":[{"href":"https:\/\/blocs.xarxanet.org\/cbverneda\/wp-json\/wp\/v2\/pages"}],"about":[{"href":"https:\/\/blocs.xarxanet.org\/cbverneda\/wp-json\/wp\/v2\/types\/page"}],"author":[{"embeddable":true,"href":"https:\/\/blocs.xarxanet.org\/cbverneda\/wp-json\/wp\/v2\/users\/483"}],"replies":[{"embeddable":true,"href":"https:\/\/blocs.xarxanet.org\/cbverneda\/wp-json\/wp\/v2\/comments?post=605"}],"version-history":[{"count":3,"href":"https:\/\/blocs.xarxanet.org\/cbverneda\/wp-json\/wp\/v2\/pages\/605\/revisions"}],"predecessor-version":[{"id":1264,"href":"https:\/\/blocs.xarxanet.org\/cbverneda\/wp-json\/wp\/v2\/pages\/605\/revisions\/1264"}],"wp:attachment":[{"href":"https:\/\/blocs.xarxanet.org\/cbverneda\/wp-json\/wp\/v2\/media?parent=605"}],"curies":[{"name":"wp","href":"https:\/\/api.w.org\/{rel}","templated":true}]}}