{"id":200,"date":"2013-06-25T12:25:26","date_gmt":"2013-06-25T10:25:26","guid":{"rendered":"http:\/\/cbverneda.barcelona.ppe.entitats.diba.cat\/qui-som\/"},"modified":"2021-01-21T15:41:04","modified_gmt":"2021-01-21T13:41:04","slug":"qui-som","status":"publish","type":"page","link":"https:\/\/blocs.xarxanet.org\/cbverneda\/qui-som\/","title":{"rendered":"Qui som?"},"content":{"rendered":"<p><span style=\"color: #000000\">El Casal de Barri Verneda\u00a0es va inaugurar l&#8217;octubre del 2009. El seu objectiu principal \u00e9s promoure la participaci\u00f3 dels ve\u00efns i ve\u00efnes al barri a trav\u00e9s de l&#8217;organitzaci\u00f3 de tot tipus d&#8217;activitats, tallers i projectes comunitaris.\u00a0 Igualment, el Casal de Barri treballa en xarxa amb les entitats, equipaments i serveis del territori, per a construir entre totes el projecte de gesti\u00f3 del Casal i que sigui realment \u00fatil per a tots els ve\u00efns i ve\u00efnes del barri.\u00a0<\/span><\/p>\n<p><span style=\"color: #000000\">M\u00e9s enll\u00e0 de l&#8217;activitat pr\u00f2pia del Casal, participem en el calendari festiu i cultural del barri, realitzant tot tipus d&#8217;activitats com per exemple: Dia de la Dona, Castanyada, Nadal, la mostra anual d&#8217;activitats, Sant Jordi, Festa Major, entre d&#8217;altres.<\/span><\/p>\n<p><span style=\"color: #000000\">El Casal de Barri s&#8217;ha gestionat, des dels seus inicis, amb la modalitat de la gesti\u00f3 c\u00edvica. Des de l&#8217;1 de gener de 2021 l&#8217;entitat que gestiona el Casal de Barri \u00e9s la <a href=\"https:\/\/www.evern.org\/\" target=\"_blank\" rel=\"noopener\">Coordinadora d&#8217;Entitats Vern<\/a> i anteriorment havia estat l&#8217;Associaci\u00f3 de ve\u00efns\/es de la Verneda Alta.<\/span><\/p>\n<p><span style=\"color: #000000\">Si tens ganes de con\u00e8ixer-nos, vine a visitar-nos. T&#8217;estarem esperant!<\/span><\/p>\n","protected":false},"excerpt":{"rendered":"<p>El Casal de Barri Verneda\u00a0es va inaugurar l&#8217;octubre del 2009. El seu objectiu principal \u00e9s promoure la participaci\u00f3 dels ve\u00efns i ve\u00efnes al barri a trav\u00e9s de l&#8217;organitzaci\u00f3 de tot tipus d&#8217;activitats, tallers i projectes comunitaris.\u00a0 Igualment, el Casal de Barri treballa en xarxa amb les entitats, equipaments i serveis del territori, per a construir &hellip; <a href=\"https:\/\/blocs.xarxanet.org\/cbverneda\/qui-som\/\" class=\"more-link\">Continua llegint <span class=\"screen-reader-text\">\u00abQui som?\u00bb<\/span><\/a><\/p>\n","protected":false},"author":483,"featured_media":0,"parent":0,"menu_order":2,"comment_status":"closed","ping_status":"closed","template":"","meta":{"footnotes":""},"class_list":["post-200","page","type-page","status-publish","hentry"],"_links":{"self":[{"href":"https:\/\/blocs.xarxanet.org\/cbverneda\/wp-json\/wp\/v2\/pages\/200","targetHints":{"allow":["GET"]}}],"collection":[{"href":"https:\/\/blocs.xarxanet.org\/cbverneda\/wp-json\/wp\/v2\/pages"}],"about":[{"href":"https:\/\/blocs.xarxanet.org\/cbverneda\/wp-json\/wp\/v2\/types\/page"}],"author":[{"embeddable":true,"href":"https:\/\/blocs.xarxanet.org\/cbverneda\/wp-json\/wp\/v2\/users\/483"}],"replies":[{"embeddable":true,"href":"https:\/\/blocs.xarxanet.org\/cbverneda\/wp-json\/wp\/v2\/comments?post=200"}],"version-history":[{"count":2,"href":"https:\/\/blocs.xarxanet.org\/cbverneda\/wp-json\/wp\/v2\/pages\/200\/revisions"}],"predecessor-version":[{"id":1209,"href":"https:\/\/blocs.xarxanet.org\/cbverneda\/wp-json\/wp\/v2\/pages\/200\/revisions\/1209"}],"wp:attachment":[{"href":"https:\/\/blocs.xarxanet.org\/cbverneda\/wp-json\/wp\/v2\/media?parent=200"}],"curies":[{"name":"wp","href":"https:\/\/api.w.org\/{rel}","templated":true}]}}