{"id":1289,"date":"2021-01-21T21:01:43","date_gmt":"2021-01-21T19:01:43","guid":{"rendered":"http:\/\/blocs.xarxanet.org\/cbverneda\/?page_id=1289"},"modified":"2021-01-21T21:03:24","modified_gmt":"2021-01-21T19:03:24","slug":"horts-urbans","status":"publish","type":"page","link":"https:\/\/blocs.xarxanet.org\/cbverneda\/horts-urbans\/","title":{"rendered":"Horts urbans"},"content":{"rendered":"<p>Al pati del Casal de Barri hi ha un espai destinat a horts urbans. S&#8217;hi han habilitat 6 parcel\u00b7les que s\u00f3n cultivades per ve\u00efns i ve\u00efnes del barri, durant un any.<\/p>\n<p>Cada any es fa un nou sorteig amb les persones interessades a cultivar l&#8217;hort, per tal que ho puguin fer durant l&#8217;any seg\u00fcent.<\/p>\n<p>Si esteu interessats \/ des a participar de l&#8217;hort urb\u00e0, us poden posar en contacte amb l&#8217;equip de gesti\u00f3 del Casal i us informaran.<\/p>\n<p><img loading=\"lazy\" decoding=\"async\" class=\"wp-image-1293 aligncenter\" src=\"http:\/\/blocs.xarxanet.org\/cbverneda\/files\/2021\/01\/horts-urbans.png\" alt=\"\" width=\"628\" height=\"472\" srcset=\"https:\/\/blocs.xarxanet.org\/cbverneda\/files\/2021\/01\/horts-urbans.png 900w, https:\/\/blocs.xarxanet.org\/cbverneda\/files\/2021\/01\/horts-urbans-300x225.png 300w, https:\/\/blocs.xarxanet.org\/cbverneda\/files\/2021\/01\/horts-urbans-768x576.png 768w, https:\/\/blocs.xarxanet.org\/cbverneda\/files\/2021\/01\/horts-urbans-500x375.png 500w\" sizes=\"auto, (max-width: 628px) 85vw, 628px\" \/><\/p>\n<p>&nbsp;<\/p>\n","protected":false},"excerpt":{"rendered":"<p>Al pati del Casal de Barri hi ha un espai destinat a horts urbans. S&#8217;hi han habilitat 6 parcel\u00b7les que s\u00f3n cultivades per ve\u00efns i ve\u00efnes del barri, durant un any. Cada any es fa un nou sorteig amb les persones interessades a cultivar l&#8217;hort, per tal que ho puguin fer durant l&#8217;any seg\u00fcent. Si &hellip; <a href=\"https:\/\/blocs.xarxanet.org\/cbverneda\/horts-urbans\/\" class=\"more-link\">Continua llegint <span class=\"screen-reader-text\">\u00abHorts urbans\u00bb<\/span><\/a><\/p>\n","protected":false},"author":483,"featured_media":0,"parent":0,"menu_order":0,"comment_status":"closed","ping_status":"closed","template":"","meta":{"footnotes":""},"class_list":["post-1289","page","type-page","status-publish","hentry"],"_links":{"self":[{"href":"https:\/\/blocs.xarxanet.org\/cbverneda\/wp-json\/wp\/v2\/pages\/1289","targetHints":{"allow":["GET"]}}],"collection":[{"href":"https:\/\/blocs.xarxanet.org\/cbverneda\/wp-json\/wp\/v2\/pages"}],"about":[{"href":"https:\/\/blocs.xarxanet.org\/cbverneda\/wp-json\/wp\/v2\/types\/page"}],"author":[{"embeddable":true,"href":"https:\/\/blocs.xarxanet.org\/cbverneda\/wp-json\/wp\/v2\/users\/483"}],"replies":[{"embeddable":true,"href":"https:\/\/blocs.xarxanet.org\/cbverneda\/wp-json\/wp\/v2\/comments?post=1289"}],"version-history":[{"count":3,"href":"https:\/\/blocs.xarxanet.org\/cbverneda\/wp-json\/wp\/v2\/pages\/1289\/revisions"}],"predecessor-version":[{"id":1295,"href":"https:\/\/blocs.xarxanet.org\/cbverneda\/wp-json\/wp\/v2\/pages\/1289\/revisions\/1295"}],"wp:attachment":[{"href":"https:\/\/blocs.xarxanet.org\/cbverneda\/wp-json\/wp\/v2\/media?parent=1289"}],"curies":[{"name":"wp","href":"https:\/\/api.w.org\/{rel}","templated":true}]}}