{"id":1254,"date":"2021-01-21T19:06:34","date_gmt":"2021-01-21T17:06:34","guid":{"rendered":"http:\/\/blocs.xarxanet.org\/cbverneda\/?page_id=1254"},"modified":"2021-01-21T19:07:16","modified_gmt":"2021-01-21T17:07:16","slug":"musica-i-cant-3","status":"publish","type":"page","link":"https:\/\/blocs.xarxanet.org\/cbverneda\/musica-i-cant-3\/","title":{"rendered":"M\u00fasica i cant"},"content":{"rendered":"<p style=\"text-align: center\"><em><strong>&#8220;La m\u00fasica no se canta, se respira&#8221;<\/strong><\/em> &#8211; Alejandro Sanz<\/p>\n<p>Poques coses ens omplen l&#8217;\u00e0nima d&#8217;alegria i sentiment com la m\u00fasica, i poques coses s\u00f3n tant plaents com fer m\u00fasica en col\u00b7lectiu.<\/p>\n<p>Al Casal de Barri hi ha diversos projectes musicals que us convidem a con\u00e8ixer i a participar:<\/p>\n<h2>Coral Montseny<\/h2>\n<p>Una de les corals amb m\u00e9s hist\u00f2ria de La Verneda.<\/p>\n<p>T\u2019agradaria cantar amb la Coral Montseny de Sant Mart\u00ed? No t\u2019ho pensis m\u00e9s, t\u2019estem esperant!<\/p>\n<p><img loading=\"lazy\" decoding=\"async\" class=\"size-medium wp-image-760 aligncenter\" src=\"http:\/\/blocs.xarxanet.org\/cbverneda\/files\/2015\/12\/IMGP2614-1-300x225.jpg\" alt=\"\" width=\"300\" height=\"225\" srcset=\"https:\/\/blocs.xarxanet.org\/cbverneda\/files\/2015\/12\/IMGP2614-1-300x225.jpg 300w, https:\/\/blocs.xarxanet.org\/cbverneda\/files\/2015\/12\/IMGP2614-1-768x576.jpg 768w, https:\/\/blocs.xarxanet.org\/cbverneda\/files\/2015\/12\/IMGP2614-1-1024x768.jpg 1024w\" sizes=\"auto, (max-width: 300px) 85vw, 300px\" \/><\/p>\n<h2>La banda groga:<\/h2>\n<p>La Banda Groga, tamb\u00e9 coneguda com la Banda del Taxi, realitza els seus assajos al Casal de Barri de la Verneda i participa en els actes m\u00e9s destacats de la vida social i cultural del barri, com \u00e9s la Festa Major.<\/p>\n<p><img loading=\"lazy\" decoding=\"async\" class=\"size-medium wp-image-994 aligncenter\" src=\"http:\/\/blocs.xarxanet.org\/cbverneda\/files\/2020\/02\/DSC00009a-300x149.png\" alt=\"\" width=\"300\" height=\"149\" srcset=\"https:\/\/blocs.xarxanet.org\/cbverneda\/files\/2020\/02\/DSC00009a-300x149.png 300w, https:\/\/blocs.xarxanet.org\/cbverneda\/files\/2020\/02\/DSC00009a-768x381.png 768w, https:\/\/blocs.xarxanet.org\/cbverneda\/files\/2020\/02\/DSC00009a-1024x508.png 1024w, https:\/\/blocs.xarxanet.org\/cbverneda\/files\/2020\/02\/DSC00009a.png 1851w\" sizes=\"auto, (max-width: 300px) 85vw, 300px\" \/><\/p>\n","protected":false},"excerpt":{"rendered":"<p>&#8220;La m\u00fasica no se canta, se respira&#8221; &#8211; Alejandro Sanz Poques coses ens omplen l&#8217;\u00e0nima d&#8217;alegria i sentiment com la m\u00fasica, i poques coses s\u00f3n tant plaents com fer m\u00fasica en col\u00b7lectiu. Al Casal de Barri hi ha diversos projectes musicals que us convidem a con\u00e8ixer i a participar: Coral Montseny Una de les corals &hellip; <a href=\"https:\/\/blocs.xarxanet.org\/cbverneda\/musica-i-cant-3\/\" class=\"more-link\">Continua llegint <span class=\"screen-reader-text\">\u00abM\u00fasica i cant\u00bb<\/span><\/a><\/p>\n","protected":false},"author":483,"featured_media":0,"parent":0,"menu_order":0,"comment_status":"closed","ping_status":"closed","template":"","meta":{"footnotes":""},"class_list":["post-1254","page","type-page","status-publish","hentry"],"_links":{"self":[{"href":"https:\/\/blocs.xarxanet.org\/cbverneda\/wp-json\/wp\/v2\/pages\/1254","targetHints":{"allow":["GET"]}}],"collection":[{"href":"https:\/\/blocs.xarxanet.org\/cbverneda\/wp-json\/wp\/v2\/pages"}],"about":[{"href":"https:\/\/blocs.xarxanet.org\/cbverneda\/wp-json\/wp\/v2\/types\/page"}],"author":[{"embeddable":true,"href":"https:\/\/blocs.xarxanet.org\/cbverneda\/wp-json\/wp\/v2\/users\/483"}],"replies":[{"embeddable":true,"href":"https:\/\/blocs.xarxanet.org\/cbverneda\/wp-json\/wp\/v2\/comments?post=1254"}],"version-history":[{"count":1,"href":"https:\/\/blocs.xarxanet.org\/cbverneda\/wp-json\/wp\/v2\/pages\/1254\/revisions"}],"predecessor-version":[{"id":1256,"href":"https:\/\/blocs.xarxanet.org\/cbverneda\/wp-json\/wp\/v2\/pages\/1254\/revisions\/1256"}],"wp:attachment":[{"href":"https:\/\/blocs.xarxanet.org\/cbverneda\/wp-json\/wp\/v2\/media?parent=1254"}],"curies":[{"name":"wp","href":"https:\/\/api.w.org\/{rel}","templated":true}]}}