{"id":1246,"date":"2021-01-21T18:27:40","date_gmt":"2021-01-21T16:27:40","guid":{"rendered":"http:\/\/blocs.xarxanet.org\/cbverneda\/?page_id=1246"},"modified":"2021-01-21T18:34:13","modified_gmt":"2021-01-21T16:34:13","slug":"idiomes-2","status":"publish","type":"page","link":"https:\/\/blocs.xarxanet.org\/cbverneda\/idiomes-2\/","title":{"rendered":"Idiomes"},"content":{"rendered":"<p style=\"text-align: center\"><em><strong>&#8220;Qui coneix un altres idioma, posseeix una altra \u00e0nima&#8221;<\/strong><\/em> &#8211; Stendhal<\/p>\n<p>Aprendre idiomes ens obre a noves cultures, a noves manera de veure la vida, a noves coneixences. En les societats actuals, tant diverses, amb ve\u00efns i ve\u00efnes vinguts d&#8217;arreu del m\u00f3n, l&#8217;aprenentatge dels idiomes s&#8217;ha fet cada vegada m\u00e9s necessari.<\/p>\n<p>Des del Casal fomentem l&#8217;inter\u00e8s per a l&#8217;aprenentatge dels idiomes, tant per a les persones que volen aprendre un idioma nou, com per a les persones nouvingudes\u00a0 que volen aprendre el catal\u00e0 o el castell\u00e0.<\/p>\n<p>Al Casal organitzem diferents activitats vinculades a l&#8217;aprenentatge de l&#8217;angl\u00e8s, i tamb\u00e9 grups de conversa de catal\u00e0, organitzats conjuntament amb el Consorci de Normalitzaci\u00f3 Ling\u00fc\u00edstica.<\/p>\n<p>&nbsp;<\/p>\n","protected":false},"excerpt":{"rendered":"<p>&#8220;Qui coneix un altres idioma, posseeix una altra \u00e0nima&#8221; &#8211; Stendhal Aprendre idiomes ens obre a noves cultures, a noves manera de veure la vida, a noves coneixences. En les societats actuals, tant diverses, amb ve\u00efns i ve\u00efnes vinguts d&#8217;arreu del m\u00f3n, l&#8217;aprenentatge dels idiomes s&#8217;ha fet cada vegada m\u00e9s necessari. Des del Casal fomentem &hellip; <a href=\"https:\/\/blocs.xarxanet.org\/cbverneda\/idiomes-2\/\" class=\"more-link\">Continua llegint <span class=\"screen-reader-text\">\u00abIdiomes\u00bb<\/span><\/a><\/p>\n","protected":false},"author":483,"featured_media":0,"parent":0,"menu_order":0,"comment_status":"closed","ping_status":"closed","template":"","meta":{"footnotes":""},"class_list":["post-1246","page","type-page","status-publish","hentry"],"_links":{"self":[{"href":"https:\/\/blocs.xarxanet.org\/cbverneda\/wp-json\/wp\/v2\/pages\/1246","targetHints":{"allow":["GET"]}}],"collection":[{"href":"https:\/\/blocs.xarxanet.org\/cbverneda\/wp-json\/wp\/v2\/pages"}],"about":[{"href":"https:\/\/blocs.xarxanet.org\/cbverneda\/wp-json\/wp\/v2\/types\/page"}],"author":[{"embeddable":true,"href":"https:\/\/blocs.xarxanet.org\/cbverneda\/wp-json\/wp\/v2\/users\/483"}],"replies":[{"embeddable":true,"href":"https:\/\/blocs.xarxanet.org\/cbverneda\/wp-json\/wp\/v2\/comments?post=1246"}],"version-history":[{"count":1,"href":"https:\/\/blocs.xarxanet.org\/cbverneda\/wp-json\/wp\/v2\/pages\/1246\/revisions"}],"predecessor-version":[{"id":1247,"href":"https:\/\/blocs.xarxanet.org\/cbverneda\/wp-json\/wp\/v2\/pages\/1246\/revisions\/1247"}],"wp:attachment":[{"href":"https:\/\/blocs.xarxanet.org\/cbverneda\/wp-json\/wp\/v2\/media?parent=1246"}],"curies":[{"name":"wp","href":"https:\/\/api.w.org\/{rel}","templated":true}]}}