{"id":1239,"date":"2021-01-21T17:49:04","date_gmt":"2021-01-21T15:49:04","guid":{"rendered":"http:\/\/blocs.xarxanet.org\/cbverneda\/?page_id=1239"},"modified":"2021-01-21T18:10:38","modified_gmt":"2021-01-21T16:10:38","slug":"habilitats-i-creativitat-3","status":"publish","type":"page","link":"https:\/\/blocs.xarxanet.org\/cbverneda\/habilitats-i-creativitat-3\/","title":{"rendered":"Habilitats i creativitat"},"content":{"rendered":"<p style=\"text-align: center\"><em><strong>&#8220;La creativitat \u00e9s la intel\u00b7lig\u00e8ncia divertint-se&#8221;<\/strong><\/em> &#8211; Albert Einstein<\/p>\n<p>Explorar els l\u00edmits de les idees, construir, transformar, canviar, interpretar. La creativitat \u00e9s la font de l&#8217;evoluci\u00f3 de la humanitat i al Casal de Barri ens agrada que la creativitat ens inspiri cada dia. Per aix\u00f2 s&#8217;organitzen tot tipus d&#8217;activitats que tenen a veure amb les manualitats, el reciclatges i la decoraci\u00f3.<\/p>\n<p>Alguns dels tallers i activitats desenvolupats darrerament s\u00f3n:<\/p>\n<ul>\n<li>Ganxet i Amigurumis<\/li>\n<li>Decorem el Casal (durant les dates assenyalades, Sant Jordi, dia de la Dona, etc.)<\/li>\n<\/ul>\n<p><img loading=\"lazy\" decoding=\"async\" class=\"size-medium wp-image-755 aligncenter\" src=\"http:\/\/blocs.xarxanet.org\/cbverneda\/files\/2015\/12\/IMGP2716-225x300.jpg\" alt=\"\" width=\"225\" height=\"300\" srcset=\"https:\/\/blocs.xarxanet.org\/cbverneda\/files\/2015\/12\/IMGP2716-225x300.jpg 225w, https:\/\/blocs.xarxanet.org\/cbverneda\/files\/2015\/12\/IMGP2716-768x1024.jpg 768w\" sizes=\"auto, (max-width: 225px) 85vw, 225px\" \/><\/p>\n<p><img loading=\"lazy\" decoding=\"async\" class=\"size-medium wp-image-665 aligncenter\" src=\"http:\/\/blocs.xarxanet.org\/cbverneda\/files\/2016\/04\/IMGP2101-300x225.jpg\" alt=\"\" width=\"300\" height=\"225\" srcset=\"https:\/\/blocs.xarxanet.org\/cbverneda\/files\/2016\/04\/IMGP2101-300x225.jpg 300w, https:\/\/blocs.xarxanet.org\/cbverneda\/files\/2016\/04\/IMGP2101-768x576.jpg 768w, https:\/\/blocs.xarxanet.org\/cbverneda\/files\/2016\/04\/IMGP2101-1024x768.jpg 1024w\" sizes=\"auto, (max-width: 300px) 85vw, 300px\" \/><\/p>\n<p><img loading=\"lazy\" decoding=\"async\" class=\"size-medium wp-image-670 aligncenter\" src=\"http:\/\/blocs.xarxanet.org\/cbverneda\/files\/2016\/04\/la-foto-Dracs-234x300.jpg\" alt=\"\" width=\"234\" height=\"300\" srcset=\"https:\/\/blocs.xarxanet.org\/cbverneda\/files\/2016\/04\/la-foto-Dracs-234x300.jpg 234w, https:\/\/blocs.xarxanet.org\/cbverneda\/files\/2016\/04\/la-foto-Dracs-768x984.jpg 768w, https:\/\/blocs.xarxanet.org\/cbverneda\/files\/2016\/04\/la-foto-Dracs-799x1024.jpg 799w, https:\/\/blocs.xarxanet.org\/cbverneda\/files\/2016\/04\/la-foto-Dracs.jpg 1451w\" sizes=\"auto, (max-width: 234px) 85vw, 234px\" \/><\/p>\n<p>&nbsp;<\/p>\n","protected":false},"excerpt":{"rendered":"<p>&#8220;La creativitat \u00e9s la intel\u00b7lig\u00e8ncia divertint-se&#8221; &#8211; Albert Einstein Explorar els l\u00edmits de les idees, construir, transformar, canviar, interpretar. La creativitat \u00e9s la font de l&#8217;evoluci\u00f3 de la humanitat i al Casal de Barri ens agrada que la creativitat ens inspiri cada dia. Per aix\u00f2 s&#8217;organitzen tot tipus d&#8217;activitats que tenen a veure amb les &hellip; <a href=\"https:\/\/blocs.xarxanet.org\/cbverneda\/habilitats-i-creativitat-3\/\" class=\"more-link\">Continua llegint <span class=\"screen-reader-text\">\u00abHabilitats i creativitat\u00bb<\/span><\/a><\/p>\n","protected":false},"author":483,"featured_media":0,"parent":0,"menu_order":0,"comment_status":"closed","ping_status":"closed","template":"","meta":{"footnotes":""},"class_list":["post-1239","page","type-page","status-publish","hentry"],"_links":{"self":[{"href":"https:\/\/blocs.xarxanet.org\/cbverneda\/wp-json\/wp\/v2\/pages\/1239","targetHints":{"allow":["GET"]}}],"collection":[{"href":"https:\/\/blocs.xarxanet.org\/cbverneda\/wp-json\/wp\/v2\/pages"}],"about":[{"href":"https:\/\/blocs.xarxanet.org\/cbverneda\/wp-json\/wp\/v2\/types\/page"}],"author":[{"embeddable":true,"href":"https:\/\/blocs.xarxanet.org\/cbverneda\/wp-json\/wp\/v2\/users\/483"}],"replies":[{"embeddable":true,"href":"https:\/\/blocs.xarxanet.org\/cbverneda\/wp-json\/wp\/v2\/comments?post=1239"}],"version-history":[{"count":4,"href":"https:\/\/blocs.xarxanet.org\/cbverneda\/wp-json\/wp\/v2\/pages\/1239\/revisions"}],"predecessor-version":[{"id":1244,"href":"https:\/\/blocs.xarxanet.org\/cbverneda\/wp-json\/wp\/v2\/pages\/1239\/revisions\/1244"}],"wp:attachment":[{"href":"https:\/\/blocs.xarxanet.org\/cbverneda\/wp-json\/wp\/v2\/media?parent=1239"}],"curies":[{"name":"wp","href":"https:\/\/api.w.org\/{rel}","templated":true}]}}