{"id":1218,"date":"2021-01-21T16:57:41","date_gmt":"2021-01-21T14:57:41","guid":{"rendered":"http:\/\/blocs.xarxanet.org\/cbverneda\/?page_id=1218"},"modified":"2021-01-21T17:13:48","modified_gmt":"2021-01-21T15:13:48","slug":"arts-plastiques-2","status":"publish","type":"page","link":"https:\/\/blocs.xarxanet.org\/cbverneda\/arts-plastiques-2\/","title":{"rendered":"Arts pl\u00e0stiques"},"content":{"rendered":"<p>A finals del segle XIX el pintor catal\u00e0 Isidre Nonell va immortalitzar La Verneda i Sant Mart\u00ed de Proven\u00e7als amb diverses obres dels camps i paisatges agr\u00edcoles dels nostres barris. Avui en dia l&#8217;art i la pintura segueixen ben presents i continuen omplint La Verneda de bellesa i creativitat<\/p>\n<p>El Casal de Barri disposa d&#8217;una aula espec\u00edficament destinada a les activitats d&#8217;arts pl\u00e0stiques on fer cr\u00e9ixer la creativitat i la bellesa.<\/p>\n<p>La principal activitat que es realitza en aquest espai estan vinculades a la pintura a l&#8217;oli.<\/p>\n<p><img loading=\"lazy\" decoding=\"async\" class=\"size-medium wp-image-816 aligncenter\" src=\"http:\/\/blocs.xarxanet.org\/cbverneda\/files\/2015\/12\/2017-06-14-17.04.56-300x201.jpg\" alt=\"\" width=\"300\" height=\"201\" srcset=\"https:\/\/blocs.xarxanet.org\/cbverneda\/files\/2015\/12\/2017-06-14-17.04.56-300x201.jpg 300w, https:\/\/blocs.xarxanet.org\/cbverneda\/files\/2015\/12\/2017-06-14-17.04.56-768x514.jpg 768w, https:\/\/blocs.xarxanet.org\/cbverneda\/files\/2015\/12\/2017-06-14-17.04.56-1024x685.jpg 1024w\" sizes=\"auto, (max-width: 300px) 85vw, 300px\" \/><\/p>\n<p><img loading=\"lazy\" decoding=\"async\" class=\"size-medium wp-image-815 aligncenter\" src=\"http:\/\/blocs.xarxanet.org\/cbverneda\/files\/2015\/12\/2017-06-14-17.03.29-1-300x201.jpg\" alt=\"\" width=\"300\" height=\"201\" srcset=\"https:\/\/blocs.xarxanet.org\/cbverneda\/files\/2015\/12\/2017-06-14-17.03.29-1-300x201.jpg 300w, https:\/\/blocs.xarxanet.org\/cbverneda\/files\/2015\/12\/2017-06-14-17.03.29-1-768x514.jpg 768w, https:\/\/blocs.xarxanet.org\/cbverneda\/files\/2015\/12\/2017-06-14-17.03.29-1-1024x685.jpg 1024w\" sizes=\"auto, (max-width: 300px) 85vw, 300px\" \/><\/p>\n<p>Tamb\u00e9 s&#8217;ha realitzat altres activitats com la restauraci\u00f3 de mobles.<\/p>\n<p>&nbsp;<\/p>\n","protected":false},"excerpt":{"rendered":"<p>A finals del segle XIX el pintor catal\u00e0 Isidre Nonell va immortalitzar La Verneda i Sant Mart\u00ed de Proven\u00e7als amb diverses obres dels camps i paisatges agr\u00edcoles dels nostres barris. Avui en dia l&#8217;art i la pintura segueixen ben presents i continuen omplint La Verneda de bellesa i creativitat El Casal de Barri disposa d&#8217;una &hellip; <a href=\"https:\/\/blocs.xarxanet.org\/cbverneda\/arts-plastiques-2\/\" class=\"more-link\">Continua llegint <span class=\"screen-reader-text\">\u00abArts pl\u00e0stiques\u00bb<\/span><\/a><\/p>\n","protected":false},"author":483,"featured_media":0,"parent":0,"menu_order":0,"comment_status":"closed","ping_status":"closed","template":"","meta":{"footnotes":""},"class_list":["post-1218","page","type-page","status-publish","hentry"],"_links":{"self":[{"href":"https:\/\/blocs.xarxanet.org\/cbverneda\/wp-json\/wp\/v2\/pages\/1218","targetHints":{"allow":["GET"]}}],"collection":[{"href":"https:\/\/blocs.xarxanet.org\/cbverneda\/wp-json\/wp\/v2\/pages"}],"about":[{"href":"https:\/\/blocs.xarxanet.org\/cbverneda\/wp-json\/wp\/v2\/types\/page"}],"author":[{"embeddable":true,"href":"https:\/\/blocs.xarxanet.org\/cbverneda\/wp-json\/wp\/v2\/users\/483"}],"replies":[{"embeddable":true,"href":"https:\/\/blocs.xarxanet.org\/cbverneda\/wp-json\/wp\/v2\/comments?post=1218"}],"version-history":[{"count":4,"href":"https:\/\/blocs.xarxanet.org\/cbverneda\/wp-json\/wp\/v2\/pages\/1218\/revisions"}],"predecessor-version":[{"id":1226,"href":"https:\/\/blocs.xarxanet.org\/cbverneda\/wp-json\/wp\/v2\/pages\/1218\/revisions\/1226"}],"wp:attachment":[{"href":"https:\/\/blocs.xarxanet.org\/cbverneda\/wp-json\/wp\/v2\/media?parent=1218"}],"curies":[{"name":"wp","href":"https:\/\/api.w.org\/{rel}","templated":true}]}}