{"id":1212,"date":"2021-01-21T15:56:23","date_gmt":"2021-01-21T13:56:23","guid":{"rendered":"http:\/\/blocs.xarxanet.org\/cbverneda\/?page_id=1212"},"modified":"2021-01-21T15:56:23","modified_gmt":"2021-01-21T13:56:23","slug":"espais-i-equipaments","status":"publish","type":"page","link":"https:\/\/blocs.xarxanet.org\/cbverneda\/espais-i-equipaments\/","title":{"rendered":"Espais i equipaments"},"content":{"rendered":"<p>El Casal de Barri de la Verneda es composa dels seg\u00fcents espais:<\/p>\n<ul>\n<li>Vest\u00edbul i espai d&#8217;exposicions<\/li>\n<li>Sala polivalent<\/li>\n<li>Sala de pintura<\/li>\n<li>Gimn\u00e0s<\/li>\n<li>Sala de gesti\u00f3<\/li>\n<li>Aula d&#8217;inform\u00e0tica<\/li>\n<li>Aula polivalent<\/li>\n<li>Pati<\/li>\n<li>Magatzems<\/li>\n<\/ul>\n<p>Tots els espais (excepte els magatzems i la sala de gesti\u00f3) poden ser cedits a entitats, equipaments o ve\u00efnat en general. En el cas que tingueu inter\u00e8s a sol\u00b7licitar una d&#8217;aquestes sales ho podeu fer a trav\u00e9s del seg\u00fcent correu electr\u00f2nic: cbverneda@gmail.com<\/p>\n","protected":false},"excerpt":{"rendered":"<p>El Casal de Barri de la Verneda es composa dels seg\u00fcents espais: Vest\u00edbul i espai d&#8217;exposicions Sala polivalent Sala de pintura Gimn\u00e0s Sala de gesti\u00f3 Aula d&#8217;inform\u00e0tica Aula polivalent Pati Magatzems Tots els espais (excepte els magatzems i la sala de gesti\u00f3) poden ser cedits a entitats, equipaments o ve\u00efnat en general. En el cas &hellip; <a href=\"https:\/\/blocs.xarxanet.org\/cbverneda\/espais-i-equipaments\/\" class=\"more-link\">Continua llegint <span class=\"screen-reader-text\">\u00abEspais i equipaments\u00bb<\/span><\/a><\/p>\n","protected":false},"author":483,"featured_media":0,"parent":0,"menu_order":0,"comment_status":"closed","ping_status":"closed","template":"","meta":{"footnotes":""},"class_list":["post-1212","page","type-page","status-publish","hentry"],"_links":{"self":[{"href":"https:\/\/blocs.xarxanet.org\/cbverneda\/wp-json\/wp\/v2\/pages\/1212","targetHints":{"allow":["GET"]}}],"collection":[{"href":"https:\/\/blocs.xarxanet.org\/cbverneda\/wp-json\/wp\/v2\/pages"}],"about":[{"href":"https:\/\/blocs.xarxanet.org\/cbverneda\/wp-json\/wp\/v2\/types\/page"}],"author":[{"embeddable":true,"href":"https:\/\/blocs.xarxanet.org\/cbverneda\/wp-json\/wp\/v2\/users\/483"}],"replies":[{"embeddable":true,"href":"https:\/\/blocs.xarxanet.org\/cbverneda\/wp-json\/wp\/v2\/comments?post=1212"}],"version-history":[{"count":1,"href":"https:\/\/blocs.xarxanet.org\/cbverneda\/wp-json\/wp\/v2\/pages\/1212\/revisions"}],"predecessor-version":[{"id":1214,"href":"https:\/\/blocs.xarxanet.org\/cbverneda\/wp-json\/wp\/v2\/pages\/1212\/revisions\/1214"}],"wp:attachment":[{"href":"https:\/\/blocs.xarxanet.org\/cbverneda\/wp-json\/wp\/v2\/media?parent=1212"}],"curies":[{"name":"wp","href":"https:\/\/api.w.org\/{rel}","templated":true}]}}