{"id":1066,"date":"2015-07-23T12:02:15","date_gmt":"2015-07-23T10:02:15","guid":{"rendered":"http:\/\/cbverneda.entitatsbcn.net\/?page_id=368"},"modified":"2021-01-21T20:09:12","modified_gmt":"2021-01-21T18:09:12","slug":"horari-ubicacio-2","status":"publish","type":"page","link":"https:\/\/blocs.xarxanet.org\/cbverneda\/horari-ubicacio-2\/","title":{"rendered":"Horaris i ubicaci\u00f3"},"content":{"rendered":"<h2><strong>Horari d&#8217;atenci\u00f3 al p\u00fablic:<\/strong><\/h2>\n<p><strong>Matins:<\/strong><\/p>\n<p>Dimarts i dijous de 10.00h a 13.30\u00a0<span class=\"hiddenGrammarError\">h\u00a0<\/span><\/p>\n<p><span class=\"hiddenGrammarError\">Divendres de 10.00h a 13.00 h<\/span><\/p>\n<p><strong>Tardes:<\/strong><\/p>\n<p>De dilluns a dijous, de <span class=\"hiddenGrammarError\">16.00 h<\/span>\u00a0a 21.00 h<\/p>\n<p>&nbsp;<\/p>\n<h2><strong>Ubicaci\u00f3:<\/strong><\/h2>\n<p>Casal de barri La Verneda<\/p>\n<p>Cr. Santander, n\u00ba 6 (08020). Barcelona (<a href=\"https:\/\/goo.gl\/maps\/qkxG9tLQeh5xsgXXA\" target=\"_blank\" rel=\"noopener\">mostra-ho a Google Maps<\/a>)<\/p>\n<p>&nbsp;<\/p>\n<h2>Contacte:<\/h2>\n<p><span style=\"color: #000000\"><strong>Telf:<\/strong> 93.305.73.84<\/span><\/p>\n<p><span style=\"color: #000000\"><strong>E.mail:<\/strong> cbverneda@gmail.com<\/span><\/p>\n","protected":false},"excerpt":{"rendered":"<p>Horari d&#8217;atenci\u00f3 al p\u00fablic: Matins: Dimarts i dijous de 10.00h a 13.30\u00a0h\u00a0 Divendres de 10.00h a 13.00 h Tardes: De dilluns a dijous, de 16.00 h\u00a0a 21.00 h &nbsp; Ubicaci\u00f3: Casal de barri La Verneda Cr. Santander, n\u00ba 6 (08020). Barcelona (mostra-ho a Google Maps) &nbsp; Contacte: Telf: 93.305.73.84 E.mail: cbverneda@gmail.com<\/p>\n","protected":false},"author":483,"featured_media":0,"parent":0,"menu_order":0,"comment_status":"closed","ping_status":"closed","template":"","meta":{"footnotes":""},"class_list":["post-1066","page","type-page","status-publish","hentry"],"_links":{"self":[{"href":"https:\/\/blocs.xarxanet.org\/cbverneda\/wp-json\/wp\/v2\/pages\/1066","targetHints":{"allow":["GET"]}}],"collection":[{"href":"https:\/\/blocs.xarxanet.org\/cbverneda\/wp-json\/wp\/v2\/pages"}],"about":[{"href":"https:\/\/blocs.xarxanet.org\/cbverneda\/wp-json\/wp\/v2\/types\/page"}],"author":[{"embeddable":true,"href":"https:\/\/blocs.xarxanet.org\/cbverneda\/wp-json\/wp\/v2\/users\/483"}],"replies":[{"embeddable":true,"href":"https:\/\/blocs.xarxanet.org\/cbverneda\/wp-json\/wp\/v2\/comments?post=1066"}],"version-history":[{"count":7,"href":"https:\/\/blocs.xarxanet.org\/cbverneda\/wp-json\/wp\/v2\/pages\/1066\/revisions"}],"predecessor-version":[{"id":1282,"href":"https:\/\/blocs.xarxanet.org\/cbverneda\/wp-json\/wp\/v2\/pages\/1066\/revisions\/1282"}],"wp:attachment":[{"href":"https:\/\/blocs.xarxanet.org\/cbverneda\/wp-json\/wp\/v2\/media?parent=1066"}],"curies":[{"name":"wp","href":"https:\/\/api.w.org\/{rel}","templated":true}]}}