{"id":747,"date":"2025-06-06T08:06:36","date_gmt":"2025-06-06T06:06:36","guid":{"rendered":"https:\/\/blocs.xarxanet.org\/barraques-subirats\/?page_id=747"},"modified":"2025-09-25T13:35:45","modified_gmt":"2025-09-25T11:35:45","slug":"b-d01","status":"publish","type":"page","link":"https:\/\/blocs.xarxanet.org\/barraques-subirats\/b-d01\/","title":{"rendered":"B-D01"},"content":{"rendered":"\n<div class=\"wp-block-columns is-layout-flex wp-container-core-columns-is-layout-28f84493 wp-block-columns-is-layout-flex\">\n<div class=\"wp-block-column is-layout-flow wp-block-column-is-layout-flow\">\n<figure style=\"line-height:1\" class=\"wp-block-table\"><table class=\"has-fixed-layout\"><thead><tr><th>D01<\/th><th><\/th><\/tr><\/thead><tbody><tr><td><strong>SECTOR I N\u00ba&nbsp;&nbsp;&nbsp; &nbsp;&nbsp;&nbsp; &nbsp;&nbsp;&nbsp; &nbsp;&nbsp;&nbsp; &nbsp;&nbsp;&nbsp;<\/strong><\/td><td>D 01<\/td><\/tr><tr><td><strong>NOM POPULAR<\/strong><\/td><td><\/td><\/tr><tr><td><strong>LOCALITZACI\u00d3<\/strong><\/td><td>Al sud de la Urbanitzaci\u00f3 Muntanya Rodona<\/td><\/tr><\/tbody><\/table><\/figure>\n\n\n\n<figure style=\"line-height:1\" class=\"wp-block-table\"><table class=\"has-fixed-layout\"><thead><tr><th>COORDENADES UTM ETRS89 31 T<\/th><th><\/th><\/tr><\/thead><tbody><tr><td><strong>X <\/strong><\/td><td>400974<\/td><\/tr><tr><td><strong>Y<\/strong><\/td><td>4580647<\/td><\/tr><tr><td><strong>COTA<\/strong><\/td><td>310<\/td><\/tr><tr><td><strong>Mapa 1:5.000<\/strong><\/td><td>420-1-7 Coll d&#8217;Esteles<\/td><\/tr><\/tbody><\/table><\/figure>\n\n\n\n<figure style=\"line-height:1\" class=\"wp-block-table\"><table class=\"has-fixed-layout\"><thead><tr><th>EXTERIOR<\/th><th><\/th><\/tr><\/thead><tbody><tr><td><strong>Forma<\/strong><\/td><td>Rodona<\/td><\/tr><tr><td><strong>Mides (Ample\/Fond\u00e0ria)<\/strong><\/td><td>370&#215;390<\/td><\/tr><tr><td><strong>Al\u00e7ada total<\/strong><\/td><td>300<\/td><\/tr><tr><td><strong>Posici\u00f3<\/strong><\/td><td>A\u00efllada<\/td><\/tr><tr><td><strong>Cornisa<\/strong><\/td><td>250<\/td><\/tr><tr><td><strong>Afegits<\/strong><\/td><td><\/td><\/tr><tr><td><strong>Sostre<\/strong><\/td><td>Herbes<\/td><\/tr><\/tbody><\/table><\/figure>\n<\/div>\n\n\n\n<div class=\"wp-block-column is-layout-flow wp-block-column-is-layout-flow\">\n<figure style=\"line-height:1\" class=\"wp-block-table\"><table class=\"has-fixed-layout\"><thead><tr><th>PORTAL<\/th><th><\/th><\/tr><\/thead><tbody><tr><td><strong>Orientaci\u00f3<\/strong><\/td><td>200\u00ba<\/td><\/tr><tr><td><strong>Al\u00e7ada<\/strong><\/td><td>130<\/td><\/tr><tr><td><strong>Ample<\/strong><\/td><td>75<\/td><\/tr><tr><td><strong>Gruix<\/strong><\/td><td>70<\/td><\/tr><\/tbody><\/table><\/figure>\n\n\n\n<figure style=\"line-height:1\" class=\"wp-block-table\"><table class=\"has-fixed-layout\"><thead><tr><th>LLINDA<\/th><th><\/th><\/tr><\/thead><tbody><tr><td><strong>Tipus<\/strong><\/td><td>Doble<\/td><\/tr><tr><td><strong>Mides (Ample\/Al\u00e7ada\/Fond\u00e0ria)<\/strong><\/td><td>Inf 70x20x45 \/ Sup 35&#215;12 a 12 cm<\/td><\/tr><\/tbody><\/table><\/figure>\n\n\n\n<figure style=\"line-height:1\" class=\"wp-block-table\"><table class=\"has-fixed-layout\"><thead><tr><th>INTERIOR<\/th><th><\/th><\/tr><\/thead><tbody><tr><td><strong>Mides (Ample\/Fond\u00e0ria)<\/strong><\/td><td>195&#215;205<\/td><\/tr><tr><td><strong>Bloc superior<\/strong><\/td><td>50&#215;60<\/td><\/tr><tr><td><strong>Al\u00e7ada central<\/strong><\/td><td>240<\/td><\/tr><tr><td><strong>Cocons<\/strong><\/td><td>1<\/td><\/tr><tr><td><strong>Forn\u00edcules<\/strong><\/td><td><\/td><\/tr><tr><td><strong>Espitlleres<\/strong><\/td><td>2<\/td><\/tr><tr><td><strong>Restes foc<\/strong><\/td><td>Si<\/td><\/tr><tr><td><strong>Contingut<\/strong><\/td><td>Buida<\/td><\/tr><\/tbody><\/table><\/figure>\n<\/div>\n\n\n\n<div class=\"wp-block-column is-layout-flow wp-block-column-is-layout-flow\">\n<figure class=\"wp-block-image aligncenter size-full\"><img fetchpriority=\"high\" decoding=\"async\" width=\"1948\" height=\"1328\" src=\"http:\/\/blocs.xarxanet.org\/barraques-subirats\/files\/2025\/06\/d01-1.jpg\" alt=\"\" class=\"wp-image-741\" srcset=\"https:\/\/blocs.xarxanet.org\/barraques-subirats\/files\/2025\/06\/d01-1.jpg 1948w, https:\/\/blocs.xarxanet.org\/barraques-subirats\/files\/2025\/06\/d01-1-300x205.jpg 300w, https:\/\/blocs.xarxanet.org\/barraques-subirats\/files\/2025\/06\/d01-1-1024x698.jpg 1024w, https:\/\/blocs.xarxanet.org\/barraques-subirats\/files\/2025\/06\/d01-1-768x524.jpg 768w, https:\/\/blocs.xarxanet.org\/barraques-subirats\/files\/2025\/06\/d01-1-1536x1047.jpg 1536w\" sizes=\"(max-width: 1948px) 100vw, 1948px\" \/><figcaption class=\"wp-element-caption\">D01<\/figcaption><\/figure>\n\n\n\n<figure style=\"line-height:1\" class=\"wp-block-table\"><table class=\"has-fixed-layout\"><tbody><tr><td><strong>ESTAT<\/strong><\/td><td>Bo<\/td><\/tr><tr><td><strong>DANYS<\/strong><\/td><td><\/td><\/tr><tr><td><strong>GRAVATS<\/strong><\/td><td>188? potser 1884<\/td><\/tr><tr><td><strong>OBSERVACIONS<\/strong><\/td><td><\/td><\/tr><tr><td><strong>CODI WIKIPEDRA<\/strong><\/td><td>3976<\/td><\/tr><\/tbody><\/table><\/figure>\n<\/div>\n<\/div>\n","protected":false},"excerpt":{"rendered":"<p>D01 SECTOR I N\u00ba&nbsp;&nbsp;&nbsp; &nbsp;&nbsp;&nbsp; &nbsp;&nbsp;&nbsp; &nbsp;&nbsp;&nbsp; &nbsp;&nbsp;&nbsp; D 01 NOM POPULAR LOCALITZACI\u00d3 Al sud de la Urbanitzaci\u00f3 Muntanya Rodona COORDENADES UTM ETRS89 31 T X 400974 Y 4580647 COTA 310 Mapa 1:5.000 420-1-7 Coll d&#8217;Esteles EXTERIOR Forma Rodona Mides (Ample\/Fond\u00e0ria) 370&#215;390 Al\u00e7ada total 300 Posici\u00f3 A\u00efllada Cornisa 250 Afegits Sostre Herbes PORTAL Orientaci\u00f3 200\u00ba [&hellip;]<\/p>\n","protected":false},"author":500,"featured_media":741,"parent":0,"menu_order":0,"comment_status":"closed","ping_status":"closed","template":"wp-custom-template-p-d1","meta":{"footnotes":""},"class_list":["post-747","page","type-page","status-publish","has-post-thumbnail","hentry"],"_links":{"self":[{"href":"https:\/\/blocs.xarxanet.org\/barraques-subirats\/wp-json\/wp\/v2\/pages\/747","targetHints":{"allow":["GET"]}}],"collection":[{"href":"https:\/\/blocs.xarxanet.org\/barraques-subirats\/wp-json\/wp\/v2\/pages"}],"about":[{"href":"https:\/\/blocs.xarxanet.org\/barraques-subirats\/wp-json\/wp\/v2\/types\/page"}],"author":[{"embeddable":true,"href":"https:\/\/blocs.xarxanet.org\/barraques-subirats\/wp-json\/wp\/v2\/users\/500"}],"replies":[{"embeddable":true,"href":"https:\/\/blocs.xarxanet.org\/barraques-subirats\/wp-json\/wp\/v2\/comments?post=747"}],"version-history":[{"count":8,"href":"https:\/\/blocs.xarxanet.org\/barraques-subirats\/wp-json\/wp\/v2\/pages\/747\/revisions"}],"predecessor-version":[{"id":3617,"href":"https:\/\/blocs.xarxanet.org\/barraques-subirats\/wp-json\/wp\/v2\/pages\/747\/revisions\/3617"}],"wp:featuredmedia":[{"embeddable":true,"href":"https:\/\/blocs.xarxanet.org\/barraques-subirats\/wp-json\/wp\/v2\/media\/741"}],"wp:attachment":[{"href":"https:\/\/blocs.xarxanet.org\/barraques-subirats\/wp-json\/wp\/v2\/media?parent=747"}],"curies":[{"name":"wp","href":"https:\/\/api.w.org\/{rel}","templated":true}]}}