{"id":671,"date":"2025-06-05T17:09:42","date_gmt":"2025-06-05T15:09:42","guid":{"rendered":"https:\/\/blocs.xarxanet.org\/barraques-subirats\/?page_id=671"},"modified":"2025-09-25T16:02:44","modified_gmt":"2025-09-25T14:02:44","slug":"b-c01","status":"publish","type":"page","link":"https:\/\/blocs.xarxanet.org\/barraques-subirats\/b-c01\/","title":{"rendered":"B-C01"},"content":{"rendered":"\n<div class=\"wp-block-columns is-layout-flex wp-container-core-columns-is-layout-28f84493 wp-block-columns-is-layout-flex\">\n<div class=\"wp-block-column is-layout-flow wp-block-column-is-layout-flow\">\n<figure style=\"line-height:1\" class=\"wp-block-table\"><table class=\"has-fixed-layout\"><thead><tr><th>C01<\/th><th><\/th><\/tr><\/thead><tbody><tr><td><strong>SECTOR I N\u00ba&nbsp;&nbsp;&nbsp; &nbsp;&nbsp;&nbsp; &nbsp;&nbsp;&nbsp; &nbsp;&nbsp;&nbsp; &nbsp;&nbsp;&nbsp;<\/strong><\/td><td>C 01<\/td><\/tr><tr><td><strong>NOM POPULAR<\/strong><\/td><td>Barraca del Quico<\/td><\/tr><tr><td><strong>LOCALITZACI\u00d3<\/strong><\/td><td>Pou dels Casots<\/td><\/tr><\/tbody><\/table><\/figure>\n\n\n\n<figure style=\"line-height:1\" class=\"wp-block-table\"><table class=\"has-fixed-layout\"><thead><tr><th>COORDENADES UTM ETRS89 31 T<\/th><th><\/th><\/tr><\/thead><tbody><tr><td><strong>X <\/strong><\/td><td>400121<\/td><\/tr><tr><td><strong>Y<\/strong><\/td><td>4585156<\/td><\/tr><tr><td><strong>COTA<\/strong><\/td><td>271<\/td><\/tr><tr><td><strong>Mapa 1:5.000<\/strong><\/td><td>419-8-5 Can Rossell<\/td><\/tr><\/tbody><\/table><\/figure>\n\n\n\n<figure style=\"line-height:1\" class=\"wp-block-table\"><table class=\"has-fixed-layout\"><thead><tr><th>EXTERIOR<\/th><th><\/th><\/tr><\/thead><tbody><tr><td><strong>Forma<\/strong><\/td><td>Rodona<\/td><\/tr><tr><td><strong>Mides (Ample\/Fond\u00e0ria)<\/strong><\/td><td>410&#215;400<\/td><\/tr><tr><td><strong>Al\u00e7ada total<\/strong><\/td><td>340<\/td><\/tr><tr><td><strong>Posici\u00f3<\/strong><\/td><td>A\u00efllada<\/td><\/tr><tr><td><strong>Cornisa<\/strong><\/td><td>225<\/td><\/tr><tr><td><strong>Afegits<\/strong><\/td><td><\/td><\/tr><tr><td><strong>Sostre<\/strong><\/td><td>Lliris<\/td><\/tr><\/tbody><\/table><\/figure>\n<\/div>\n\n\n\n<div class=\"wp-block-column is-layout-flow wp-block-column-is-layout-flow\">\n<figure style=\"line-height:1\" class=\"wp-block-table\"><table class=\"has-fixed-layout\"><thead><tr><th>PORTAL<\/th><th><\/th><\/tr><\/thead><tbody><tr><td><strong>Orientaci\u00f3<\/strong><\/td><td>140\u00ba<\/td><\/tr><tr><td><strong>Al\u00e7ada<\/strong><\/td><td>143<\/td><\/tr><tr><td><strong>Ample<\/strong><\/td><td>74<\/td><\/tr><tr><td><strong>Gruix<\/strong><\/td><td>80<\/td><\/tr><\/tbody><\/table><\/figure>\n\n\n\n<figure style=\"line-height:1\" class=\"wp-block-table\"><table class=\"has-fixed-layout\"><thead><tr><th>LLINDA<\/th><th><\/th><\/tr><\/thead><tbody><tr><td><strong>Tipus<\/strong><\/td><td>Doble<\/td><\/tr><tr><td><strong>Mides (Ample\/Al\u00e7ada\/Fond\u00e0ria)<\/strong><\/td><td>Inf 102x27x44 \/ Sup 60&#215;16 a 25 cm<\/td><\/tr><\/tbody><\/table><\/figure>\n\n\n\n<figure style=\"line-height:1\" class=\"wp-block-table\"><table class=\"has-fixed-layout\"><thead><tr><th>INTERIOR<\/th><th><\/th><\/tr><\/thead><tbody><tr><td><strong>Mides<\/strong> <strong>(Ample\/Fond\u00e0ria)<\/strong><\/td><td>280&#215;290<\/td><\/tr><tr><td><strong>Bloc superior<\/strong><\/td><td>50&#215;70<\/td><\/tr><tr><td><strong>Al\u00e7ada central<\/strong><\/td><td>255<\/td><\/tr><tr><td><strong>Cocons<\/strong><\/td><td><\/td><\/tr><tr><td><strong>Forn\u00edcules<\/strong><\/td><td><\/td><\/tr><tr><td><strong>Espitlleres<\/strong><\/td><td><\/td><\/tr><tr><td><strong>Restes foc<\/strong><\/td><td>Si<\/td><\/tr><tr><td><strong>Contingut<\/strong><\/td><td>Buida<\/td><\/tr><\/tbody><\/table><\/figure>\n<\/div>\n\n\n\n<div class=\"wp-block-column is-layout-flow wp-block-column-is-layout-flow\">\n<figure class=\"wp-block-image aligncenter size-full\"><img fetchpriority=\"high\" decoding=\"async\" width=\"1816\" height=\"1284\" src=\"http:\/\/blocs.xarxanet.org\/barraques-subirats\/files\/2025\/06\/c01-1.jpg\" alt=\"\" class=\"wp-image-673\" srcset=\"https:\/\/blocs.xarxanet.org\/barraques-subirats\/files\/2025\/06\/c01-1.jpg 1816w, https:\/\/blocs.xarxanet.org\/barraques-subirats\/files\/2025\/06\/c01-1-300x212.jpg 300w, https:\/\/blocs.xarxanet.org\/barraques-subirats\/files\/2025\/06\/c01-1-1024x724.jpg 1024w, https:\/\/blocs.xarxanet.org\/barraques-subirats\/files\/2025\/06\/c01-1-768x543.jpg 768w, https:\/\/blocs.xarxanet.org\/barraques-subirats\/files\/2025\/06\/c01-1-1536x1086.jpg 1536w\" sizes=\"(max-width: 1816px) 100vw, 1816px\" \/><figcaption class=\"wp-element-caption\">C01<\/figcaption><\/figure>\n\n\n\n<figure style=\"line-height:1\" class=\"wp-block-table\"><table class=\"has-fixed-layout\"><tbody><tr><td><strong>ESTAT<\/strong><\/td><td>Bo<\/td><\/tr><tr><td><strong>DANYS<\/strong><\/td><td>Regalima fang a l&#8217;interior<\/td><\/tr><tr><td><strong>GRAVATS<\/strong><\/td><td><\/td><\/tr><tr><td><strong>OBSERVACIONS<\/strong><\/td><td>Blocs grans al&nbsp;portal<\/td><\/tr><tr><td><strong>CODI WIKIPEDRA<\/strong><\/td><td>3961<\/td><\/tr><\/tbody><\/table><\/figure>\n<\/div>\n<\/div>\n","protected":false},"excerpt":{"rendered":"<p>C01 SECTOR I N\u00ba&nbsp;&nbsp;&nbsp; &nbsp;&nbsp;&nbsp; &nbsp;&nbsp;&nbsp; &nbsp;&nbsp;&nbsp; &nbsp;&nbsp;&nbsp; C 01 NOM POPULAR Barraca del Quico LOCALITZACI\u00d3 Pou dels Casots COORDENADES UTM ETRS89 31 T X 400121 Y 4585156 COTA 271 Mapa 1:5.000 419-8-5 Can Rossell EXTERIOR Forma Rodona Mides (Ample\/Fond\u00e0ria) 410&#215;400 Al\u00e7ada total 340 Posici\u00f3 A\u00efllada Cornisa 225 Afegits Sostre Lliris PORTAL Orientaci\u00f3 140\u00ba Al\u00e7ada [&hellip;]<\/p>\n","protected":false},"author":500,"featured_media":673,"parent":0,"menu_order":0,"comment_status":"closed","ping_status":"closed","template":"wp-custom-template-p-c1","meta":{"footnotes":""},"class_list":["post-671","page","type-page","status-publish","has-post-thumbnail","hentry"],"_links":{"self":[{"href":"https:\/\/blocs.xarxanet.org\/barraques-subirats\/wp-json\/wp\/v2\/pages\/671","targetHints":{"allow":["GET"]}}],"collection":[{"href":"https:\/\/blocs.xarxanet.org\/barraques-subirats\/wp-json\/wp\/v2\/pages"}],"about":[{"href":"https:\/\/blocs.xarxanet.org\/barraques-subirats\/wp-json\/wp\/v2\/types\/page"}],"author":[{"embeddable":true,"href":"https:\/\/blocs.xarxanet.org\/barraques-subirats\/wp-json\/wp\/v2\/users\/500"}],"replies":[{"embeddable":true,"href":"https:\/\/blocs.xarxanet.org\/barraques-subirats\/wp-json\/wp\/v2\/comments?post=671"}],"version-history":[{"count":8,"href":"https:\/\/blocs.xarxanet.org\/barraques-subirats\/wp-json\/wp\/v2\/pages\/671\/revisions"}],"predecessor-version":[{"id":3643,"href":"https:\/\/blocs.xarxanet.org\/barraques-subirats\/wp-json\/wp\/v2\/pages\/671\/revisions\/3643"}],"wp:featuredmedia":[{"embeddable":true,"href":"https:\/\/blocs.xarxanet.org\/barraques-subirats\/wp-json\/wp\/v2\/media\/673"}],"wp:attachment":[{"href":"https:\/\/blocs.xarxanet.org\/barraques-subirats\/wp-json\/wp\/v2\/media?parent=671"}],"curies":[{"name":"wp","href":"https:\/\/api.w.org\/{rel}","templated":true}]}}