{"id":626,"date":"2025-06-05T11:04:06","date_gmt":"2025-06-05T09:04:06","guid":{"rendered":"https:\/\/blocs.xarxanet.org\/barraques-subirats\/?page_id=626"},"modified":"2025-09-25T16:27:45","modified_gmt":"2025-09-25T14:27:45","slug":"b-b08","status":"publish","type":"page","link":"https:\/\/blocs.xarxanet.org\/barraques-subirats\/b-b08\/","title":{"rendered":"B-B08"},"content":{"rendered":"\n<div class=\"wp-block-columns is-layout-flex wp-container-core-columns-is-layout-28f84493 wp-block-columns-is-layout-flex\">\n<div class=\"wp-block-column is-layout-flow wp-block-column-is-layout-flow\">\n<figure style=\"line-height:1\" class=\"wp-block-table\"><table class=\"has-fixed-layout\"><thead><tr><th>B08<\/th><th><\/th><\/tr><\/thead><tbody><tr><td><strong>SECTOR I N\u00ba&nbsp;&nbsp;&nbsp; &nbsp;&nbsp;&nbsp; &nbsp;&nbsp;&nbsp; &nbsp;&nbsp;&nbsp; &nbsp;&nbsp;&nbsp;<\/strong><\/td><td>B 08<\/td><\/tr><tr><td><strong>NOM POPULAR<\/strong><\/td><td><\/td><\/tr><tr><td><strong>LOCALITZACI\u00d3<\/strong><\/td><td>Al sud de la pista de Can Justino a Savall<\/td><\/tr><\/tbody><\/table><\/figure>\n\n\n\n<figure style=\"line-height:1\" class=\"wp-block-table\"><table class=\"has-fixed-layout\"><thead><tr><th>COORDENADES UTM ETRS89 31 T<\/th><th><\/th><\/tr><\/thead><tbody><tr><td><strong>X <\/strong><\/td><td>399071<\/td><\/tr><tr><td><strong>Y<\/strong><\/td><td>4583197<\/td><\/tr><tr><td><strong>COTA<\/strong><\/td><td>268<\/td><\/tr><tr><td><strong>Mapa 1:5.000<\/strong><\/td><td>419-8-6 Sant Pau<\/td><\/tr><\/tbody><\/table><\/figure>\n\n\n\n<figure style=\"line-height:1\" class=\"wp-block-table\"><table class=\"has-fixed-layout\"><thead><tr><th>EXTERIOR<\/th><th><\/th><\/tr><\/thead><tbody><tr><td><strong>Forma<\/strong><\/td><td>Rodona<\/td><\/tr><tr><td><strong>Mides (Ample\/Fond\u00e0ria)<\/strong><\/td><td>140&#215;170<\/td><\/tr><tr><td><strong>Al\u00e7ada total<\/strong><\/td><td>187<\/td><\/tr><tr><td><strong>Posici\u00f3<\/strong><\/td><td>A\u00efllada<\/td><\/tr><tr><td><strong>Cornisa<\/strong><\/td><td>170<\/td><\/tr><tr><td><strong>Afegits<\/strong><\/td><td><\/td><\/tr><tr><td><strong>Sostre<\/strong><\/td><td>Heura<\/td><\/tr><\/tbody><\/table><\/figure>\n<\/div>\n\n\n\n<div class=\"wp-block-column is-layout-flow wp-block-column-is-layout-flow\">\n<figure style=\"line-height:1\" class=\"wp-block-table\"><table class=\"has-fixed-layout\"><thead><tr><th>PORTAL<\/th><th><\/th><\/tr><\/thead><tbody><tr><td><strong>Orientaci\u00f3<\/strong><\/td><td>90\u00ba<\/td><\/tr><tr><td><strong>Al\u00e7ada<\/strong><\/td><td>97<\/td><\/tr><tr><td><strong>Ample<\/strong><\/td><td>50<\/td><\/tr><tr><td><strong>Gruix<\/strong><\/td><td>45<\/td><\/tr><\/tbody><\/table><\/figure>\n\n\n\n<figure style=\"line-height:1\" class=\"wp-block-table\"><table class=\"has-fixed-layout\"><thead><tr><th>LLINDA<\/th><th><\/th><\/tr><\/thead><tbody><tr><td><strong>Tipus<\/strong><\/td><td>Simple<\/td><\/tr><tr><td><strong>Mides (Ample\/Al\u00e7ada\/Fond\u00e0ria)<\/strong><\/td><td>80x24x32<\/td><\/tr><\/tbody><\/table><\/figure>\n\n\n\n<figure style=\"line-height:1\" class=\"wp-block-table\"><table class=\"has-fixed-layout\"><thead><tr><th>INTERIOR<\/th><th><\/th><\/tr><\/thead><tbody><tr><td><strong>Mides<\/strong> <strong>(Ample\/Fond\u00e0ria)<\/strong><\/td><td><\/td><\/tr><tr><td><strong>Bloc superior<\/strong><\/td><td>30&#215;35<\/td><\/tr><tr><td><strong>Al\u00e7ada central<\/strong><\/td><td>150<\/td><\/tr><tr><td><strong>Cocons<\/strong><\/td><td><\/td><\/tr><tr><td><strong>Forn\u00edcules<\/strong><\/td><td><\/td><\/tr><tr><td><strong>Espitlleres<\/strong><\/td><td><\/td><\/tr><tr><td><strong>Restes foc<\/strong><\/td><td>Si<\/td><\/tr><tr><td><strong>Contingut<\/strong><\/td><td>Buida<\/td><\/tr><\/tbody><\/table><\/figure>\n<\/div>\n\n\n\n<div class=\"wp-block-column is-layout-flow wp-block-column-is-layout-flow\">\n<figure class=\"wp-block-image aligncenter size-full\"><img fetchpriority=\"high\" decoding=\"async\" width=\"885\" height=\"702\" src=\"http:\/\/blocs.xarxanet.org\/barraques-subirats\/files\/2025\/06\/b08-1.jpg\" alt=\"\" class=\"wp-image-583\" srcset=\"https:\/\/blocs.xarxanet.org\/barraques-subirats\/files\/2025\/06\/b08-1.jpg 885w, https:\/\/blocs.xarxanet.org\/barraques-subirats\/files\/2025\/06\/b08-1-300x238.jpg 300w, https:\/\/blocs.xarxanet.org\/barraques-subirats\/files\/2025\/06\/b08-1-768x609.jpg 768w\" sizes=\"(max-width: 885px) 100vw, 885px\" \/><figcaption class=\"wp-element-caption\">B08<\/figcaption><\/figure>\n\n\n\n<figure style=\"line-height:1\" class=\"wp-block-table\"><table class=\"has-fixed-layout\"><tbody><tr><td><strong>ESTAT<\/strong><\/td><td>Bo<\/td><\/tr><tr><td><strong>DANYS<\/strong><\/td><td><\/td><\/tr><tr><td><strong>GRAVATS<\/strong><\/td><td><\/td><\/tr><tr><td><strong>OBSERVACIONS<\/strong><\/td><td>Es un&nbsp;aixaplug<\/td><\/tr><tr><td><strong>CODI WIKIPEDRA<\/strong><\/td><td>3945<\/td><\/tr><\/tbody><\/table><\/figure>\n<\/div>\n<\/div>\n","protected":false},"excerpt":{"rendered":"<p>B08 SECTOR I N\u00ba&nbsp;&nbsp;&nbsp; &nbsp;&nbsp;&nbsp; &nbsp;&nbsp;&nbsp; &nbsp;&nbsp;&nbsp; &nbsp;&nbsp;&nbsp; B 08 NOM POPULAR LOCALITZACI\u00d3 Al sud de la pista de Can Justino a Savall COORDENADES UTM ETRS89 31 T X 399071 Y 4583197 COTA 268 Mapa 1:5.000 419-8-6 Sant Pau EXTERIOR Forma Rodona Mides (Ample\/Fond\u00e0ria) 140&#215;170 Al\u00e7ada total 187 Posici\u00f3 A\u00efllada Cornisa 170 Afegits Sostre Heura [&hellip;]<\/p>\n","protected":false},"author":500,"featured_media":583,"parent":0,"menu_order":0,"comment_status":"closed","ping_status":"closed","template":"wp-custom-template-p-b1","meta":{"footnotes":""},"class_list":["post-626","page","type-page","status-publish","has-post-thumbnail","hentry"],"_links":{"self":[{"href":"https:\/\/blocs.xarxanet.org\/barraques-subirats\/wp-json\/wp\/v2\/pages\/626","targetHints":{"allow":["GET"]}}],"collection":[{"href":"https:\/\/blocs.xarxanet.org\/barraques-subirats\/wp-json\/wp\/v2\/pages"}],"about":[{"href":"https:\/\/blocs.xarxanet.org\/barraques-subirats\/wp-json\/wp\/v2\/types\/page"}],"author":[{"embeddable":true,"href":"https:\/\/blocs.xarxanet.org\/barraques-subirats\/wp-json\/wp\/v2\/users\/500"}],"replies":[{"embeddable":true,"href":"https:\/\/blocs.xarxanet.org\/barraques-subirats\/wp-json\/wp\/v2\/comments?post=626"}],"version-history":[{"count":6,"href":"https:\/\/blocs.xarxanet.org\/barraques-subirats\/wp-json\/wp\/v2\/pages\/626\/revisions"}],"predecessor-version":[{"id":3671,"href":"https:\/\/blocs.xarxanet.org\/barraques-subirats\/wp-json\/wp\/v2\/pages\/626\/revisions\/3671"}],"wp:featuredmedia":[{"embeddable":true,"href":"https:\/\/blocs.xarxanet.org\/barraques-subirats\/wp-json\/wp\/v2\/media\/583"}],"wp:attachment":[{"href":"https:\/\/blocs.xarxanet.org\/barraques-subirats\/wp-json\/wp\/v2\/media?parent=626"}],"curies":[{"name":"wp","href":"https:\/\/api.w.org\/{rel}","templated":true}]}}