{"id":2908,"date":"2025-07-15T23:25:58","date_gmt":"2025-07-15T21:25:58","guid":{"rendered":"https:\/\/blocs.xarxanet.org\/barraques-subirats\/?page_id=2908"},"modified":"2025-09-25T09:25:25","modified_gmt":"2025-09-25T07:25:25","slug":"fc-h02","status":"publish","type":"page","link":"https:\/\/blocs.xarxanet.org\/barraques-subirats\/fc-h02\/","title":{"rendered":"FC-H02"},"content":{"rendered":"\n<div class=\"wp-block-columns is-layout-flex wp-container-core-columns-is-layout-28f84493 wp-block-columns-is-layout-flex\">\n<div class=\"wp-block-column is-layout-flow wp-block-column-is-layout-flow\">\n<figure style=\"line-height:1\" class=\"wp-block-table\"><table class=\"has-fixed-layout\"><thead><tr><th>H02<\/th><th><\/th><\/tr><\/thead><tbody><tr><td><strong>SECTOR I N\u00ba&nbsp;&nbsp;&nbsp; &nbsp;&nbsp;&nbsp; &nbsp;&nbsp;&nbsp; &nbsp;&nbsp;&nbsp; &nbsp;&nbsp;&nbsp;<\/strong><\/td><td>H 02<\/td><\/tr><tr><td><strong>NOM POPULAR<\/strong><\/td><td><\/td><\/tr><tr><td><strong>LOCALITZACI\u00d3<\/strong><\/td><td>Ca  l\u2019Avi<\/td><\/tr><\/tbody><\/table><\/figure>\n\n\n\n<figure style=\"line-height:1\" class=\"wp-block-table\"><table class=\"has-fixed-layout\"><thead><tr><th>COORDENADES UTM ETRS89 31 T<\/th><th><\/th><\/tr><\/thead><tbody><tr><td><strong>X <\/strong><\/td><td>395274<\/td><\/tr><tr><td><strong>Y<\/strong><\/td><td>4584153<\/td><\/tr><tr><td><strong>COTA<\/strong><\/td><td>169<\/td><\/tr><tr><td><strong>Mapa 1:5.000<\/strong><\/td><td>419-7-5 Ca l&#8217;Avi<\/td><\/tr><\/tbody><\/table><\/figure>\n\n\n\n<figure class=\"wp-block-table\"><table class=\"has-fixed-layout\"><tbody><tr><td><strong>NOMBRE DE CAVITATS<\/strong><\/td><td>1<\/td><\/tr><\/tbody><\/table><\/figure>\n\n\n\n<figure style=\"line-height:1\" class=\"wp-block-table\"><table class=\"has-fixed-layout\"><thead><tr><th>INTERIOR<\/th><th><\/th><\/tr><\/thead><tbody><tr><td><strong>Forma<\/strong><\/td><td> Indeterminada<\/td><\/tr><tr><td><strong>Di\u00e0metre<\/strong><\/td><td><\/td><\/tr><tr><td><strong>Al\u00e7ada visible<\/strong><\/td><td><\/td><\/tr><\/tbody><\/table><\/figure>\n<\/div>\n\n\n\n<div class=\"wp-block-column is-layout-flow wp-block-column-is-layout-flow\">\n<figure style=\"line-height:1\" class=\"wp-block-table\"><table class=\"has-fixed-layout\"><thead><tr><th>PORTAL<\/th><th><\/th><\/tr><\/thead><tbody><tr><td><strong>Orientaci\u00f3<\/strong><\/td><td><\/td><\/tr><tr><td><strong>Al\u00e7ada<\/strong><\/td><td><\/td><\/tr><tr><td><strong>Ample<\/strong><\/td><td><\/td><\/tr><tr><td><strong>Gruix<\/strong><\/td><td><\/td><\/tr><\/tbody><\/table><\/figure>\n\n\n\n<figure style=\"line-height:1\" class=\"wp-block-table\"><table class=\"has-fixed-layout\"><thead><tr><th>FORMA DEL PORTAL<\/th><th><\/th><\/tr><\/thead><tbody><tr><td><strong>Tipus<\/strong><\/td><td><\/td><\/tr><\/tbody><\/table><\/figure>\n\n\n\n<figure style=\"line-height:1\" class=\"wp-block-table\"><table class=\"has-fixed-layout\"><thead><tr><th>INTERIOR<\/th><th><\/th><\/tr><\/thead><tbody><tr><td><strong>Contingut<\/strong><\/td><td><\/td><\/tr><\/tbody><\/table><\/figure>\n\n\n\n<figure style=\"line-height:1\" class=\"wp-block-table\"><table class=\"has-fixed-layout\"><tbody><tr><td><strong>ESTAT<\/strong><\/td><td>Mal estat<\/td><\/tr><tr><td><strong>DANYS<\/strong><\/td><td>Enderroc total<\/td><\/tr><tr><td><strong>GRAVATS<\/strong><\/td><td><\/td><\/tr><tr><td><strong>OBSERVACIONS<\/strong><\/td><td>Resta nom\u00e9s una petita zona blanquinosa<\/td><\/tr><tr><td><strong>CODI WIKIPEDRA<\/strong><\/td><td>209<\/td><\/tr><\/tbody><\/table><\/figure>\n<\/div>\n\n\n\n<div class=\"wp-block-column is-layout-flow wp-block-column-is-layout-flow\">\n<figure class=\"wp-block-image aligncenter size-full is-resized\"><img fetchpriority=\"high\" decoding=\"async\" width=\"400\" height=\"225\" src=\"http:\/\/blocs.xarxanet.org\/barraques-subirats\/files\/2025\/07\/FC_H02-1.jpg\" alt=\"\" class=\"wp-image-2871\" style=\"width:532px;height:auto\" srcset=\"https:\/\/blocs.xarxanet.org\/barraques-subirats\/files\/2025\/07\/FC_H02-1.jpg 400w, https:\/\/blocs.xarxanet.org\/barraques-subirats\/files\/2025\/07\/FC_H02-1-300x169.jpg 300w\" sizes=\"(max-width: 400px) 100vw, 400px\" \/><figcaption class=\"wp-element-caption\">H02<\/figcaption><\/figure>\n<\/div>\n<\/div>\n","protected":false},"excerpt":{"rendered":"<p>H02 SECTOR I N\u00ba&nbsp;&nbsp;&nbsp; &nbsp;&nbsp;&nbsp; &nbsp;&nbsp;&nbsp; &nbsp;&nbsp;&nbsp; &nbsp;&nbsp;&nbsp; H 02 NOM POPULAR LOCALITZACI\u00d3 Ca l\u2019Avi COORDENADES UTM ETRS89 31 T X 395274 Y 4584153 COTA 169 Mapa 1:5.000 419-7-5 Ca l&#8217;Avi NOMBRE DE CAVITATS 1 INTERIOR Forma Indeterminada Di\u00e0metre Al\u00e7ada visible PORTAL Orientaci\u00f3 Al\u00e7ada Ample Gruix FORMA DEL PORTAL Tipus INTERIOR Contingut ESTAT Mal estat [&hellip;]<\/p>\n","protected":false},"author":500,"featured_media":2871,"parent":0,"menu_order":0,"comment_status":"closed","ping_status":"closed","template":"wp-custom-template-fc-h","meta":{"footnotes":""},"class_list":["post-2908","page","type-page","status-publish","has-post-thumbnail","hentry"],"_links":{"self":[{"href":"https:\/\/blocs.xarxanet.org\/barraques-subirats\/wp-json\/wp\/v2\/pages\/2908","targetHints":{"allow":["GET"]}}],"collection":[{"href":"https:\/\/blocs.xarxanet.org\/barraques-subirats\/wp-json\/wp\/v2\/pages"}],"about":[{"href":"https:\/\/blocs.xarxanet.org\/barraques-subirats\/wp-json\/wp\/v2\/types\/page"}],"author":[{"embeddable":true,"href":"https:\/\/blocs.xarxanet.org\/barraques-subirats\/wp-json\/wp\/v2\/users\/500"}],"replies":[{"embeddable":true,"href":"https:\/\/blocs.xarxanet.org\/barraques-subirats\/wp-json\/wp\/v2\/comments?post=2908"}],"version-history":[{"count":6,"href":"https:\/\/blocs.xarxanet.org\/barraques-subirats\/wp-json\/wp\/v2\/pages\/2908\/revisions"}],"predecessor-version":[{"id":3461,"href":"https:\/\/blocs.xarxanet.org\/barraques-subirats\/wp-json\/wp\/v2\/pages\/2908\/revisions\/3461"}],"wp:featuredmedia":[{"embeddable":true,"href":"https:\/\/blocs.xarxanet.org\/barraques-subirats\/wp-json\/wp\/v2\/media\/2871"}],"wp:attachment":[{"href":"https:\/\/blocs.xarxanet.org\/barraques-subirats\/wp-json\/wp\/v2\/media?parent=2908"}],"curies":[{"name":"wp","href":"https:\/\/api.w.org\/{rel}","templated":true}]}}