{"id":2904,"date":"2025-07-15T23:17:21","date_gmt":"2025-07-15T21:17:21","guid":{"rendered":"https:\/\/blocs.xarxanet.org\/barraques-subirats\/?page_id=2904"},"modified":"2025-09-25T09:26:56","modified_gmt":"2025-09-25T07:26:56","slug":"fc-g05","status":"publish","type":"page","link":"https:\/\/blocs.xarxanet.org\/barraques-subirats\/fc-g05\/","title":{"rendered":"FC-G05"},"content":{"rendered":"\n<div class=\"wp-block-columns is-layout-flex wp-container-core-columns-is-layout-28f84493 wp-block-columns-is-layout-flex\">\n<div class=\"wp-block-column is-layout-flow wp-block-column-is-layout-flow\">\n<figure style=\"line-height:1\" class=\"wp-block-table\"><table class=\"has-fixed-layout\"><thead><tr><th>G05<\/th><th><\/th><\/tr><\/thead><tbody><tr><td><strong>SECTOR I N\u00ba&nbsp;&nbsp;&nbsp; &nbsp;&nbsp;&nbsp; &nbsp;&nbsp;&nbsp; &nbsp;&nbsp;&nbsp; &nbsp;&nbsp;&nbsp;<\/strong><\/td><td>G 05<\/td><\/tr><tr><td><strong>NOM POPULAR<\/strong><\/td><td><\/td><\/tr><tr><td><strong>LOCALITZACI\u00d3<\/strong><\/td><td>A la vorera del antic tra\u00e7at de la N-340<\/td><\/tr><\/tbody><\/table><\/figure>\n\n\n\n<figure style=\"line-height:1\" class=\"wp-block-table\"><table class=\"has-fixed-layout\"><thead><tr><th>COORDENADES UTM ETRS89 31 T<\/th><th><\/th><\/tr><\/thead><tbody><tr><td><strong>X <\/strong><\/td><td>405958<\/td><\/tr><tr><td><strong>Y<\/strong><\/td><td>4582593<\/td><\/tr><tr><td><strong>COTA<\/strong><\/td><td>497<\/td><\/tr><tr><td><strong>Mapa 1:5.000<\/strong><\/td><td>420-2-6 Coll de la Creu d&#8217;Ordal<\/td><\/tr><\/tbody><\/table><\/figure>\n\n\n\n<figure class=\"wp-block-table\"><table class=\"has-fixed-layout\"><tbody><tr><td><strong>NOMBRE DE CAVITATS<\/strong><\/td><td>1<\/td><\/tr><\/tbody><\/table><\/figure>\n\n\n\n<figure style=\"line-height:1\" class=\"wp-block-table\"><table class=\"has-fixed-layout\"><thead><tr><th>INTERIOR<\/th><th><\/th><\/tr><\/thead><tbody><tr><td><strong>Forma<\/strong><\/td><td>Circular<\/td><\/tr><tr><td><strong>Di\u00e0metre<\/strong><\/td><td><\/td><\/tr><tr><td><strong>Al\u00e7ada visible<\/strong><\/td><td><\/td><\/tr><\/tbody><\/table><\/figure>\n<\/div>\n\n\n\n<div class=\"wp-block-column is-layout-flow wp-block-column-is-layout-flow\">\n<figure style=\"line-height:1\" class=\"wp-block-table\"><table class=\"has-fixed-layout\"><thead><tr><th>PORTAL<\/th><th><\/th><\/tr><\/thead><tbody><tr><td><strong>Orientaci\u00f3<\/strong><\/td><td>Nord<\/td><\/tr><tr><td><strong>Al\u00e7ada<\/strong><\/td><td><\/td><\/tr><tr><td><strong>Ample<\/strong><\/td><td><\/td><\/tr><tr><td><strong>Gruix<\/strong><\/td><td><\/td><\/tr><\/tbody><\/table><\/figure>\n\n\n\n<figure style=\"line-height:1\" class=\"wp-block-table\"><table class=\"has-fixed-layout\"><thead><tr><th>FORMA DEL PORTAL<\/th><th><\/th><\/tr><\/thead><tbody><tr><td><strong>Tipus<\/strong><\/td><td><\/td><\/tr><\/tbody><\/table><\/figure>\n\n\n\n<figure style=\"line-height:1\" class=\"wp-block-table\"><table class=\"has-fixed-layout\"><thead><tr><th>INTERIOR<\/th><th><\/th><\/tr><\/thead><tbody><tr><td><strong>Contingut<\/strong><\/td><td><\/td><\/tr><\/tbody><\/table><\/figure>\n\n\n\n<figure style=\"line-height:1\" class=\"wp-block-table\"><table class=\"has-fixed-layout\"><tbody><tr><td><strong>ESTAT<\/strong><\/td><td>Regular<\/td><\/tr><tr><td><strong>DANYS<\/strong><\/td><td>Enderroc parcial a la zona del portal<\/td><\/tr><tr><td><strong>GRAVATS<\/strong><\/td><td><\/td><\/tr><tr><td><strong>OBSERVACIONS<\/strong><\/td><td><\/td><\/tr><tr><td><strong>CODI WIKIPEDRA<\/strong><\/td><td>337<\/td><\/tr><\/tbody><\/table><\/figure>\n<\/div>\n\n\n\n<div class=\"wp-block-column is-layout-flow wp-block-column-is-layout-flow\">\n<figure class=\"wp-block-image aligncenter size-full is-resized\"><img fetchpriority=\"high\" decoding=\"async\" width=\"387\" height=\"259\" src=\"http:\/\/blocs.xarxanet.org\/barraques-subirats\/files\/2025\/07\/FC_G05-1.jpg\" alt=\"\" class=\"wp-image-2869\" style=\"width:532px;height:auto\" srcset=\"https:\/\/blocs.xarxanet.org\/barraques-subirats\/files\/2025\/07\/FC_G05-1.jpg 387w, https:\/\/blocs.xarxanet.org\/barraques-subirats\/files\/2025\/07\/FC_G05-1-300x201.jpg 300w\" sizes=\"(max-width: 387px) 100vw, 387px\" \/><figcaption class=\"wp-element-caption\">G05<\/figcaption><\/figure>\n<\/div>\n<\/div>\n","protected":false},"excerpt":{"rendered":"<p>G05 SECTOR I N\u00ba&nbsp;&nbsp;&nbsp; &nbsp;&nbsp;&nbsp; &nbsp;&nbsp;&nbsp; &nbsp;&nbsp;&nbsp; &nbsp;&nbsp;&nbsp; G 05 NOM POPULAR LOCALITZACI\u00d3 A la vorera del antic tra\u00e7at de la N-340 COORDENADES UTM ETRS89 31 T X 405958 Y 4582593 COTA 497 Mapa 1:5.000 420-2-6 Coll de la Creu d&#8217;Ordal NOMBRE DE CAVITATS 1 INTERIOR Forma Circular Di\u00e0metre Al\u00e7ada visible PORTAL Orientaci\u00f3 Nord Al\u00e7ada [&hellip;]<\/p>\n","protected":false},"author":500,"featured_media":2869,"parent":0,"menu_order":0,"comment_status":"closed","ping_status":"closed","template":"wp-custom-template-fc-g","meta":{"footnotes":""},"class_list":["post-2904","page","type-page","status-publish","has-post-thumbnail","hentry"],"_links":{"self":[{"href":"https:\/\/blocs.xarxanet.org\/barraques-subirats\/wp-json\/wp\/v2\/pages\/2904","targetHints":{"allow":["GET"]}}],"collection":[{"href":"https:\/\/blocs.xarxanet.org\/barraques-subirats\/wp-json\/wp\/v2\/pages"}],"about":[{"href":"https:\/\/blocs.xarxanet.org\/barraques-subirats\/wp-json\/wp\/v2\/types\/page"}],"author":[{"embeddable":true,"href":"https:\/\/blocs.xarxanet.org\/barraques-subirats\/wp-json\/wp\/v2\/users\/500"}],"replies":[{"embeddable":true,"href":"https:\/\/blocs.xarxanet.org\/barraques-subirats\/wp-json\/wp\/v2\/comments?post=2904"}],"version-history":[{"count":4,"href":"https:\/\/blocs.xarxanet.org\/barraques-subirats\/wp-json\/wp\/v2\/pages\/2904\/revisions"}],"predecessor-version":[{"id":3463,"href":"https:\/\/blocs.xarxanet.org\/barraques-subirats\/wp-json\/wp\/v2\/pages\/2904\/revisions\/3463"}],"wp:featuredmedia":[{"embeddable":true,"href":"https:\/\/blocs.xarxanet.org\/barraques-subirats\/wp-json\/wp\/v2\/media\/2869"}],"wp:attachment":[{"href":"https:\/\/blocs.xarxanet.org\/barraques-subirats\/wp-json\/wp\/v2\/media?parent=2904"}],"curies":[{"name":"wp","href":"https:\/\/api.w.org\/{rel}","templated":true}]}}