{"id":2874,"date":"2025-07-15T18:52:55","date_gmt":"2025-07-15T16:52:55","guid":{"rendered":"https:\/\/blocs.xarxanet.org\/barraques-subirats\/?page_id=2874"},"modified":"2025-09-25T09:42:26","modified_gmt":"2025-09-25T07:42:26","slug":"fc-e02","status":"publish","type":"page","link":"https:\/\/blocs.xarxanet.org\/barraques-subirats\/fc-e02\/","title":{"rendered":"FC-E02"},"content":{"rendered":"\n<div class=\"wp-block-columns is-layout-flex wp-container-core-columns-is-layout-28f84493 wp-block-columns-is-layout-flex\">\n<div class=\"wp-block-column is-layout-flow wp-block-column-is-layout-flow\">\n<figure style=\"line-height:1\" class=\"wp-block-table\"><table class=\"has-fixed-layout\"><thead><tr><th>E02<\/th><th><\/th><\/tr><\/thead><tbody><tr><td><strong>SECTOR I N\u00ba&nbsp;&nbsp;&nbsp; &nbsp;&nbsp;&nbsp; &nbsp;&nbsp;&nbsp; &nbsp;&nbsp;&nbsp; &nbsp;&nbsp;&nbsp;<\/strong><\/td><td>E 02<\/td><\/tr><tr><td><strong>NOM POPULAR<\/strong><\/td><td><\/td><\/tr><tr><td><strong>LOCALITZACI\u00d3<\/strong><\/td><td>Al nord de la Serra del Pi del Moi\u00f3<\/td><\/tr><\/tbody><\/table><\/figure>\n\n\n\n<figure style=\"line-height:1\" class=\"wp-block-table\"><table class=\"has-fixed-layout\"><thead><tr><th>COORDENADES UTM ETRS89 31 T<\/th><th><\/th><\/tr><\/thead><tbody><tr><td><strong>X <\/strong><\/td><td>402653<\/td><\/tr><tr><td><strong>Y<\/strong><\/td><td>4584681<\/td><\/tr><tr><td><strong>COTA<\/strong><\/td><td>473<\/td><\/tr><tr><td><strong>Mapa 1:5.000<\/strong><\/td><td>420-1-5 Ordal<\/td><\/tr><\/tbody><\/table><\/figure>\n\n\n\n<figure class=\"wp-block-table\"><table class=\"has-fixed-layout\"><tbody><tr><td><strong>NOMBRE DE CAVITATS<\/strong><\/td><td>1<\/td><\/tr><\/tbody><\/table><\/figure>\n\n\n\n<figure style=\"line-height:1\" class=\"wp-block-table\"><table class=\"has-fixed-layout\"><thead><tr><th>INTERIOR<\/th><th><\/th><\/tr><\/thead><tbody><tr><td><strong>Forma<\/strong><\/td><td>Circular<\/td><\/tr><tr><td><strong>Mides (Ample\/Fond\u00e0ria)<\/strong><\/td><td>370&#215;390<\/td><\/tr><tr><td><strong>Al\u00e7ada visible<\/strong><\/td><td>220<\/td><\/tr><\/tbody><\/table><\/figure>\n<\/div>\n\n\n\n<div class=\"wp-block-column is-layout-flow wp-block-column-is-layout-flow\">\n<figure style=\"line-height:1\" class=\"wp-block-table\"><table class=\"has-fixed-layout\"><thead><tr><th>PORTAL<\/th><th><\/th><\/tr><\/thead><tbody><tr><td><strong>Orientaci\u00f3<\/strong><\/td><td>Devia estar orientat al nord<\/td><\/tr><tr><td><strong>Al\u00e7ada<\/strong><\/td><td><\/td><\/tr><tr><td><strong>Ample<\/strong><\/td><td><\/td><\/tr><tr><td><strong>Gruix<\/strong><\/td><td><\/td><\/tr><\/tbody><\/table><\/figure>\n\n\n\n<figure style=\"line-height:1\" class=\"wp-block-table\"><table class=\"has-fixed-layout\"><thead><tr><th>FORMA DEL PORTAL<\/th><th><\/th><\/tr><\/thead><tbody><tr><td><strong>Tipus<\/strong><\/td><td><\/td><\/tr><\/tbody><\/table><\/figure>\n\n\n\n<figure style=\"line-height:1\" class=\"wp-block-table\"><table class=\"has-fixed-layout\"><thead><tr><th>INTERIOR<\/th><th><\/th><\/tr><\/thead><tbody><tr><td><strong>Contingut<\/strong><\/td><td><\/td><\/tr><\/tbody><\/table><\/figure>\n\n\n\n<figure style=\"line-height:1\" class=\"wp-block-table\"><table class=\"has-fixed-layout\"><tbody><tr><td><strong>ESTAT<\/strong><\/td><td>Mal estat<\/td><\/tr><tr><td><strong>DANYS<\/strong><\/td><td>Enderroc important<\/td><\/tr><tr><td><strong>GRAVATS<\/strong><\/td><td><\/td><\/tr><tr><td><strong>OBSERVACIONS<\/strong><\/td><td>Localitzat per en Joan Esteve. Netejat de vegetaci\u00f3 el Febrer del 2021 pel Centre d&#8217;Estudis de Subirats<\/td><\/tr><tr><td><strong>CODI WIKIPEDRA<\/strong><\/td><td>578<\/td><\/tr><\/tbody><\/table><\/figure>\n<\/div>\n\n\n\n<div class=\"wp-block-column is-layout-flow wp-block-column-is-layout-flow\">\n<figure class=\"wp-block-image aligncenter size-full is-resized\"><img fetchpriority=\"high\" decoding=\"async\" width=\"387\" height=\"259\" src=\"http:\/\/blocs.xarxanet.org\/barraques-subirats\/files\/2025\/07\/FC_E02-1.jpg\" alt=\"\" class=\"wp-image-2857\" style=\"width:532px;height:auto\" srcset=\"https:\/\/blocs.xarxanet.org\/barraques-subirats\/files\/2025\/07\/FC_E02-1.jpg 387w, https:\/\/blocs.xarxanet.org\/barraques-subirats\/files\/2025\/07\/FC_E02-1-300x201.jpg 300w\" sizes=\"(max-width: 387px) 100vw, 387px\" \/><figcaption class=\"wp-element-caption\">E02<\/figcaption><\/figure>\n<\/div>\n<\/div>\n","protected":false},"excerpt":{"rendered":"<p>E02 SECTOR I N\u00ba&nbsp;&nbsp;&nbsp; &nbsp;&nbsp;&nbsp; &nbsp;&nbsp;&nbsp; &nbsp;&nbsp;&nbsp; &nbsp;&nbsp;&nbsp; E 02 NOM POPULAR LOCALITZACI\u00d3 Al nord de la Serra del Pi del Moi\u00f3 COORDENADES UTM ETRS89 31 T X 402653 Y 4584681 COTA 473 Mapa 1:5.000 420-1-5 Ordal NOMBRE DE CAVITATS 1 INTERIOR Forma Circular Mides (Ample\/Fond\u00e0ria) 370&#215;390 Al\u00e7ada visible 220 PORTAL Orientaci\u00f3 Devia estar orientat [&hellip;]<\/p>\n","protected":false},"author":500,"featured_media":2857,"parent":0,"menu_order":0,"comment_status":"closed","ping_status":"closed","template":"wp-custom-template-fc-e","meta":{"footnotes":""},"class_list":["post-2874","page","type-page","status-publish","has-post-thumbnail","hentry"],"_links":{"self":[{"href":"https:\/\/blocs.xarxanet.org\/barraques-subirats\/wp-json\/wp\/v2\/pages\/2874","targetHints":{"allow":["GET"]}}],"collection":[{"href":"https:\/\/blocs.xarxanet.org\/barraques-subirats\/wp-json\/wp\/v2\/pages"}],"about":[{"href":"https:\/\/blocs.xarxanet.org\/barraques-subirats\/wp-json\/wp\/v2\/types\/page"}],"author":[{"embeddable":true,"href":"https:\/\/blocs.xarxanet.org\/barraques-subirats\/wp-json\/wp\/v2\/users\/500"}],"replies":[{"embeddable":true,"href":"https:\/\/blocs.xarxanet.org\/barraques-subirats\/wp-json\/wp\/v2\/comments?post=2874"}],"version-history":[{"count":5,"href":"https:\/\/blocs.xarxanet.org\/barraques-subirats\/wp-json\/wp\/v2\/pages\/2874\/revisions"}],"predecessor-version":[{"id":3472,"href":"https:\/\/blocs.xarxanet.org\/barraques-subirats\/wp-json\/wp\/v2\/pages\/2874\/revisions\/3472"}],"wp:featuredmedia":[{"embeddable":true,"href":"https:\/\/blocs.xarxanet.org\/barraques-subirats\/wp-json\/wp\/v2\/media\/2857"}],"wp:attachment":[{"href":"https:\/\/blocs.xarxanet.org\/barraques-subirats\/wp-json\/wp\/v2\/media?parent=2874"}],"curies":[{"name":"wp","href":"https:\/\/api.w.org\/{rel}","templated":true}]}}