{"id":2833,"date":"2025-07-15T17:53:05","date_gmt":"2025-07-15T15:53:05","guid":{"rendered":"https:\/\/blocs.xarxanet.org\/barraques-subirats\/?page_id=2833"},"modified":"2025-09-25T09:47:35","modified_gmt":"2025-09-25T07:47:35","slug":"fc-d09","status":"publish","type":"page","link":"https:\/\/blocs.xarxanet.org\/barraques-subirats\/fc-d09\/","title":{"rendered":"FC-D09"},"content":{"rendered":"\n<div class=\"wp-block-columns is-layout-flex wp-container-core-columns-is-layout-28f84493 wp-block-columns-is-layout-flex\">\n<div class=\"wp-block-column is-layout-flow wp-block-column-is-layout-flow\">\n<figure style=\"line-height:1\" class=\"wp-block-table\"><table class=\"has-fixed-layout\"><thead><tr><th>D09<\/th><th><\/th><\/tr><\/thead><tbody><tr><td><strong>SECTOR I N\u00ba&nbsp;&nbsp;&nbsp; &nbsp;&nbsp;&nbsp; &nbsp;&nbsp;&nbsp; &nbsp;&nbsp;&nbsp; &nbsp;&nbsp;&nbsp;<\/strong><\/td><td>D 09<\/td><\/tr><tr><td><strong>NOM POPULAR<\/strong><\/td><td><\/td><\/tr><tr><td><strong>LOCALITZACI\u00d3<\/strong><\/td><td>A uns 200 m al sud de la  N-340 km 1224<\/td><\/tr><\/tbody><\/table><\/figure>\n\n\n\n<figure style=\"line-height:1\" class=\"wp-block-table\"><table class=\"has-fixed-layout\"><thead><tr><th>COORDENADES UTM ETRS89 31 T<\/th><th><\/th><\/tr><\/thead><tbody><tr><td><strong>X <\/strong><\/td><td>401705<\/td><\/tr><tr><td><strong>Y<\/strong><\/td><td>4582618<\/td><\/tr><tr><td><strong>COTA<\/strong><\/td><td>363<\/td><\/tr><tr><td><strong>Mapa 1:5.000<\/strong><\/td><td>420-1-6 Can Revella<\/td><\/tr><\/tbody><\/table><\/figure>\n\n\n\n<figure class=\"wp-block-table\"><table class=\"has-fixed-layout\"><tbody><tr><td><strong>NOMBRE DE CAVITATS<\/strong><\/td><td>1<\/td><\/tr><\/tbody><\/table><\/figure>\n\n\n\n<figure style=\"line-height:1\" class=\"wp-block-table\"><table class=\"has-fixed-layout\"><thead><tr><th>INTERIOR<\/th><th><\/th><\/tr><\/thead><tbody><tr><td><strong>Forma<\/strong><\/td><td>Circular<\/td><\/tr><tr><td><strong>Mides (Ample\/Fond\u00e0ria)<\/strong><\/td><td>380&#215;420<\/td><\/tr><tr><td><strong>Al\u00e7ada visible<\/strong><\/td><td>220<\/td><\/tr><\/tbody><\/table><\/figure>\n<\/div>\n\n\n\n<div class=\"wp-block-column is-layout-flow wp-block-column-is-layout-flow\">\n<figure style=\"line-height:1\" class=\"wp-block-table\"><table class=\"has-fixed-layout\"><thead><tr><th>PORTAL<\/th><th><\/th><\/tr><\/thead><tbody><tr><td><strong>Orientaci\u00f3<\/strong><\/td><td>NO aprox<\/td><\/tr><tr><td><strong>Al\u00e7ada<\/strong><\/td><td><\/td><\/tr><tr><td><strong>Ample<\/strong><\/td><td><\/td><\/tr><tr><td><strong>Gruix<\/strong><\/td><td><\/td><\/tr><\/tbody><\/table><\/figure>\n\n\n\n<figure style=\"line-height:1\" class=\"wp-block-table\"><table class=\"has-fixed-layout\"><thead><tr><th>FORMA DEL PORTAL<\/th><th><\/th><\/tr><\/thead><tbody><tr><td><strong>Tipus<\/strong><\/td><td><\/td><\/tr><\/tbody><\/table><\/figure>\n\n\n\n<figure style=\"line-height:1\" class=\"wp-block-table\"><table class=\"has-fixed-layout\"><thead><tr><th>INTERIOR<\/th><th><\/th><\/tr><\/thead><tbody><tr><td><strong>Contingut<\/strong><\/td><td><\/td><\/tr><\/tbody><\/table><\/figure>\n\n\n\n<figure style=\"line-height:1\" class=\"wp-block-table\"><table class=\"has-fixed-layout\"><tbody><tr><td><strong>ESTAT<\/strong><\/td><td>Dolent<\/td><\/tr><tr><td><strong>DANYS<\/strong><\/td><td>Enderroc total<\/td><\/tr><tr><td><strong>GRAVATS<\/strong><\/td><td><\/td><\/tr><tr><td><strong>OBSERVACIONS<\/strong><\/td><td>Localitzat per Joan Esteve<\/td><\/tr><tr><td><strong>CODI WIKIPEDRA<\/strong><\/td><td>188<\/td><\/tr><\/tbody><\/table><\/figure>\n<\/div>\n\n\n\n<div class=\"wp-block-column is-layout-flow wp-block-column-is-layout-flow\">\n<figure class=\"wp-block-image aligncenter size-full is-resized\"><img fetchpriority=\"high\" decoding=\"async\" width=\"387\" height=\"259\" src=\"http:\/\/blocs.xarxanet.org\/barraques-subirats\/files\/2025\/07\/FC_D09-1.jpg\" alt=\"\" class=\"wp-image-2808\" style=\"width:532px;height:auto\" srcset=\"https:\/\/blocs.xarxanet.org\/barraques-subirats\/files\/2025\/07\/FC_D09-1.jpg 387w, https:\/\/blocs.xarxanet.org\/barraques-subirats\/files\/2025\/07\/FC_D09-1-300x201.jpg 300w\" sizes=\"(max-width: 387px) 100vw, 387px\" \/><figcaption class=\"wp-element-caption\">D09<\/figcaption><\/figure>\n<\/div>\n<\/div>\n","protected":false},"excerpt":{"rendered":"<p>D09 SECTOR I N\u00ba&nbsp;&nbsp;&nbsp; &nbsp;&nbsp;&nbsp; &nbsp;&nbsp;&nbsp; &nbsp;&nbsp;&nbsp; &nbsp;&nbsp;&nbsp; D 09 NOM POPULAR LOCALITZACI\u00d3 A uns 200 m al sud de la N-340 km 1224 COORDENADES UTM ETRS89 31 T X 401705 Y 4582618 COTA 363 Mapa 1:5.000 420-1-6 Can Revella NOMBRE DE CAVITATS 1 INTERIOR Forma Circular Mides (Ample\/Fond\u00e0ria) 380&#215;420 Al\u00e7ada visible 220 PORTAL Orientaci\u00f3 [&hellip;]<\/p>\n","protected":false},"author":500,"featured_media":2808,"parent":0,"menu_order":0,"comment_status":"closed","ping_status":"closed","template":"wp-custom-template-fc-d","meta":{"footnotes":""},"class_list":["post-2833","page","type-page","status-publish","has-post-thumbnail","hentry"],"_links":{"self":[{"href":"https:\/\/blocs.xarxanet.org\/barraques-subirats\/wp-json\/wp\/v2\/pages\/2833","targetHints":{"allow":["GET"]}}],"collection":[{"href":"https:\/\/blocs.xarxanet.org\/barraques-subirats\/wp-json\/wp\/v2\/pages"}],"about":[{"href":"https:\/\/blocs.xarxanet.org\/barraques-subirats\/wp-json\/wp\/v2\/types\/page"}],"author":[{"embeddable":true,"href":"https:\/\/blocs.xarxanet.org\/barraques-subirats\/wp-json\/wp\/v2\/users\/500"}],"replies":[{"embeddable":true,"href":"https:\/\/blocs.xarxanet.org\/barraques-subirats\/wp-json\/wp\/v2\/comments?post=2833"}],"version-history":[{"count":4,"href":"https:\/\/blocs.xarxanet.org\/barraques-subirats\/wp-json\/wp\/v2\/pages\/2833\/revisions"}],"predecessor-version":[{"id":3476,"href":"https:\/\/blocs.xarxanet.org\/barraques-subirats\/wp-json\/wp\/v2\/pages\/2833\/revisions\/3476"}],"wp:featuredmedia":[{"embeddable":true,"href":"https:\/\/blocs.xarxanet.org\/barraques-subirats\/wp-json\/wp\/v2\/media\/2808"}],"wp:attachment":[{"href":"https:\/\/blocs.xarxanet.org\/barraques-subirats\/wp-json\/wp\/v2\/media?parent=2833"}],"curies":[{"name":"wp","href":"https:\/\/api.w.org\/{rel}","templated":true}]}}