{"id":2625,"date":"2025-07-13T22:20:05","date_gmt":"2025-07-13T20:20:05","guid":{"rendered":"https:\/\/blocs.xarxanet.org\/barraques-subirats\/?page_id=2625"},"modified":"2025-09-18T16:51:00","modified_gmt":"2025-09-18T14:51:00","slug":"fc-inventari","status":"publish","type":"page","link":"https:\/\/blocs.xarxanet.org\/barraques-subirats\/fc-inventari\/","title":{"rendered":"FC-Inventari"},"content":{"rendered":"\n<h1 class=\"wp-block-heading has-large-font-size\">Inventari<\/h1>\n\n\n\n<figure class=\"wp-block-image aligncenter size-full\"><img fetchpriority=\"high\" decoding=\"async\" width=\"1098\" height=\"749\" src=\"http:\/\/blocs.xarxanet.org\/barraques-subirats\/files\/2025\/07\/Subirats_Zones.jpg\" alt=\"\" class=\"wp-image-3091\" srcset=\"https:\/\/blocs.xarxanet.org\/barraques-subirats\/files\/2025\/07\/Subirats_Zones.jpg 1098w, https:\/\/blocs.xarxanet.org\/barraques-subirats\/files\/2025\/07\/Subirats_Zones-300x205.jpg 300w, https:\/\/blocs.xarxanet.org\/barraques-subirats\/files\/2025\/07\/Subirats_Zones-1024x699.jpg 1024w, https:\/\/blocs.xarxanet.org\/barraques-subirats\/files\/2025\/07\/Subirats_Zones-768x524.jpg 768w\" sizes=\"(max-width: 1098px) 100vw, 1098px\" \/><figcaption class=\"wp-element-caption\">Mapa del municipi amb els sectors<\/figcaption><\/figure>\n\n\n\n<p>La distribuci\u00f3 de les zones de treball en sectors, s&#8217;ha fet amb criteris de simplificaci\u00f3. No ocupen la totalitat del municipi, perqu\u00e8 hi ha amplies zones on no hem trobat cap forn. Si es fessin troballes futures en aquestes zones, es podrien crear nous sectors. Podr\u00edem detallar els l\u00edmits exactes, per\u00f2 segurament es m\u00e9s pr\u00e0ctic un resum dels nuclis de poblaci\u00f3 i sectors del municipi que engloben.<br>Cliqueu als enlla\u00e7os per veure els mapes dels sectors i cada fitxa individual.<\/p>\n\n\n\n<p style=\"padding-top:0;padding-bottom:0\">A &#8211; Sant Pau &#8211; Lavern<\/p>\n\n\n\n<p style=\"padding-top:0;padding-bottom:0\">No hi han forns<\/p>\n\n\n\n<p>B &#8211; Can Rossell &#8211; Urb. Can Rossell &#8211; La Bardera &#8211; Can Bou <\/p>\n\n\n\n<p>Forns:&nbsp;<strong><a href=\"https:\/\/blocs.xarxanet.org\/barraques-subirats\/fc-B01\">B01<\/a>,&nbsp;<a href=\"https:\/\/blocs.xarxanet.org\/barraques-subirats\/fc-B02\">B02<\/a><\/strong><\/p>\n\n\n\n<p>C &#8211; El Pago &#8211; Can Docte &#8211; Can Vidal &#8211; Can Ros &#8211; Castell de Subirats <\/p>\n\n\n\n<p>Forns:&nbsp;<strong><a href=\"https:\/\/blocs.xarxanet.org\/barraques-subirats\/fc-c01\">C01<\/a>,&nbsp;<a href=\"https:\/\/blocs.xarxanet.org\/barraques-subirats\/fc-c02\">C02<\/a><\/strong><\/p>\n\n\n\n<p>D &#8211; La Muntanya Rodona &#8211; sector del Fondo dels Vidriers <\/p>\n\n\n\n<p>Forns:&nbsp;<strong><a href=\"https:\/\/blocs.xarxanet.org\/barraques-subirats\/fc-d01\">D01<\/a>,&nbsp;<a href=\"https:\/\/blocs.xarxanet.org\/barraques-subirats\/fc-d02\">D02<\/a>,&nbsp;<a href=\"https:\/\/blocs.xarxanet.org\/barraques-subirats\/fc-d03\">D03<\/a>,&nbsp;<a href=\"https:\/\/blocs.xarxanet.org\/barraques-subirats\/fc-d04\">D04<\/a>,&nbsp;<a href=\"https:\/\/blocs.xarxanet.org\/barraques-subirats\/fc-d05\">D05<\/a>,&nbsp;<a href=\"https:\/\/blocs.xarxanet.org\/barraques-subirats\/fc-d06\">D06<\/a>,&nbsp;<a href=\"https:\/\/blocs.xarxanet.org\/barraques-subirats\/fc-d07\">D07<\/a>,&nbsp;<a href=\"https:\/\/blocs.xarxanet.org\/barraques-subirats\/fc-d08\">D08<\/a>,&nbsp;<a href=\"https:\/\/blocs.xarxanet.org\/barraques-subirats\/fc-d09\">D09<\/a>,&nbsp;<a href=\"https:\/\/blocs.xarxanet.org\/barraques-subirats\/fc-d10\">D10<\/a>,&nbsp;<a href=\"https:\/\/blocs.xarxanet.org\/barraques-subirats\/fc-d11\">D11<\/a><\/strong><\/p>\n\n\n\n<p>E &#8211; Can Revella &#8211; Can Parellada &#8211; El Maset &#8211; sector de la Serra del Pi del Moi\u00f3<\/p>\n\n\n\n<p>Forns:<strong><a href=\"https:\/\/blocs.xarxanet.org\/barraques-subirats\/fc-e01\">&nbsp;E01<\/a>,&nbsp;<a href=\"https:\/\/blocs.xarxanet.org\/barraques-subirats\/fc-e02\">E02<\/a><\/strong><\/p>\n\n\n\n<p>F &#8211; Sector Sud d&#8217;Ordal <\/p>\n\n\n\n<p>Forns:&nbsp;<strong><a href=\"https:\/\/blocs.xarxanet.org\/barraques-subirats\/fc-f01\">F01<\/a>,&nbsp;<a href=\"https:\/\/blocs.xarxanet.org\/barraques-subirats\/fc-f02\">F02<\/a>,&nbsp;<a href=\"https:\/\/blocs.xarxanet.org\/barraques-subirats\/fc-f03\">F03<\/a>,&nbsp;<a href=\"https:\/\/blocs.xarxanet.org\/barraques-subirats\/fc-f04\">F04<\/a>,&nbsp;<a href=\"https:\/\/blocs.xarxanet.org\/barraques-subirats\/fc-f05\">F05<\/a>,&nbsp;<a href=\"https:\/\/blocs.xarxanet.org\/barraques-subirats\/fc-f06\">F06<\/a><\/strong><\/p>\n\n\n\n<p>G &#8211; Sector del Fondo de Mas Granada <\/p>\n\n\n\n<p>Forns:&nbsp;<strong><a href=\"https:\/\/blocs.xarxanet.org\/barraques-subirats\/fc-g01\">G01<\/a>,&nbsp;<a href=\"https:\/\/blocs.xarxanet.org\/barraques-subirats\/fc-g02\">G02<\/a>,&nbsp;<a href=\"https:\/\/blocs.xarxanet.org\/barraques-subirats\/fc-g03\">G03<\/a>,&nbsp;<a href=\"https:\/\/blocs.xarxanet.org\/barraques-subirats\/fc-g04\">G04<\/a>,&nbsp;<a href=\"https:\/\/blocs.xarxanet.org\/barraques-subirats\/fc-g05\">G05<\/a><\/strong><\/p>\n\n\n\n<p>H &#8211; Ca l&#8217;Avi, sector NO del municipi<\/p>\n\n\n\n<p>Forns:&nbsp;<strong><a href=\"https:\/\/blocs.xarxanet.org\/barraques-subirats\/fc-h01\">H01<\/a>,&nbsp;<a href=\"https:\/\/blocs.xarxanet.org\/barraques-subirats\/fc-h02\">H02<\/a><\/strong><\/p>\n\n\n\n<p><strong>CLAUS PER INTERPRETAR LES DADES DE LES FITXES<\/strong><\/p>\n\n\n\n<p>Hi ha el&nbsp;<strong>sector<\/strong>&nbsp;i el&nbsp;<strong>n\u00ba<\/strong>&nbsp;de cada forn.<br>El&nbsp;<strong>nom popular<\/strong>&nbsp;es aquell amb que es coneix entre la gent. Es informal i no te relaci\u00f3 necess\u00e0ria amb propietaris ni arrendataris actuals de les vinyes ni altres conreus.<\/p>\n\n\n\n<p>Les lectures de les&nbsp;<strong>coordenades UTM<\/strong>&nbsp;estan preses sobre el terreny amb <strong>GPS<\/strong>, amb una precisi\u00f3 que oscil\u00b7la entre els 5 i 9 metres, depenent del sector de cel disponible verticalment sobre el punt. El fus de <strong>zona <\/strong>es el<strong> 31 i la banda<\/strong>, la<strong> T<\/strong>.<br>Els&nbsp;<strong>mapes<\/strong>&nbsp;de refer\u00e8ncia son els <strong>1:5.000<\/strong> de l\u2019Institut Cartogr\u00e0fic de Catalunya, que son els mes precisos per localitzar les unitats sobre el terreny. Del mateix institut, n\u2019hi ha tamb\u00e9 a escala <strong>1:10.000<\/strong> i <strong>1:50.000<\/strong>. Per representar al web els mapes dels sectors, han resultat \u00fatils els fulls <strong>1:25.000<\/strong> del Mapa Topogr\u00e1fico del Ministerio de Fomento.<\/p>\n\n\n\n<p>Les\u00a0<strong>mides<\/strong>\u00a0estan preses amb cinta m\u00e8trica i expressades en cm. Cal tenir en compte que les mesures <strong>d&#8217;amplada<\/strong>\u00a0i\u00a0<strong>fond\u00e0ria exteriors<\/strong>\u00a0d\u2019una construcci\u00f3 rodona es fan per projecci\u00f3 visual, amb el corresponent error. L\u2019orientaci\u00f3 del portal\u00a0est\u00e0 mesurada amb br\u00faixola de bany d\u2019oli, fent la lectura de dins cap enfora. El\u00a0<strong>gruix<\/strong>\u00a0de la paret s\u2019ha mesurat a l\u2019esquerra del portal i a mitja al\u00e7ada d\u2019aquest.<br>Les\u00a0<strong>mides de les llindes<\/strong> s\u2019expressen en ample x al\u00e7ada x fond\u00e0ria.<\/p>\n\n\n\n<p>Les fotografies es presenten a baixa resoluci\u00f3, per tal de controlar el pes de la pagina web.<\/p>\n","protected":false},"excerpt":{"rendered":"<p>Inventari La distribuci\u00f3 de les zones de treball en sectors, s&#8217;ha fet amb criteris de simplificaci\u00f3. No ocupen la totalitat del municipi, perqu\u00e8 hi ha amplies zones on no hem trobat cap forn. Si es fessin troballes futures en aquestes zones, es podrien crear nous sectors. Podr\u00edem detallar els l\u00edmits exactes, per\u00f2 segurament es m\u00e9s [&hellip;]<\/p>\n","protected":false},"author":500,"featured_media":3091,"parent":0,"menu_order":0,"comment_status":"closed","ping_status":"closed","template":"wp-custom-template-p-forns","meta":{"footnotes":""},"class_list":["post-2625","page","type-page","status-publish","has-post-thumbnail","hentry"],"_links":{"self":[{"href":"https:\/\/blocs.xarxanet.org\/barraques-subirats\/wp-json\/wp\/v2\/pages\/2625","targetHints":{"allow":["GET"]}}],"collection":[{"href":"https:\/\/blocs.xarxanet.org\/barraques-subirats\/wp-json\/wp\/v2\/pages"}],"about":[{"href":"https:\/\/blocs.xarxanet.org\/barraques-subirats\/wp-json\/wp\/v2\/types\/page"}],"author":[{"embeddable":true,"href":"https:\/\/blocs.xarxanet.org\/barraques-subirats\/wp-json\/wp\/v2\/users\/500"}],"replies":[{"embeddable":true,"href":"https:\/\/blocs.xarxanet.org\/barraques-subirats\/wp-json\/wp\/v2\/comments?post=2625"}],"version-history":[{"count":17,"href":"https:\/\/blocs.xarxanet.org\/barraques-subirats\/wp-json\/wp\/v2\/pages\/2625\/revisions"}],"predecessor-version":[{"id":3428,"href":"https:\/\/blocs.xarxanet.org\/barraques-subirats\/wp-json\/wp\/v2\/pages\/2625\/revisions\/3428"}],"wp:featuredmedia":[{"embeddable":true,"href":"https:\/\/blocs.xarxanet.org\/barraques-subirats\/wp-json\/wp\/v2\/media\/3091"}],"wp:attachment":[{"href":"https:\/\/blocs.xarxanet.org\/barraques-subirats\/wp-json\/wp\/v2\/media?parent=2625"}],"curies":[{"name":"wp","href":"https:\/\/api.w.org\/{rel}","templated":true}]}}