{"id":232,"date":"2025-04-25T11:28:25","date_gmt":"2025-04-25T09:28:25","guid":{"rendered":"https:\/\/pcg13.wordpress.com\/?page_id=232"},"modified":"2025-09-25T17:03:23","modified_gmt":"2025-09-25T15:03:23","slug":"b-a04","status":"publish","type":"page","link":"https:\/\/blocs.xarxanet.org\/barraques-subirats\/b-a04\/","title":{"rendered":"B-A04"},"content":{"rendered":"\n<div class=\"wp-block-columns is-layout-flex wp-container-core-columns-is-layout-28f84493 wp-block-columns-is-layout-flex\">\n<div class=\"wp-block-column is-layout-flow wp-block-column-is-layout-flow\">\n<figure style=\"line-height:1\" class=\"wp-block-table\"><table class=\"has-fixed-layout\"><thead><tr><th>A04<\/th><th><\/th><\/tr><\/thead><tbody><tr><td><strong>SECTOR I N\u00ba&nbsp;&nbsp;&nbsp; &nbsp;&nbsp;&nbsp; &nbsp;&nbsp;&nbsp; &nbsp;&nbsp;&nbsp; &nbsp;&nbsp;&nbsp;<\/strong><\/td><td>A04<\/td><\/tr><tr><td><strong>NOM POPULAR<\/strong><\/td><td><\/td><\/tr><tr><td><strong>LOCALITZACI\u00d3<\/strong><\/td><td>Tur\u00f3 de la Gu\u00e0rdia, a l&#8217;oest del dip\u00f2sit<\/td><\/tr><\/tbody><\/table><\/figure>\n\n\n\n<figure style=\"line-height:1\" class=\"wp-block-table\"><table class=\"has-fixed-layout\"><thead><tr><th>COORDENADES UTM ETRS89 31 T<\/th><th><\/th><\/tr><\/thead><tbody><tr><td><strong>X <\/strong><\/td><td>398965<\/td><\/tr><tr><td><strong>Y<\/strong><\/td><td>4582582<\/td><\/tr><tr><td><strong>COTA<\/strong><\/td><td>348<\/td><\/tr><tr><td><strong>Mapa 1:5.000<\/strong><\/td><td>419-8-6 St.Pau<\/td><\/tr><\/tbody><\/table><\/figure>\n\n\n\n<figure style=\"line-height:1\" class=\"wp-block-table\"><table class=\"has-fixed-layout\"><thead><tr><th>EXTERIOR<\/th><th><\/th><\/tr><\/thead><tbody><tr><td><strong>Forma<\/strong><\/td><td>Rodona<\/td><\/tr><tr><td><strong>Mides (Ample\/Fond\u00e0ria)<\/strong><\/td><td><\/td><\/tr><tr><td><strong>Al\u00e7ada total<\/strong><\/td><td>287<\/td><\/tr><tr><td><strong>Posici\u00f3<\/strong><\/td><td>A\u00efllada<\/td><\/tr><tr><td><strong>Cornisa<\/strong><\/td><td>227<\/td><\/tr><tr><td><strong>Afegits<\/strong><\/td><td><\/td><\/tr><tr><td><strong>Sostre<\/strong><\/td><td>Pedres<\/td><\/tr><\/tbody><\/table><\/figure>\n<\/div>\n\n\n\n<div class=\"wp-block-column is-layout-flow wp-block-column-is-layout-flow\">\n<figure style=\"line-height:1\" class=\"wp-block-table\"><table class=\"has-fixed-layout\"><thead><tr><th>PORTAL<\/th><th><\/th><\/tr><\/thead><tbody><tr><td><strong>Orientaci\u00f3<\/strong><\/td><td>210\u00ba<\/td><\/tr><tr><td><strong>Al\u00e7ada<\/strong><\/td><td>150<\/td><\/tr><tr><td><strong>Ample<\/strong><\/td><td>62<\/td><\/tr><tr><td><strong>Gruix<\/strong><\/td><td>70<\/td><\/tr><\/tbody><\/table><\/figure>\n\n\n\n<figure style=\"line-height:1\" class=\"wp-block-table\"><table class=\"has-fixed-layout\"><thead><tr><th>LLINDA<\/th><th><\/th><\/tr><\/thead><tbody><tr><td><strong>Tipus<\/strong><\/td><td>Simple<\/td><\/tr><tr><td><strong>Mides (Ample\/Al\u00e7ada\/Fond\u00e0ria)<\/strong><\/td><td>80x15x65&nbsp;<\/td><\/tr><\/tbody><\/table><\/figure>\n\n\n\n<figure style=\"line-height:1\" class=\"wp-block-table\"><table class=\"has-fixed-layout\"><thead><tr><th>INTERIOR<\/th><th><\/th><\/tr><\/thead><tbody><tr><td><strong>Mides<\/strong> <strong>(Ample\/Fond\u00e0ria)<\/strong><\/td><td>200&#215;220<\/td><\/tr><tr><td><strong>Bloc superior<\/strong><\/td><td>50&#215;50<\/td><\/tr><tr><td><strong>Al\u00e7ada central<\/strong><\/td><td>235<\/td><\/tr><tr><td><strong>Cocons<\/strong><\/td><td>1<\/td><\/tr><tr><td><strong>Forn\u00edcules<\/strong><\/td><td>1<\/td><\/tr><tr><td><strong>Espitlleres<\/strong><\/td><td><\/td><\/tr><tr><td><strong>Restes foc<\/strong><\/td><td>Si<\/td><\/tr><tr><td><strong>Contingut<\/strong><\/td><td>Pedres<\/td><\/tr><\/tbody><\/table><\/figure>\n<\/div>\n\n\n\n<div class=\"wp-block-column is-layout-flow wp-block-column-is-layout-flow\">\n<figure class=\"wp-block-image aligncenter size-full\"><img fetchpriority=\"high\" decoding=\"async\" width=\"660\" height=\"447\" src=\"http:\/\/blocs.xarxanet.org\/barraques-subirats\/files\/2025\/04\/a04-1.jpg\" alt=\"\" class=\"wp-image-229\" srcset=\"https:\/\/blocs.xarxanet.org\/barraques-subirats\/files\/2025\/04\/a04-1.jpg 660w, https:\/\/blocs.xarxanet.org\/barraques-subirats\/files\/2025\/04\/a04-1-300x203.jpg 300w\" sizes=\"(max-width: 660px) 100vw, 660px\" \/><figcaption class=\"wp-element-caption\">A04<\/figcaption><\/figure>\n\n\n\n<figure style=\"line-height:1\" class=\"wp-block-table\"><table class=\"has-fixed-layout\"><tbody><tr><td><strong>ESTAT<\/strong><\/td><td>Bo<\/td><\/tr><tr><td><strong>DANYS<\/strong><\/td><td>Ciment al portal<\/td><\/tr><tr><td><strong>GRAVATS<\/strong><\/td><td><\/td><\/tr><tr><td><strong>OBSERVACIONS<\/strong><\/td><td>Llinda molt fonda<\/td><\/tr><tr><td><strong>CODI WIKIPEDRA<\/strong><\/td><td>3900<\/td><\/tr><\/tbody><\/table><\/figure>\n<\/div>\n<\/div>\n","protected":false},"excerpt":{"rendered":"<p>A04 SECTOR I N\u00ba&nbsp;&nbsp;&nbsp; &nbsp;&nbsp;&nbsp; &nbsp;&nbsp;&nbsp; &nbsp;&nbsp;&nbsp; &nbsp;&nbsp;&nbsp; A04 NOM POPULAR LOCALITZACI\u00d3 Tur\u00f3 de la Gu\u00e0rdia, a l&#8217;oest del dip\u00f2sit COORDENADES UTM ETRS89 31 T X 398965 Y 4582582 COTA 348 Mapa 1:5.000 419-8-6 St.Pau EXTERIOR Forma Rodona Mides (Ample\/Fond\u00e0ria) Al\u00e7ada total 287 Posici\u00f3 A\u00efllada Cornisa 227 Afegits Sostre Pedres PORTAL Orientaci\u00f3 210\u00ba Al\u00e7ada 150 [&hellip;]<\/p>\n","protected":false},"author":500,"featured_media":229,"parent":0,"menu_order":0,"comment_status":"closed","ping_status":"closed","template":"wp-custom-template-p-a1","meta":{"footnotes":""},"class_list":["post-232","page","type-page","status-publish","has-post-thumbnail","hentry"],"_links":{"self":[{"href":"https:\/\/blocs.xarxanet.org\/barraques-subirats\/wp-json\/wp\/v2\/pages\/232","targetHints":{"allow":["GET"]}}],"collection":[{"href":"https:\/\/blocs.xarxanet.org\/barraques-subirats\/wp-json\/wp\/v2\/pages"}],"about":[{"href":"https:\/\/blocs.xarxanet.org\/barraques-subirats\/wp-json\/wp\/v2\/types\/page"}],"author":[{"embeddable":true,"href":"https:\/\/blocs.xarxanet.org\/barraques-subirats\/wp-json\/wp\/v2\/users\/500"}],"replies":[{"embeddable":true,"href":"https:\/\/blocs.xarxanet.org\/barraques-subirats\/wp-json\/wp\/v2\/comments?post=232"}],"version-history":[{"count":7,"href":"https:\/\/blocs.xarxanet.org\/barraques-subirats\/wp-json\/wp\/v2\/pages\/232\/revisions"}],"predecessor-version":[{"id":3693,"href":"https:\/\/blocs.xarxanet.org\/barraques-subirats\/wp-json\/wp\/v2\/pages\/232\/revisions\/3693"}],"wp:featuredmedia":[{"embeddable":true,"href":"https:\/\/blocs.xarxanet.org\/barraques-subirats\/wp-json\/wp\/v2\/media\/229"}],"wp:attachment":[{"href":"https:\/\/blocs.xarxanet.org\/barraques-subirats\/wp-json\/wp\/v2\/media?parent=232"}],"curies":[{"name":"wp","href":"https:\/\/api.w.org\/{rel}","templated":true}]}}