{"id":2238,"date":"2025-06-29T23:56:49","date_gmt":"2025-06-29T21:56:49","guid":{"rendered":"https:\/\/blocs.xarxanet.org\/barraques-subirats\/?page_id=2238"},"modified":"2025-09-25T10:04:03","modified_gmt":"2025-09-25T08:04:03","slug":"b-g56","status":"publish","type":"page","link":"https:\/\/blocs.xarxanet.org\/barraques-subirats\/b-g56\/","title":{"rendered":"B-G56"},"content":{"rendered":"\n<div class=\"wp-block-columns is-layout-flex wp-container-core-columns-is-layout-28f84493 wp-block-columns-is-layout-flex\">\n<div class=\"wp-block-column is-layout-flow wp-block-column-is-layout-flow\">\n<figure style=\"line-height:1\" class=\"wp-block-table\"><table class=\"has-fixed-layout\"><thead><tr><th>G56<\/th><th><\/th><\/tr><\/thead><tbody><tr><td><strong>SECTOR I N\u00ba&nbsp;&nbsp;&nbsp; &nbsp;&nbsp;&nbsp; &nbsp;&nbsp;&nbsp; &nbsp;&nbsp;&nbsp; &nbsp;&nbsp;&nbsp;<\/strong><\/td><td>G 56<\/td><\/tr><tr><td><strong>NOM POPULAR<\/strong><\/td><td><\/td><\/tr><tr><td><strong>LOCALITZACI\u00d3<\/strong><\/td><td>Al sud de la Pedrera del Pep<\/td><\/tr><\/tbody><\/table><\/figure>\n\n\n\n<figure style=\"line-height:1\" class=\"wp-block-table\"><table class=\"has-fixed-layout\"><thead><tr><th>COORDENADES UTM ETRS89 31 T<\/th><th><\/th><\/tr><\/thead><tbody><tr><td><strong>X <\/strong><\/td><td>405920<\/td><\/tr><tr><td><strong>Y<\/strong><\/td><td>4583090<\/td><\/tr><tr><td><strong>COTA<\/strong><\/td><td>538<\/td><\/tr><tr><td><strong>Mapa 1:5.000<\/strong><\/td><td>420-2-5 Puig d\u2019Agulles<\/td><\/tr><\/tbody><\/table><\/figure>\n\n\n\n<figure style=\"line-height:1\" class=\"wp-block-table\"><table class=\"has-fixed-layout\"><thead><tr><th>EXTERIOR<\/th><th><\/th><\/tr><\/thead><tbody><tr><td><strong>Forma<\/strong><\/td><td>Rodona<\/td><\/tr><tr><td><strong>Mides (Ample\/Fond\u00e0ria)<\/strong><\/td><td><\/td><\/tr><tr><td><strong>Al\u00e7ada total<\/strong><\/td><td><\/td><\/tr><tr><td><strong>Posici\u00f3<\/strong><\/td><td><\/td><\/tr><tr><td><strong>Cornisa<\/strong><\/td><td><\/td><\/tr><tr><td><strong>Afegits<\/strong><\/td><td><\/td><\/tr><tr><td><strong>Sostre<\/strong><\/td><td><\/td><\/tr><\/tbody><\/table><\/figure>\n<\/div>\n\n\n\n<div class=\"wp-block-column is-layout-flow wp-block-column-is-layout-flow\">\n<figure style=\"line-height:1\" class=\"wp-block-table\"><table class=\"has-fixed-layout\"><thead><tr><th>PORTAL<\/th><th><\/th><\/tr><\/thead><tbody><tr><td><strong>Orientaci\u00f3<\/strong><\/td><td>160\u00ba<\/td><\/tr><tr><td><strong>Al\u00e7ada<\/strong><\/td><td><\/td><\/tr><tr><td><strong>Ample<\/strong><\/td><td><\/td><\/tr><tr><td><strong>Gruix<\/strong><\/td><td><\/td><\/tr><\/tbody><\/table><\/figure>\n\n\n\n<figure style=\"line-height:1\" class=\"wp-block-table\"><table class=\"has-fixed-layout\"><thead><tr><th>LLINDA<\/th><th><\/th><\/tr><\/thead><tbody><tr><td><strong>Tipus<\/strong><\/td><td>Simple<\/td><\/tr><tr><td><strong>Mides (Ample\/Al\u00e7ada\/Fond\u00e0ria)<\/strong><\/td><td><\/td><\/tr><\/tbody><\/table><\/figure>\n\n\n\n<figure style=\"line-height:1\" class=\"wp-block-table\"><table class=\"has-fixed-layout\"><thead><tr><th>INTERIOR<\/th><th><\/th><\/tr><\/thead><tbody><tr><td><strong>Mides<\/strong> <strong>(Ample\/Fond\u00e0ria)<\/strong><\/td><td>210X180<\/td><\/tr><tr><td><strong>Bloc superior<\/strong><\/td><td><\/td><\/tr><tr><td><strong>Al\u00e7ada central<\/strong><\/td><td>250<\/td><\/tr><tr><td><strong>Cocons<\/strong><\/td><td><\/td><\/tr><tr><td><strong>Forn\u00edcules<\/strong><\/td><td><\/td><\/tr><tr><td><strong>Espitlleres<\/strong><\/td><td><\/td><\/tr><tr><td><strong>Restes foc<\/strong><\/td><td><\/td><\/tr><tr><td><strong>Contingut<\/strong><\/td><td><\/td><\/tr><\/tbody><\/table><\/figure>\n<\/div>\n\n\n\n<div class=\"wp-block-column is-layout-flow wp-block-column-is-layout-flow\">\n<figure class=\"wp-block-image aligncenter size-full\"><img fetchpriority=\"high\" decoding=\"async\" width=\"225\" height=\"400\" src=\"http:\/\/blocs.xarxanet.org\/barraques-subirats\/files\/2025\/06\/G56-1.png\" alt=\"\" class=\"wp-image-2115\" srcset=\"https:\/\/blocs.xarxanet.org\/barraques-subirats\/files\/2025\/06\/G56-1.png 225w, https:\/\/blocs.xarxanet.org\/barraques-subirats\/files\/2025\/06\/G56-1-169x300.png 169w\" sizes=\"(max-width: 225px) 100vw, 225px\" \/><figcaption class=\"wp-element-caption\">G56<\/figcaption><\/figure>\n\n\n\n<figure style=\"line-height:1\" class=\"wp-block-table\"><table class=\"has-fixed-layout\"><tbody><tr><td><strong>ESTAT<\/strong><\/td><td>Bo<\/td><\/tr><tr><td><strong>DANYS<\/strong><\/td><td><\/td><\/tr><tr><td><strong>GRAVATS<\/strong><\/td><td><\/td><\/tr><tr><td><strong>OBSERVACIONS<\/strong><\/td><td>Totalment encastada a la base d&#8217;un antic Forn de Cal\u00e7 i reomplerta de material sobre la coberta. Es conserva la forma d&#8217;olla del Forn.Localitzat per en Jaume Massana, de Vallirana<\/td><\/tr><tr><td><strong>CODI WIKIPEDRA<\/strong><\/td><td>29947<\/td><\/tr><\/tbody><\/table><\/figure>\n<\/div>\n<\/div>\n","protected":false},"excerpt":{"rendered":"<p>G56 SECTOR I N\u00ba&nbsp;&nbsp;&nbsp; &nbsp;&nbsp;&nbsp; &nbsp;&nbsp;&nbsp; &nbsp;&nbsp;&nbsp; &nbsp;&nbsp;&nbsp; G 56 NOM POPULAR LOCALITZACI\u00d3 Al sud de la Pedrera del Pep COORDENADES UTM ETRS89 31 T X 405920 Y 4583090 COTA 538 Mapa 1:5.000 420-2-5 Puig d\u2019Agulles EXTERIOR Forma Rodona Mides (Ample\/Fond\u00e0ria) Al\u00e7ada total Posici\u00f3 Cornisa Afegits Sostre PORTAL Orientaci\u00f3 160\u00ba Al\u00e7ada Ample Gruix LLINDA Tipus [&hellip;]<\/p>\n","protected":false},"author":500,"featured_media":2115,"parent":0,"menu_order":0,"comment_status":"closed","ping_status":"closed","template":"wp-custom-template-p-g1-2","meta":{"footnotes":""},"class_list":["post-2238","page","type-page","status-publish","has-post-thumbnail","hentry"],"_links":{"self":[{"href":"https:\/\/blocs.xarxanet.org\/barraques-subirats\/wp-json\/wp\/v2\/pages\/2238","targetHints":{"allow":["GET"]}}],"collection":[{"href":"https:\/\/blocs.xarxanet.org\/barraques-subirats\/wp-json\/wp\/v2\/pages"}],"about":[{"href":"https:\/\/blocs.xarxanet.org\/barraques-subirats\/wp-json\/wp\/v2\/types\/page"}],"author":[{"embeddable":true,"href":"https:\/\/blocs.xarxanet.org\/barraques-subirats\/wp-json\/wp\/v2\/users\/500"}],"replies":[{"embeddable":true,"href":"https:\/\/blocs.xarxanet.org\/barraques-subirats\/wp-json\/wp\/v2\/comments?post=2238"}],"version-history":[{"count":5,"href":"https:\/\/blocs.xarxanet.org\/barraques-subirats\/wp-json\/wp\/v2\/pages\/2238\/revisions"}],"predecessor-version":[{"id":3491,"href":"https:\/\/blocs.xarxanet.org\/barraques-subirats\/wp-json\/wp\/v2\/pages\/2238\/revisions\/3491"}],"wp:featuredmedia":[{"embeddable":true,"href":"https:\/\/blocs.xarxanet.org\/barraques-subirats\/wp-json\/wp\/v2\/media\/2115"}],"wp:attachment":[{"href":"https:\/\/blocs.xarxanet.org\/barraques-subirats\/wp-json\/wp\/v2\/media?parent=2238"}],"curies":[{"name":"wp","href":"https:\/\/api.w.org\/{rel}","templated":true}]}}