{"id":2196,"date":"2025-06-29T21:45:44","date_gmt":"2025-06-29T19:45:44","guid":{"rendered":"https:\/\/blocs.xarxanet.org\/barraques-subirats\/?page_id=2196"},"modified":"2025-09-25T12:50:15","modified_gmt":"2025-09-25T10:50:15","slug":"b-e27","status":"publish","type":"page","link":"https:\/\/blocs.xarxanet.org\/barraques-subirats\/b-e27\/","title":{"rendered":"B-E27"},"content":{"rendered":"\n<div class=\"wp-block-columns is-layout-flex wp-container-core-columns-is-layout-28f84493 wp-block-columns-is-layout-flex\">\n<div class=\"wp-block-column is-layout-flow wp-block-column-is-layout-flow\">\n<figure style=\"line-height:1\" class=\"wp-block-table\"><table class=\"has-fixed-layout\"><thead><tr><th>E27<\/th><th><\/th><\/tr><\/thead><tbody><tr><td><strong>SECTOR I N\u00ba&nbsp;&nbsp;&nbsp; &nbsp;&nbsp;&nbsp; &nbsp;&nbsp;&nbsp; &nbsp;&nbsp;&nbsp; &nbsp;&nbsp;&nbsp;<\/strong><\/td><td>E 27<\/td><\/tr><tr><td><strong>NOM POPULAR<\/strong><\/td><td><\/td><\/tr><tr><td><strong>LOCALITZACI\u00d3<\/strong><\/td><td>Oest pista del Maset a Can Mart\u00ed Vell<\/td><\/tr><\/tbody><\/table><\/figure>\n\n\n\n<figure style=\"line-height:1\" class=\"wp-block-table\"><table class=\"has-fixed-layout\"><thead><tr><th>COORDENADES UTM ETRS89 31 T<\/th><th><\/th><\/tr><\/thead><tbody><tr><td><strong>X <\/strong><\/td><td>403705<\/td><\/tr><tr><td><strong>Y<\/strong><\/td><td>4584723<\/td><\/tr><tr><td><strong>COTA<\/strong><\/td><td>465<\/td><\/tr><tr><td><strong>Mapa 1:5.000<\/strong><\/td><td>420-1-5 Ordal<\/td><\/tr><\/tbody><\/table><\/figure>\n\n\n\n<figure style=\"line-height:1\" class=\"wp-block-table\"><table class=\"has-fixed-layout\"><thead><tr><th>EXTERIOR<\/th><th><\/th><\/tr><\/thead><tbody><tr><td><strong>Forma<\/strong><\/td><td>Rodona<\/td><\/tr><tr><td><strong>Mides (Ample\/Fond\u00e0ria)<\/strong><\/td><td>310X340<\/td><\/tr><tr><td><strong>Al\u00e7ada total<\/strong><\/td><td>200<\/td><\/tr><tr><td><strong>Posici\u00f3<\/strong><\/td><td><\/td><\/tr><tr><td><strong>Cornisa<\/strong><\/td><td>85<\/td><\/tr><tr><td><strong>Afegits<\/strong><\/td><td><\/td><\/tr><tr><td><strong>Sostre<\/strong><\/td><td>Buit<\/td><\/tr><\/tbody><\/table><\/figure>\n<\/div>\n\n\n\n<div class=\"wp-block-column is-layout-flow wp-block-column-is-layout-flow\">\n<figure style=\"line-height:1\" class=\"wp-block-table\"><table class=\"has-fixed-layout\"><thead><tr><th>PORTAL<\/th><th><\/th><\/tr><\/thead><tbody><tr><td><strong>Orientaci\u00f3<\/strong><\/td><td>215\u00ba<\/td><\/tr><tr><td><strong>Al\u00e7ada<\/strong><\/td><td>105<\/td><\/tr><tr><td><strong>Ample<\/strong><\/td><td>55<\/td><\/tr><tr><td><strong>Gruix<\/strong><\/td><td>55<\/td><\/tr><\/tbody><\/table><\/figure>\n\n\n\n<figure style=\"line-height:1\" class=\"wp-block-table\"><table class=\"has-fixed-layout\"><thead><tr><th>LLINDA<\/th><th><\/th><\/tr><\/thead><tbody><tr><td><strong>Tipus<\/strong><\/td><td>Simple<\/td><\/tr><tr><td><strong>Mides (Ample\/Al\u00e7ada\/Fond\u00e0ria)<\/strong><\/td><td>120X30X30<\/td><\/tr><\/tbody><\/table><\/figure>\n\n\n\n<figure style=\"line-height:1\" class=\"wp-block-table\"><table class=\"has-fixed-layout\"><thead><tr><th>INTERIOR<\/th><th><\/th><\/tr><\/thead><tbody><tr><td><strong>Mides<\/strong> <strong>(Ample\/Fond\u00e0ria)<\/strong><\/td><td>190X190<\/td><\/tr><tr><td><strong>Bloc superior<\/strong><\/td><td><\/td><\/tr><tr><td><strong>Al\u00e7ada central<\/strong><\/td><td>170<\/td><\/tr><tr><td><strong>Cocons<\/strong><\/td><td>1<\/td><\/tr><tr><td><strong>Forn\u00edcules<\/strong><\/td><td>1<\/td><\/tr><tr><td><strong>Espitlleres<\/strong><\/td><td><\/td><\/tr><tr><td><strong>Restes foc<\/strong><\/td><td><\/td><\/tr><tr><td><strong>Contingut<\/strong><\/td><td><\/td><\/tr><\/tbody><\/table><\/figure>\n<\/div>\n\n\n\n<div class=\"wp-block-column is-layout-flow wp-block-column-is-layout-flow\">\n<figure class=\"wp-block-image aligncenter size-full\"><img fetchpriority=\"high\" decoding=\"async\" width=\"800\" height=\"450\" src=\"http:\/\/blocs.xarxanet.org\/barraques-subirats\/files\/2025\/06\/E27-1.jpg\" alt=\"\" class=\"wp-image-2096\" srcset=\"https:\/\/blocs.xarxanet.org\/barraques-subirats\/files\/2025\/06\/E27-1.jpg 800w, https:\/\/blocs.xarxanet.org\/barraques-subirats\/files\/2025\/06\/E27-1-300x169.jpg 300w, https:\/\/blocs.xarxanet.org\/barraques-subirats\/files\/2025\/06\/E27-1-768x432.jpg 768w\" sizes=\"(max-width: 800px) 100vw, 800px\" \/><figcaption class=\"wp-element-caption\">E27<\/figcaption><\/figure>\n\n\n\n<figure style=\"line-height:1\" class=\"wp-block-table\"><table class=\"has-fixed-layout\"><tbody><tr><td><strong>ESTAT<\/strong><\/td><td>Regular<\/td><\/tr><tr><td><strong>DANYS<\/strong><\/td><td>Centre de la coberta caigut<\/td><\/tr><tr><td><strong>GRAVATS<\/strong><\/td><td><\/td><\/tr><tr><td><strong>OBSERVACIONS<\/strong><\/td><td><\/td><\/tr><tr><td><strong>CODI WIKIPEDRA<\/strong><\/td><td>18217<\/td><\/tr><\/tbody><\/table><\/figure>\n<\/div>\n<\/div>\n","protected":false},"excerpt":{"rendered":"<p>E27 SECTOR I N\u00ba&nbsp;&nbsp;&nbsp; &nbsp;&nbsp;&nbsp; &nbsp;&nbsp;&nbsp; &nbsp;&nbsp;&nbsp; &nbsp;&nbsp;&nbsp; E 27 NOM POPULAR LOCALITZACI\u00d3 Oest pista del Maset a Can Mart\u00ed Vell COORDENADES UTM ETRS89 31 T X 403705 Y 4584723 COTA 465 Mapa 1:5.000 420-1-5 Ordal EXTERIOR Forma Rodona Mides (Ample\/Fond\u00e0ria) 310X340 Al\u00e7ada total 200 Posici\u00f3 Cornisa 85 Afegits Sostre Buit PORTAL Orientaci\u00f3 215\u00ba Al\u00e7ada [&hellip;]<\/p>\n","protected":false},"author":500,"featured_media":2096,"parent":0,"menu_order":0,"comment_status":"closed","ping_status":"closed","template":"wp-custom-template-p-e1","meta":{"footnotes":""},"class_list":["post-2196","page","type-page","status-publish","has-post-thumbnail","hentry"],"_links":{"self":[{"href":"https:\/\/blocs.xarxanet.org\/barraques-subirats\/wp-json\/wp\/v2\/pages\/2196","targetHints":{"allow":["GET"]}}],"collection":[{"href":"https:\/\/blocs.xarxanet.org\/barraques-subirats\/wp-json\/wp\/v2\/pages"}],"about":[{"href":"https:\/\/blocs.xarxanet.org\/barraques-subirats\/wp-json\/wp\/v2\/types\/page"}],"author":[{"embeddable":true,"href":"https:\/\/blocs.xarxanet.org\/barraques-subirats\/wp-json\/wp\/v2\/users\/500"}],"replies":[{"embeddable":true,"href":"https:\/\/blocs.xarxanet.org\/barraques-subirats\/wp-json\/wp\/v2\/comments?post=2196"}],"version-history":[{"count":4,"href":"https:\/\/blocs.xarxanet.org\/barraques-subirats\/wp-json\/wp\/v2\/pages\/2196\/revisions"}],"predecessor-version":[{"id":3575,"href":"https:\/\/blocs.xarxanet.org\/barraques-subirats\/wp-json\/wp\/v2\/pages\/2196\/revisions\/3575"}],"wp:featuredmedia":[{"embeddable":true,"href":"https:\/\/blocs.xarxanet.org\/barraques-subirats\/wp-json\/wp\/v2\/media\/2096"}],"wp:attachment":[{"href":"https:\/\/blocs.xarxanet.org\/barraques-subirats\/wp-json\/wp\/v2\/media?parent=2196"}],"curies":[{"name":"wp","href":"https:\/\/api.w.org\/{rel}","templated":true}]}}