{"id":2180,"date":"2025-06-29T11:39:03","date_gmt":"2025-06-29T09:39:03","guid":{"rendered":"https:\/\/blocs.xarxanet.org\/barraques-subirats\/?page_id=2180"},"modified":"2025-09-25T12:56:08","modified_gmt":"2025-09-25T10:56:08","slug":"b-e22","status":"publish","type":"page","link":"https:\/\/blocs.xarxanet.org\/barraques-subirats\/b-e22\/","title":{"rendered":"B-E22"},"content":{"rendered":"\n<div class=\"wp-block-columns is-layout-flex wp-container-core-columns-is-layout-28f84493 wp-block-columns-is-layout-flex\">\n<div class=\"wp-block-column is-layout-flow wp-block-column-is-layout-flow\">\n<figure style=\"line-height:1\" class=\"wp-block-table\"><table class=\"has-fixed-layout\"><thead><tr><th>E22<\/th><th><\/th><\/tr><\/thead><tbody><tr><td><strong>SECTOR I N\u00ba&nbsp;&nbsp;&nbsp; &nbsp;&nbsp;&nbsp; &nbsp;&nbsp;&nbsp; &nbsp;&nbsp;&nbsp; &nbsp;&nbsp;&nbsp;<\/strong><\/td><td>E 22<\/td><\/tr><tr><td><strong>NOM POPULAR<\/strong><\/td><td>De Cal Gulart<\/td><\/tr><tr><td><strong>LOCALITZACI\u00d3<\/strong><\/td><td>Sobre cementiri<\/td><\/tr><\/tbody><\/table><\/figure>\n\n\n\n<figure style=\"line-height:1\" class=\"wp-block-table\"><table class=\"has-fixed-layout\"><thead><tr><th>COORDENADES UTM ETRS89 31 T<\/th><th><\/th><\/tr><\/thead><tbody><tr><td><strong>X <\/strong><\/td><td>402389<\/td><\/tr><tr><td><strong>Y<\/strong><\/td><td>4583236<\/td><\/tr><tr><td><strong>COTA<\/strong><\/td><td>398<\/td><\/tr><tr><td><strong>Mapa 1:5.000<\/strong><\/td><td>420-1-6 Can Revella<\/td><\/tr><\/tbody><\/table><\/figure>\n\n\n\n<figure style=\"line-height:1\" class=\"wp-block-table\"><table class=\"has-fixed-layout\"><thead><tr><th>EXTERIOR<\/th><th><\/th><\/tr><\/thead><tbody><tr><td><strong>Forma<\/strong><\/td><td>Rodona<\/td><\/tr><tr><td><strong>Mides (Ample\/Fond\u00e0ria)<\/strong><\/td><td>350X340<\/td><\/tr><tr><td><strong>Al\u00e7ada total<\/strong><\/td><td>220<\/td><\/tr><tr><td><strong>Posici\u00f3<\/strong><\/td><td><\/td><\/tr><tr><td><strong>Cornisa<\/strong><\/td><td>78<\/td><\/tr><tr><td><strong>Afegits<\/strong><\/td><td>Petit marge est<\/td><\/tr><tr><td><strong>Sostre<\/strong><\/td><td><\/td><\/tr><\/tbody><\/table><\/figure>\n<\/div>\n\n\n\n<div class=\"wp-block-column is-layout-flow wp-block-column-is-layout-flow\">\n<figure style=\"line-height:1\" class=\"wp-block-table\"><table class=\"has-fixed-layout\"><thead><tr><th>PORTAL<\/th><th><\/th><\/tr><\/thead><tbody><tr><td><strong>Orientaci\u00f3<\/strong><\/td><td>150\u00ba<\/td><\/tr><tr><td><strong>Al\u00e7ada<\/strong><\/td><td>107<\/td><\/tr><tr><td><strong>Ample<\/strong><\/td><td>50<\/td><\/tr><tr><td><strong>Gruix<\/strong><\/td><td>75<\/td><\/tr><\/tbody><\/table><\/figure>\n\n\n\n<figure style=\"line-height:1\" class=\"wp-block-table\"><table class=\"has-fixed-layout\"><thead><tr><th>LLINDA<\/th><th><\/th><\/tr><\/thead><tbody><tr><td><strong>Tipus<\/strong><\/td><td>Simple<\/td><\/tr><tr><td><strong>Mides (Ample\/Al\u00e7ada\/Fond\u00e0ria)<\/strong><\/td><td>78X25X32<\/td><\/tr><\/tbody><\/table><\/figure>\n\n\n\n<figure style=\"line-height:1\" class=\"wp-block-table\"><table class=\"has-fixed-layout\"><thead><tr><th>INTERIOR<\/th><th><\/th><\/tr><\/thead><tbody><tr><td><strong>Mides<\/strong> <strong>(Ample\/Fond\u00e0ria)<\/strong><\/td><td>180X200<\/td><\/tr><tr><td><strong>Bloc superior<\/strong><\/td><td><\/td><\/tr><tr><td><strong>Al\u00e7ada central<\/strong><\/td><td>185<\/td><\/tr><tr><td><strong>Cocons<\/strong><\/td><td>1<\/td><\/tr><tr><td><strong>Forn\u00edcules<\/strong><\/td><td>1<\/td><\/tr><tr><td><strong>Espitlleres<\/strong><\/td><td><\/td><\/tr><tr><td><strong>Restes foc<\/strong><\/td><td><\/td><\/tr><tr><td><strong>Contingut<\/strong><\/td><td><\/td><\/tr><\/tbody><\/table><\/figure>\n<\/div>\n\n\n\n<div class=\"wp-block-column is-layout-flow wp-block-column-is-layout-flow\">\n<figure class=\"wp-block-image aligncenter size-full\"><img fetchpriority=\"high\" decoding=\"async\" width=\"800\" height=\"450\" src=\"http:\/\/blocs.xarxanet.org\/barraques-subirats\/files\/2025\/06\/E22-1.jpg\" alt=\"\" class=\"wp-image-2091\" srcset=\"https:\/\/blocs.xarxanet.org\/barraques-subirats\/files\/2025\/06\/E22-1.jpg 800w, https:\/\/blocs.xarxanet.org\/barraques-subirats\/files\/2025\/06\/E22-1-300x169.jpg 300w, https:\/\/blocs.xarxanet.org\/barraques-subirats\/files\/2025\/06\/E22-1-768x432.jpg 768w\" sizes=\"(max-width: 800px) 100vw, 800px\" \/><figcaption class=\"wp-element-caption\">E22<\/figcaption><\/figure>\n\n\n\n<figure style=\"line-height:1\" class=\"wp-block-table\"><table class=\"has-fixed-layout\"><tbody><tr><td><strong>ESTAT<\/strong><\/td><td>Bo<\/td><\/tr><tr><td><strong>DANYS<\/strong><\/td><td><\/td><\/tr><tr><td><strong>GRAVATS<\/strong><\/td><td>1883 Sobre la llinda<\/td><\/tr><tr><td><strong>OBSERVACIONS<\/strong><\/td><td>Reconstru\u00efda Febrer 2024<\/td><\/tr><tr><td><strong>CODI WIKIPEDRA<\/strong><\/td><td>29171<\/td><\/tr><\/tbody><\/table><\/figure>\n<\/div>\n<\/div>\n","protected":false},"excerpt":{"rendered":"<p>E22 SECTOR I N\u00ba&nbsp;&nbsp;&nbsp; &nbsp;&nbsp;&nbsp; &nbsp;&nbsp;&nbsp; &nbsp;&nbsp;&nbsp; &nbsp;&nbsp;&nbsp; E 22 NOM POPULAR De Cal Gulart LOCALITZACI\u00d3 Sobre cementiri COORDENADES UTM ETRS89 31 T X 402389 Y 4583236 COTA 398 Mapa 1:5.000 420-1-6 Can Revella EXTERIOR Forma Rodona Mides (Ample\/Fond\u00e0ria) 350X340 Al\u00e7ada total 220 Posici\u00f3 Cornisa 78 Afegits Petit marge est Sostre PORTAL Orientaci\u00f3 150\u00ba Al\u00e7ada [&hellip;]<\/p>\n","protected":false},"author":500,"featured_media":2091,"parent":0,"menu_order":0,"comment_status":"closed","ping_status":"closed","template":"wp-custom-template-p-e1","meta":{"footnotes":""},"class_list":["post-2180","page","type-page","status-publish","has-post-thumbnail","hentry"],"_links":{"self":[{"href":"https:\/\/blocs.xarxanet.org\/barraques-subirats\/wp-json\/wp\/v2\/pages\/2180","targetHints":{"allow":["GET"]}}],"collection":[{"href":"https:\/\/blocs.xarxanet.org\/barraques-subirats\/wp-json\/wp\/v2\/pages"}],"about":[{"href":"https:\/\/blocs.xarxanet.org\/barraques-subirats\/wp-json\/wp\/v2\/types\/page"}],"author":[{"embeddable":true,"href":"https:\/\/blocs.xarxanet.org\/barraques-subirats\/wp-json\/wp\/v2\/users\/500"}],"replies":[{"embeddable":true,"href":"https:\/\/blocs.xarxanet.org\/barraques-subirats\/wp-json\/wp\/v2\/comments?post=2180"}],"version-history":[{"count":4,"href":"https:\/\/blocs.xarxanet.org\/barraques-subirats\/wp-json\/wp\/v2\/pages\/2180\/revisions"}],"predecessor-version":[{"id":3580,"href":"https:\/\/blocs.xarxanet.org\/barraques-subirats\/wp-json\/wp\/v2\/pages\/2180\/revisions\/3580"}],"wp:featuredmedia":[{"embeddable":true,"href":"https:\/\/blocs.xarxanet.org\/barraques-subirats\/wp-json\/wp\/v2\/media\/2091"}],"wp:attachment":[{"href":"https:\/\/blocs.xarxanet.org\/barraques-subirats\/wp-json\/wp\/v2\/media?parent=2180"}],"curies":[{"name":"wp","href":"https:\/\/api.w.org\/{rel}","templated":true}]}}