{"id":2158,"date":"2025-06-29T10:01:08","date_gmt":"2025-06-29T08:01:08","guid":{"rendered":"https:\/\/blocs.xarxanet.org\/barraques-subirats\/?page_id=2158"},"modified":"2025-09-25T15:43:34","modified_gmt":"2025-09-25T13:43:34","slug":"b-c25","status":"publish","type":"page","link":"https:\/\/blocs.xarxanet.org\/barraques-subirats\/b-c25\/","title":{"rendered":"B-C25"},"content":{"rendered":"\n<div class=\"wp-block-columns is-layout-flex wp-container-core-columns-is-layout-28f84493 wp-block-columns-is-layout-flex\">\n<div class=\"wp-block-column is-layout-flow wp-block-column-is-layout-flow\">\n<figure style=\"line-height:1\" class=\"wp-block-table\"><table class=\"has-fixed-layout\"><thead><tr><th>C25<\/th><th><\/th><\/tr><\/thead><tbody><tr><td><strong>SECTOR I N\u00ba&nbsp;&nbsp;&nbsp; &nbsp;&nbsp;&nbsp; &nbsp;&nbsp;&nbsp; &nbsp;&nbsp;&nbsp; &nbsp;&nbsp;&nbsp;<\/strong><\/td><td>C 25<\/td><\/tr><tr><td><strong>NOM POPULAR<\/strong><\/td><td>Barraca de les vinyes de Cal Puente<\/td><\/tr><tr><td><strong>LOCALITZACI\u00d3<\/strong><\/td><td>Vinyes Cal Puente, El Pago<\/td><\/tr><\/tbody><\/table><\/figure>\n\n\n\n<figure style=\"line-height:1\" class=\"wp-block-table\"><table class=\"has-fixed-layout\"><thead><tr><th>COORDENADES UTM ETRS89 31 T<\/th><th><\/th><\/tr><\/thead><tbody><tr><td><strong>X <\/strong><\/td><td>401262<\/td><\/tr><tr><td><strong>Y<\/strong><\/td><td>4582928<\/td><\/tr><tr><td><strong>COTA<\/strong><\/td><td>386<\/td><\/tr><tr><td><strong>Mapa 1:5.000<\/strong><\/td><td>420-1-6 Can Revella<\/td><\/tr><\/tbody><\/table><\/figure>\n\n\n\n<figure style=\"line-height:1\" class=\"wp-block-table\"><table class=\"has-fixed-layout\"><thead><tr><th>EXTERIOR<\/th><th><\/th><\/tr><\/thead><tbody><tr><td><strong>Forma<\/strong><\/td><td>Rodona<\/td><\/tr><tr><td><strong>Mides (Ample\/Fond\u00e0ria)<\/strong><\/td><td>340X370<\/td><\/tr><tr><td><strong>Al\u00e7ada total<\/strong><\/td><td>225<\/td><\/tr><tr><td><strong>Posici\u00f3<\/strong><\/td><td><\/td><\/tr><tr><td><strong>Cornisa<\/strong><\/td><td>90<\/td><\/tr><tr><td><strong>Afegits<\/strong><\/td><td><\/td><\/tr><tr><td><strong>Sostre<\/strong><\/td><td>Terra i Herbes<\/td><\/tr><\/tbody><\/table><\/figure>\n<\/div>\n\n\n\n<div class=\"wp-block-column is-layout-flow wp-block-column-is-layout-flow\">\n<figure style=\"line-height:1\" class=\"wp-block-table\"><table class=\"has-fixed-layout\"><thead><tr><th>PORTAL<\/th><th><\/th><\/tr><\/thead><tbody><tr><td><strong>Orientaci\u00f3<\/strong><\/td><td>140\u00ba<\/td><\/tr><tr><td><strong>Al\u00e7ada<\/strong><\/td><td>95<\/td><\/tr><tr><td><strong>Ample<\/strong><\/td><td>47<\/td><\/tr><tr><td><strong>Gruix<\/strong><\/td><td>80<\/td><\/tr><\/tbody><\/table><\/figure>\n\n\n\n<figure style=\"line-height:1\" class=\"wp-block-table\"><table class=\"has-fixed-layout\"><thead><tr><th>LLINDA<\/th><th><\/th><\/tr><\/thead><tbody><tr><td><strong>Tipus<\/strong><\/td><td>Simple<\/td><\/tr><tr><td><strong>Mides (Ample\/Al\u00e7ada\/Fond\u00e0ria)<\/strong><\/td><td>72X22X35<\/td><\/tr><\/tbody><\/table><\/figure>\n\n\n\n<figure style=\"line-height:1\" class=\"wp-block-table\"><table class=\"has-fixed-layout\"><thead><tr><th>INTERIOR<\/th><th><\/th><\/tr><\/thead><tbody><tr><td><strong>Mides<\/strong> <strong>(Ample\/Fond\u00e0ria)<\/strong><\/td><td>210X220<\/td><\/tr><tr><td><strong>Bloc superior<\/strong><\/td><td><\/td><\/tr><tr><td><strong>Al\u00e7ada central<\/strong><\/td><td>200<\/td><\/tr><tr><td><strong>Cocons<\/strong><\/td><td>2<\/td><\/tr><tr><td><strong>Forn\u00edcules<\/strong><\/td><td>2<\/td><\/tr><tr><td><strong>Espitlleres<\/strong><\/td><td>1<\/td><\/tr><tr><td><strong>Restes foc<\/strong><\/td><td><\/td><\/tr><tr><td><strong>Contingut<\/strong><\/td><td><\/td><\/tr><\/tbody><\/table><\/figure>\n<\/div>\n\n\n\n<div class=\"wp-block-column is-layout-flow wp-block-column-is-layout-flow\">\n<figure class=\"wp-block-image aligncenter size-full\"><img fetchpriority=\"high\" decoding=\"async\" width=\"800\" height=\"450\" src=\"http:\/\/blocs.xarxanet.org\/barraques-subirats\/files\/2025\/06\/C25-1.jpg\" alt=\"\" class=\"wp-image-2085\" srcset=\"https:\/\/blocs.xarxanet.org\/barraques-subirats\/files\/2025\/06\/C25-1.jpg 800w, https:\/\/blocs.xarxanet.org\/barraques-subirats\/files\/2025\/06\/C25-1-300x169.jpg 300w, https:\/\/blocs.xarxanet.org\/barraques-subirats\/files\/2025\/06\/C25-1-768x432.jpg 768w\" sizes=\"(max-width: 800px) 100vw, 800px\" \/><figcaption class=\"wp-element-caption\">C25<\/figcaption><\/figure>\n\n\n\n<figure style=\"line-height:1\" class=\"wp-block-table\"><table class=\"has-fixed-layout\"><tbody><tr><td><strong>ESTAT<\/strong><\/td><td>Bo<\/td><\/tr><tr><td><strong>DANYS<\/strong><\/td><td><\/td><\/tr><tr><td><strong>GRAVATS<\/strong><\/td><td>1822 en un bloc sota l&#8217;espitllera<\/td><\/tr><tr><td><strong>OBSERVACIONS<\/strong><\/td><td><\/td><\/tr><tr><td><strong>CODI WIKIPEDRA<\/strong><\/td><td>29063<\/td><\/tr><\/tbody><\/table><\/figure>\n<\/div>\n<\/div>\n","protected":false},"excerpt":{"rendered":"<p>C25 SECTOR I N\u00ba&nbsp;&nbsp;&nbsp; &nbsp;&nbsp;&nbsp; &nbsp;&nbsp;&nbsp; &nbsp;&nbsp;&nbsp; &nbsp;&nbsp;&nbsp; C 25 NOM POPULAR Barraca de les vinyes de Cal Puente LOCALITZACI\u00d3 Vinyes Cal Puente, El Pago COORDENADES UTM ETRS89 31 T X 401262 Y 4582928 COTA 386 Mapa 1:5.000 420-1-6 Can Revella EXTERIOR Forma Rodona Mides (Ample\/Fond\u00e0ria) 340X370 Al\u00e7ada total 225 Posici\u00f3 Cornisa 90 Afegits Sostre [&hellip;]<\/p>\n","protected":false},"author":500,"featured_media":2085,"parent":0,"menu_order":0,"comment_status":"closed","ping_status":"closed","template":"wp-custom-template-p-c1","meta":{"footnotes":""},"class_list":["post-2158","page","type-page","status-publish","has-post-thumbnail","hentry"],"_links":{"self":[{"href":"https:\/\/blocs.xarxanet.org\/barraques-subirats\/wp-json\/wp\/v2\/pages\/2158","targetHints":{"allow":["GET"]}}],"collection":[{"href":"https:\/\/blocs.xarxanet.org\/barraques-subirats\/wp-json\/wp\/v2\/pages"}],"about":[{"href":"https:\/\/blocs.xarxanet.org\/barraques-subirats\/wp-json\/wp\/v2\/types\/page"}],"author":[{"embeddable":true,"href":"https:\/\/blocs.xarxanet.org\/barraques-subirats\/wp-json\/wp\/v2\/users\/500"}],"replies":[{"embeddable":true,"href":"https:\/\/blocs.xarxanet.org\/barraques-subirats\/wp-json\/wp\/v2\/comments?post=2158"}],"version-history":[{"count":4,"href":"https:\/\/blocs.xarxanet.org\/barraques-subirats\/wp-json\/wp\/v2\/pages\/2158\/revisions"}],"predecessor-version":[{"id":3620,"href":"https:\/\/blocs.xarxanet.org\/barraques-subirats\/wp-json\/wp\/v2\/pages\/2158\/revisions\/3620"}],"wp:featuredmedia":[{"embeddable":true,"href":"https:\/\/blocs.xarxanet.org\/barraques-subirats\/wp-json\/wp\/v2\/media\/2085"}],"wp:attachment":[{"href":"https:\/\/blocs.xarxanet.org\/barraques-subirats\/wp-json\/wp\/v2\/media?parent=2158"}],"curies":[{"name":"wp","href":"https:\/\/api.w.org\/{rel}","templated":true}]}}